{"id":1162,"date":"2017-11-16T11:50:08","date_gmt":"2017-11-16T10:50:08","guid":{"rendered":"http:\/\/www.biso.fr\/?page_id=1162"},"modified":"2023-06-19T15:58:22","modified_gmt":"2023-06-19T13:58:22","slug":"alphadry","status":"publish","type":"page","link":"https:\/\/www.biso-aquitaine.fr\/index.php\/alphadry\/","title":{"rendered":"ALPHADRY"},"content":{"rendered":"\t\t<div data-elementor-type=\"wp-post\" data-elementor-id=\"1162\" class=\"elementor elementor-1162\">\n\t\t\t\t\t\t<section class=\"elementor-section elementor-top-section elementor-element elementor-element-354744f4 elementor-section-boxed elementor-section-height-default elementor-section-height-default\" data-id=\"354744f4\" data-element_type=\"section\">\n\t\t\t\t\t\t<div class=\"elementor-container elementor-column-gap-default\">\n\t\t\t\t\t<div class=\"elementor-column elementor-col-100 elementor-top-column elementor-element elementor-element-308492d1\" data-id=\"308492d1\" data-element_type=\"column\">\n\t\t\t<div class=\"elementor-widget-wrap elementor-element-populated\">\n\t\t\t\t\t\t<div class=\"elementor-element elementor-element-958b8bb elementor-widget elementor-widget-image\" data-id=\"958b8bb\" data-element_type=\"widget\" data-widget_type=\"image.default\">\n\t\t\t\t<div class=\"elementor-widget-container\">\n\t\t\t\t\t\t\t\t\t\t\t\t\t\t\t<img decoding=\"async\" width=\"265\" height=\"90\" src=\"https:\/\/www.biso-aquitaine.fr\/wp-content\/uploads\/2017\/11\/jvd.jepg_.png\" class=\"attachment-large size-large wp-image-1147\" alt=\"logo-jvd-distributeur-apfn hygi\u00e8ne\" \/>\t\t\t\t\t\t\t\t\t\t\t\t\t\t\t<\/div>\n\t\t\t\t<\/div>\n\t\t\t\t<div class=\"elementor-element elementor-element-6c88f05 elementor-widget elementor-widget-spacer\" data-id=\"6c88f05\" data-element_type=\"widget\" data-widget_type=\"spacer.default\">\n\t\t\t\t<div class=\"elementor-widget-container\">\n\t\t\t\t\t\t\t<div class=\"elementor-spacer\">\n\t\t\t<div class=\"elementor-spacer-inner\"><\/div>\n\t\t<\/div>\n\t\t\t\t\t\t<\/div>\n\t\t\t\t<\/div>\n\t\t\t\t<div class=\"elementor-element elementor-element-844dddf elementor-widget elementor-widget-heading\" data-id=\"844dddf\" data-element_type=\"widget\" data-widget_type=\"heading.default\">\n\t\t\t\t<div class=\"elementor-widget-container\">\n\t\t\t\t\t<h2 class=\"elementor-heading-title elementor-size-default\">ALPHADRY : s\u00e8che-mains<\/h2>\t\t\t\t<\/div>\n\t\t\t\t<\/div>\n\t\t\t\t<div class=\"elementor-element elementor-element-4a9d621 elementor-widget elementor-widget-text-editor\" data-id=\"4a9d621\" data-element_type=\"widget\" data-widget_type=\"text-editor.default\">\n\t\t\t\t<div class=\"elementor-widget-container\">\n\t\t\t\t\t\t\t\t\t<p><span style=\"letter-spacing: 0.2px;\">ALPHADRY est un s\u00e8che-main \u00e0 air puls\u00e9. Un r\u00e9cup\u00e9rateur d&rsquo;eau est install\u00e9 afin de faciliter le nettoyage. Il poss\u00e8de 2 vitesses d&rsquo;air. Pour r\u00e9duire sa consommation \u00e9lectrique, il est possible de d\u00e9sactiver la r\u00e9sistance. Un \u00e9clairage bleut\u00e9 est situ\u00e9 sur la zone de s\u00e9chage.<\/span><\/p>\t\t\t\t\t\t\t\t<\/div>\n\t\t\t\t<\/div>\n\t\t\t\t\t<\/div>\n\t\t<\/div>\n\t\t\t\t\t<\/div>\n\t\t<\/section>\n\t\t\t\t<section class=\"elementor-section elementor-top-section elementor-element elementor-element-3ca42e6 elementor-section-boxed elementor-section-height-default elementor-section-height-default\" data-id=\"3ca42e6\" data-element_type=\"section\">\n\t\t\t\t\t\t<div class=\"elementor-container elementor-column-gap-default\">\n\t\t\t\t\t<div class=\"elementor-column elementor-col-50 elementor-top-column elementor-element elementor-element-96c72dd\" data-id=\"96c72dd\" data-element_type=\"column\">\n\t\t\t<div class=\"elementor-widget-wrap elementor-element-populated\">\n\t\t\t\t\t\t<div class=\"elementor-element elementor-element-e5f21c7 elementor-widget elementor-widget-spacer\" data-id=\"e5f21c7\" data-element_type=\"widget\" data-widget_type=\"spacer.default\">\n\t\t\t\t<div class=\"elementor-widget-container\">\n\t\t\t\t\t\t\t<div class=\"elementor-spacer\">\n\t\t\t<div class=\"elementor-spacer-inner\"><\/div>\n\t\t<\/div>\n\t\t\t\t\t\t<\/div>\n\t\t\t\t<\/div>\n\t\t\t\t<div class=\"elementor-element elementor-element-60c64d3 elementor-widget elementor-widget-image\" data-id=\"60c64d3\" data-element_type=\"widget\" data-widget_type=\"image.default\">\n\t\t\t\t<div class=\"elementor-widget-container\">\n\t\t\t\t\t\t\t\t\t\t\t\t\t\t\t<img fetchpriority=\"high\" decoding=\"async\" width=\"175\" height=\"289\" src=\"https:\/\/www.biso-aquitaine.fr\/wp-content\/uploads\/2017\/11\/t\u00e9l\u00e9chargement.jpg\" class=\"attachment-large size-large wp-image-1163\" alt=\"ALPHADRY - s\u00e8che-mains -jvd - distributeur - apfn hygi\u00e8ne\" \/>\t\t\t\t\t\t\t\t\t\t\t\t\t\t\t<\/div>\n\t\t\t\t<\/div>\n\t\t\t\t\t<\/div>\n\t\t<\/div>\n\t\t\t\t<div class=\"elementor-column elementor-col-50 elementor-top-column elementor-element elementor-element-fdf2ac6\" data-id=\"fdf2ac6\" data-element_type=\"column\">\n\t\t\t<div class=\"elementor-widget-wrap elementor-element-populated\">\n\t\t\t\t\t\t<div class=\"elementor-element elementor-element-385e368 elementor-widget elementor-widget-image\" data-id=\"385e368\" data-element_type=\"widget\" data-widget_type=\"image.default\">\n\t\t\t\t<div class=\"elementor-widget-container\">\n\t\t\t\t\t\t\t\t\t\t\t\t\t\t\t<img decoding=\"async\" width=\"271\" height=\"54\" src=\"https:\/\/www.biso-aquitaine.fr\/wp-content\/uploads\/2017\/11\/Capture.jpg\" class=\"attachment-large size-large wp-image-1148\" alt=\"EXP&#039;AIR-jvd-s\u00e8che-mains-distributeur-apfn hygi\u00e8ne\" \/>\t\t\t\t\t\t\t\t\t\t\t\t\t\t\t<\/div>\n\t\t\t\t<\/div>\n\t\t\t\t<div class=\"elementor-element elementor-element-51c5887 elementor-widget elementor-widget-text-editor\" data-id=\"51c5887\" data-element_type=\"widget\" data-widget_type=\"text-editor.default\">\n\t\t\t\t<div class=\"elementor-widget-container\">\n\t\t\t\t\t\t\t\t\t<ul><li>R\u00e9sistance : 1000 W prot\u00e9g\u00e9e contre les surchauffes et les surtensions<\/li><li>S\u00e9curit\u00e9 \u00e9lectronique en cas de dysfonctionnement<\/li><li>Filtre \u00e0 air HEPA accessible<\/li><li>La technologie \u00abBrushless\u00bb (sans balai) garantit la long\u00e9vit\u00e9 du moteur<\/li><li>GARANTIE 3 ANS<\/li><li>Soumis \u00e0 l\u2019\u00c9CO recyclage<\/li><\/ul>\t\t\t\t\t\t\t\t<\/div>\n\t\t\t\t<\/div>\n\t\t\t\t\t<\/div>\n\t\t<\/div>\n\t\t\t\t\t<\/div>\n\t\t<\/section>\n\t\t\t\t<section class=\"elementor-section elementor-top-section elementor-element elementor-element-74378a0 elementor-section-boxed elementor-section-height-default elementor-section-height-default\" data-id=\"74378a0\" data-element_type=\"section\">\n\t\t\t\t\t\t<div class=\"elementor-container elementor-column-gap-default\">\n\t\t\t\t\t<div class=\"elementor-column elementor-col-100 elementor-top-column elementor-element elementor-element-2b16422\" data-id=\"2b16422\" data-element_type=\"column\">\n\t\t\t<div class=\"elementor-widget-wrap elementor-element-populated\">\n\t\t\t\t\t\t<div class=\"elementor-element elementor-element-2d10191 elementor-widget elementor-widget-text-editor\" data-id=\"2d10191\" data-element_type=\"widget\" data-widget_type=\"text-editor.default\">\n\t\t\t\t<div class=\"elementor-widget-container\">\n\t\t\t\t\t\t\t\t\t<p>ALPHADRY existe en 2 colories : blanc et gris m\u00e9tal.<\/p>\t\t\t\t\t\t\t\t<\/div>\n\t\t\t\t<\/div>\n\t\t\t\t<div class=\"elementor-element elementor-element-664b951 elementor-widget elementor-widget-heading\" data-id=\"664b951\" data-element_type=\"widget\" data-widget_type=\"heading.default\">\n\t\t\t\t<div class=\"elementor-widget-container\">\n\t\t\t\t\t<h2 class=\"elementor-heading-title elementor-size-default\">Caract\u00e9ristiques techniques<\/h2>\t\t\t\t<\/div>\n\t\t\t\t<\/div>\n\t\t\t\t<div class=\"elementor-element elementor-element-676f73d elementor-widget elementor-widget-text-editor\" data-id=\"676f73d\" data-element_type=\"widget\" data-widget_type=\"text-editor.default\">\n\t\t\t\t<div class=\"elementor-widget-container\">\n\t\t\t\t\t\t\t\t\t<table width=\"787\"><tbody><tr><td width=\"203\">Alimentation<\/td><td width=\"191\">230 V &#8211; 50\/60 Hz<\/td><\/tr><tr><td>Puissance nominale<\/td><td>2050 W<\/td><\/tr><tr><td>Classe I<\/td><td>IP24 . IK10<\/td><\/tr><tr><td>Niveau sonore<\/td><td>78dBA<\/td><\/tr><tr><td>Capacit\u00e9 de r\u00e9servoir<\/td><td>800 ml<\/td><\/tr><tr><td>Temps de s\u00e9chage<\/td><td>10 \u00e0 15 secondes<\/td><\/tr><tr><td>Vitesse d&rsquo;air<\/td><td>300 \u00e0 350 km\/h<\/td><\/tr><\/tbody><\/table>\t\t\t\t\t\t\t\t<\/div>\n\t\t\t\t<\/div>\n\t\t\t\t\t<\/div>\n\t\t<\/div>\n\t\t\t\t\t<\/div>\n\t\t<\/section>\n\t\t\t\t<section class=\"elementor-section elementor-top-section elementor-element elementor-element-7f78b8a elementor-section-boxed elementor-section-height-default elementor-section-height-default\" data-id=\"7f78b8a\" data-element_type=\"section\">\n\t\t\t\t\t\t<div class=\"elementor-container elementor-column-gap-default\">\n\t\t\t\t\t<div class=\"elementor-column elementor-col-100 elementor-top-column elementor-element elementor-element-c62ae81\" data-id=\"c62ae81\" data-element_type=\"column\">\n\t\t\t<div class=\"elementor-widget-wrap elementor-element-populated\">\n\t\t\t\t\t\t<div class=\"elementor-element elementor-element-4b7b51f elementor-widget elementor-widget-heading\" data-id=\"4b7b51f\" data-element_type=\"widget\" data-widget_type=\"heading.default\">\n\t\t\t\t<div class=\"elementor-widget-container\">\n\t\t\t\t\t<h2 class=\"elementor-heading-title elementor-size-default\">Fiche produit<\/h2>\t\t\t\t<\/div>\n\t\t\t\t<\/div>\n\t\t\t\t<div class=\"elementor-element elementor-element-cbba75b elementor-widget elementor-widget-text-editor\" data-id=\"cbba75b\" data-element_type=\"widget\" data-widget_type=\"text-editor.default\">\n\t\t\t\t<div class=\"elementor-widget-container\">\n\t\t\t\t\t\t\t\t\t<p><a href=\"https:\/\/www.biso-aquitaine.fr\/wp-content\/uploads\/2017\/11\/ALPHADRY-Fiche-produit.pdf\">ALPHADRY &#8211; Fiche produit<\/a><\/p>\t\t\t\t\t\t\t\t<\/div>\n\t\t\t\t<\/div>\n\t\t\t\t\t<\/div>\n\t\t<\/div>\n\t\t\t\t\t<\/div>\n\t\t<\/section>\n\t\t\t\t<\/div>\n\t\t","protected":false},"excerpt":{"rendered":"<div class=\"slide-text-bg2\"><span>ALPHADRY : s\u00e8che-mains ALPHADRY est un s\u00e8che-main \u00e0 air puls\u00e9. Un r\u00e9cup\u00e9rateur d&rsquo;eau est install\u00e9 afin de faciliter le nettoyage. Il poss\u00e8de <\/span><\/div>\n<div class=\"slide-btn-area-sm\"><a href=\"https:\/\/www.biso-aquitaine.fr\/index.php\/alphadry\/\" class=\"slide-btn-sm\">Lire la suite<\/a><\/div>\n","protected":false},"author":2,"featured_media":0,"parent":0,"menu_order":0,"comment_status":"closed","ping_status":"closed","template":"","meta":{"footnotes":""},"class_list":["post-1162","page","type-page","status-publish","hentry"],"yoast_head":"<!-- This site is optimized with the Yoast SEO plugin v26.8 - https:\/\/yoast.com\/product\/yoast-seo-wordpress\/ -->\n<title>ALPHADRY - s\u00e8che-mains - JVD - distributeur - apfn hygi\u00e8ne<\/title>\n<meta name=\"description\" content=\"ALPHADRY est un s\u00e8che-main \u00e0 air puls\u00e9. Il poss\u00e8de 2 vitesses d&#039;air. Pour r\u00e9duire sa consommation \u00e9lectrique, il est possible de d\u00e9sactiver la r\u00e9sistance.\" \/>\n<meta name=\"robots\" content=\"index, follow, max-snippet:-1, max-image-preview:large, max-video-preview:-1\" \/>\n<link rel=\"canonical\" href=\"https:\/\/www.biso-aquitaine.fr\/index.php\/alphadry\/\" \/>\n<meta property=\"og:locale\" content=\"fr_FR\" \/>\n<meta property=\"og:type\" content=\"article\" \/>\n<meta property=\"og:title\" content=\"ALPHADRY - s\u00e8che-mains - JVD - distributeur - apfn hygi\u00e8ne\" \/>\n<meta property=\"og:description\" content=\"ALPHADRY est un s\u00e8che-main \u00e0 air puls\u00e9. Il poss\u00e8de 2 vitesses d&#039;air. Pour r\u00e9duire sa consommation \u00e9lectrique, il est possible de d\u00e9sactiver la r\u00e9sistance.\" \/>\n<meta property=\"og:url\" content=\"https:\/\/www.biso-aquitaine.fr\/index.php\/alphadry\/\" \/>\n<meta property=\"article:publisher\" content=\"https:\/\/www.facebook.com\/apfn-hygi%c3%a8ne-145838925596381\/?ref=bookmarks\" \/>\n<meta property=\"article:modified_time\" content=\"2023-06-19T13:58:22+00:00\" \/>\n<meta property=\"og:image\" content=\"https:\/\/www.biso-aquitaine.fr\/wp-content\/uploads\/2017\/11\/jvd.jepg_.png\" \/>\n<meta name=\"twitter:card\" content=\"summary_large_image\" \/>\n<meta name=\"twitter:label1\" content=\"Dur\u00e9e de lecture estim\u00e9e\" \/>\n\t<meta name=\"twitter:data1\" content=\"2 minutes\" \/>\n<script type=\"application\/ld+json\" class=\"yoast-schema-graph\">{\"@context\":\"https:\/\/schema.org\",\"@graph\":[{\"@type\":\"WebPage\",\"@id\":\"https:\/\/www.biso-aquitaine.fr\/index.php\/alphadry\/\",\"url\":\"https:\/\/www.biso-aquitaine.fr\/index.php\/alphadry\/\",\"name\":\"ALPHADRY - s\u00e8che-mains - JVD - distributeur - apfn hygi\u00e8ne\",\"isPartOf\":{\"@id\":\"https:\/\/www.biso-aquitaine.fr\/#website\"},\"primaryImageOfPage\":{\"@id\":\"https:\/\/www.biso-aquitaine.fr\/index.php\/alphadry\/#primaryimage\"},\"image\":{\"@id\":\"https:\/\/www.biso-aquitaine.fr\/index.php\/alphadry\/#primaryimage\"},\"thumbnailUrl\":\"https:\/\/www.biso-aquitaine.fr\/wp-content\/uploads\/2017\/11\/jvd.jepg_.png\",\"datePublished\":\"2017-11-16T10:50:08+00:00\",\"dateModified\":\"2023-06-19T13:58:22+00:00\",\"description\":\"ALPHADRY est un s\u00e8che-main \u00e0 air puls\u00e9. Il poss\u00e8de 2 vitesses d'air. Pour r\u00e9duire sa consommation \u00e9lectrique, il est possible de d\u00e9sactiver la r\u00e9sistance.\",\"inLanguage\":\"fr-FR\",\"potentialAction\":[{\"@type\":\"ReadAction\",\"target\":[\"https:\/\/www.biso-aquitaine.fr\/index.php\/alphadry\/\"]}]},{\"@type\":\"ImageObject\",\"inLanguage\":\"fr-FR\",\"@id\":\"https:\/\/www.biso-aquitaine.fr\/index.php\/alphadry\/#primaryimage\",\"url\":\"https:\/\/www.biso-aquitaine.fr\/wp-content\/uploads\/2017\/11\/jvd.jepg_.png\",\"contentUrl\":\"https:\/\/www.biso-aquitaine.fr\/wp-content\/uploads\/2017\/11\/jvd.jepg_.png\",\"width\":265,\"height\":90,\"caption\":\"logo-jvd-distributeur-apfn hygi\u00e8ne\"},{\"@type\":\"WebSite\",\"@id\":\"https:\/\/www.biso-aquitaine.fr\/#website\",\"url\":\"https:\/\/www.biso-aquitaine.fr\/\",\"name\":\"\",\"description\":\"\",\"potentialAction\":[{\"@type\":\"SearchAction\",\"target\":{\"@type\":\"EntryPoint\",\"urlTemplate\":\"https:\/\/www.biso-aquitaine.fr\/?s={search_term_string}\"},\"query-input\":{\"@type\":\"PropertyValueSpecification\",\"valueRequired\":true,\"valueName\":\"search_term_string\"}}],\"inLanguage\":\"fr-FR\"}]}<\/script>\n<!-- \/ Yoast SEO plugin. -->","yoast_head_json":{"title":"ALPHADRY - s\u00e8che-mains - JVD - distributeur - apfn hygi\u00e8ne","description":"ALPHADRY est un s\u00e8che-main \u00e0 air puls\u00e9. Il poss\u00e8de 2 vitesses d'air. Pour r\u00e9duire sa consommation \u00e9lectrique, il est possible de d\u00e9sactiver la r\u00e9sistance.","robots":{"index":"index","follow":"follow","max-snippet":"max-snippet:-1","max-image-preview":"max-image-preview:large","max-video-preview":"max-video-preview:-1"},"canonical":"https:\/\/www.biso-aquitaine.fr\/index.php\/alphadry\/","og_locale":"fr_FR","og_type":"article","og_title":"ALPHADRY - s\u00e8che-mains - JVD - distributeur - apfn hygi\u00e8ne","og_description":"ALPHADRY est un s\u00e8che-main \u00e0 air puls\u00e9. Il poss\u00e8de 2 vitesses d'air. Pour r\u00e9duire sa consommation \u00e9lectrique, il est possible de d\u00e9sactiver la r\u00e9sistance.","og_url":"https:\/\/www.biso-aquitaine.fr\/index.php\/alphadry\/","article_publisher":"https:\/\/www.facebook.com\/apfn-hygi%c3%a8ne-145838925596381\/?ref=bookmarks","article_modified_time":"2023-06-19T13:58:22+00:00","og_image":[{"url":"https:\/\/www.biso-aquitaine.fr\/wp-content\/uploads\/2017\/11\/jvd.jepg_.png","type":"","width":"","height":""}],"twitter_card":"summary_large_image","twitter_misc":{"Dur\u00e9e de lecture estim\u00e9e":"2 minutes"},"schema":{"@context":"https:\/\/schema.org","@graph":[{"@type":"WebPage","@id":"https:\/\/www.biso-aquitaine.fr\/index.php\/alphadry\/","url":"https:\/\/www.biso-aquitaine.fr\/index.php\/alphadry\/","name":"ALPHADRY - s\u00e8che-mains - JVD - distributeur - apfn hygi\u00e8ne","isPartOf":{"@id":"https:\/\/www.biso-aquitaine.fr\/#website"},"primaryImageOfPage":{"@id":"https:\/\/www.biso-aquitaine.fr\/index.php\/alphadry\/#primaryimage"},"image":{"@id":"https:\/\/www.biso-aquitaine.fr\/index.php\/alphadry\/#primaryimage"},"thumbnailUrl":"https:\/\/www.biso-aquitaine.fr\/wp-content\/uploads\/2017\/11\/jvd.jepg_.png","datePublished":"2017-11-16T10:50:08+00:00","dateModified":"2023-06-19T13:58:22+00:00","description":"ALPHADRY est un s\u00e8che-main \u00e0 air puls\u00e9. Il poss\u00e8de 2 vitesses d'air. Pour r\u00e9duire sa consommation \u00e9lectrique, il est possible de d\u00e9sactiver la r\u00e9sistance.","inLanguage":"fr-FR","potentialAction":[{"@type":"ReadAction","target":["https:\/\/www.biso-aquitaine.fr\/index.php\/alphadry\/"]}]},{"@type":"ImageObject","inLanguage":"fr-FR","@id":"https:\/\/www.biso-aquitaine.fr\/index.php\/alphadry\/#primaryimage","url":"https:\/\/www.biso-aquitaine.fr\/wp-content\/uploads\/2017\/11\/jvd.jepg_.png","contentUrl":"https:\/\/www.biso-aquitaine.fr\/wp-content\/uploads\/2017\/11\/jvd.jepg_.png","width":265,"height":90,"caption":"logo-jvd-distributeur-apfn hygi\u00e8ne"},{"@type":"WebSite","@id":"https:\/\/www.biso-aquitaine.fr\/#website","url":"https:\/\/www.biso-aquitaine.fr\/","name":"","description":"","potentialAction":[{"@type":"SearchAction","target":{"@type":"EntryPoint","urlTemplate":"https:\/\/www.biso-aquitaine.fr\/?s={search_term_string}"},"query-input":{"@type":"PropertyValueSpecification","valueRequired":true,"valueName":"search_term_string"}}],"inLanguage":"fr-FR"}]}},"_links":{"self":[{"href":"https:\/\/www.biso-aquitaine.fr\/index.php\/wp-json\/wp\/v2\/pages\/1162","targetHints":{"allow":["GET"]}}],"collection":[{"href":"https:\/\/www.biso-aquitaine.fr\/index.php\/wp-json\/wp\/v2\/pages"}],"about":[{"href":"https:\/\/www.biso-aquitaine.fr\/index.php\/wp-json\/wp\/v2\/types\/page"}],"author":[{"embeddable":true,"href":"https:\/\/www.biso-aquitaine.fr\/index.php\/wp-json\/wp\/v2\/users\/2"}],"replies":[{"embeddable":true,"href":"https:\/\/www.biso-aquitaine.fr\/index.php\/wp-json\/wp\/v2\/comments?post=1162"}],"version-history":[{"count":9,"href":"https:\/\/www.biso-aquitaine.fr\/index.php\/wp-json\/wp\/v2\/pages\/1162\/revisions"}],"predecessor-version":[{"id":3294,"href":"https:\/\/www.biso-aquitaine.fr\/index.php\/wp-json\/wp\/v2\/pages\/1162\/revisions\/3294"}],"wp:attachment":[{"href":"https:\/\/www.biso-aquitaine.fr\/index.php\/wp-json\/wp\/v2\/media?parent=1162"}],"curies":[{"name":"wp","href":"https:\/\/api.w.org\/{rel}","templated":true}]}}