{"id":1323,"date":"2018-04-04T10:46:36","date_gmt":"2018-04-04T08:46:36","guid":{"rendered":"http:\/\/www.biso.fr\/?page_id=1323"},"modified":"2023-06-19T15:59:44","modified_gmt":"2023-06-19T13:59:44","slug":"space-vac-2","status":"publish","type":"page","link":"https:\/\/www.biso-aquitaine.fr\/index.php\/space-vac-2\/","title":{"rendered":"SPACE VAC"},"content":{"rendered":"\t\t<div data-elementor-type=\"wp-post\" data-elementor-id=\"1323\" class=\"elementor elementor-1323\">\n\t\t\t\t\t\t<section class=\"elementor-section elementor-top-section elementor-element elementor-element-1ed1aac1 elementor-section-boxed elementor-section-height-default elementor-section-height-default\" data-id=\"1ed1aac1\" data-element_type=\"section\">\n\t\t\t\t\t\t<div class=\"elementor-container elementor-column-gap-default\">\n\t\t\t\t\t<div class=\"elementor-column elementor-col-100 elementor-top-column elementor-element elementor-element-1bbc3b68\" data-id=\"1bbc3b68\" data-element_type=\"column\">\n\t\t\t<div class=\"elementor-widget-wrap elementor-element-populated\">\n\t\t\t\t\t\t<div class=\"elementor-element elementor-element-4614771 elementor-widget elementor-widget-heading\" data-id=\"4614771\" data-element_type=\"widget\" data-widget_type=\"heading.default\">\n\t\t\t\t<div class=\"elementor-widget-container\">\n\t\t\t\t\t<h2 class=\"elementor-heading-title elementor-size-default\">SPACE VAC : une solution pour le nettoyage en hauteur !<\/h2>\t\t\t\t<\/div>\n\t\t\t\t<\/div>\n\t\t\t\t<div class=\"elementor-element elementor-element-331430f0 elementor-widget elementor-widget-text-editor\" data-id=\"331430f0\" data-element_type=\"widget\" data-widget_type=\"text-editor.default\">\n\t\t\t\t<div class=\"elementor-widget-container\">\n\t\t\t\t\t\t\t\t\t<p>Le syst\u00e8me de nettoyage en hauteur\u00a0est une r\u00e9volution dans le domaine\u00a0du nettoyage.\u00a0Il offre aux op\u00e9rateurs une\u00a0m\u00e9thode rapide et s\u00fbre de\u00a0nettoyage jusqu&rsquo;\u00e0 12 m\u00e8tres de\u00a0hauteur. Il ne n\u00e9cessite donc plus l&rsquo;utilisation d&rsquo;\u00e9chafaudages, d&rsquo;\u00e9chelles ou de nacelles.\u00a0\u00a0En plus de r\u00e9duire les risques associ\u00e9s au\u00a0nettoyage en hauteur des employ\u00e9s,\u00a0le syst\u00e8me\u00a0peut \u00eatre facilement d\u00e9ploy\u00e9 par un seul\u00a0op\u00e9rateur.<\/p><p>Cette simplicit\u00e9 de fonctionnement signifie\u00a0que les nettoyages peuvent \u00eatre effectu\u00e9s\u00a0rapidement et avec une perturbation\u00a0minimale de l&rsquo;environnement. Autrement dit, le temps d&rsquo;arr\u00eat des machines peut-\u00eatre minimis\u00e9.<\/p><p>\u00a0<\/p>\t\t\t\t\t\t\t\t<\/div>\n\t\t\t\t<\/div>\n\t\t\t\t\t<\/div>\n\t\t<\/div>\n\t\t\t\t\t<\/div>\n\t\t<\/section>\n\t\t\t\t<section class=\"elementor-section elementor-top-section elementor-element elementor-element-c06a15d elementor-section-boxed elementor-section-height-default elementor-section-height-default\" data-id=\"c06a15d\" data-element_type=\"section\">\n\t\t\t\t\t\t<div class=\"elementor-container elementor-column-gap-default\">\n\t\t\t\t\t<div class=\"elementor-column elementor-col-100 elementor-top-column elementor-element elementor-element-daca475\" data-id=\"daca475\" data-element_type=\"column\">\n\t\t\t<div class=\"elementor-widget-wrap elementor-element-populated\">\n\t\t\t\t\t\t<div class=\"elementor-element elementor-element-854f5ec elementor-widget elementor-widget-video\" data-id=\"854f5ec\" data-element_type=\"widget\" data-settings=\"{&quot;autoplay&quot;:&quot;yes&quot;,&quot;mute&quot;:&quot;yes&quot;,&quot;youtube_url&quot;:&quot;https:\\\/\\\/www.youtube.com\\\/watch?time_continue=28&amp;v=aEnL6BmlHvk&quot;,&quot;video_type&quot;:&quot;youtube&quot;,&quot;controls&quot;:&quot;yes&quot;}\" data-widget_type=\"video.default\">\n\t\t\t\t<div class=\"elementor-widget-container\">\n\t\t\t\t\t\t\t<div class=\"elementor-wrapper elementor-open-inline\">\n\t\t\t<div class=\"elementor-video\"><\/div>\t\t<\/div>\n\t\t\t\t\t\t<\/div>\n\t\t\t\t<\/div>\n\t\t\t\t\t<\/div>\n\t\t<\/div>\n\t\t\t\t\t<\/div>\n\t\t<\/section>\n\t\t\t\t<section class=\"elementor-section elementor-top-section elementor-element elementor-element-79b2b45 elementor-section-boxed elementor-section-height-default elementor-section-height-default\" data-id=\"79b2b45\" data-element_type=\"section\">\n\t\t\t\t\t\t<div class=\"elementor-container elementor-column-gap-default\">\n\t\t\t\t\t<div class=\"elementor-column elementor-col-100 elementor-top-column elementor-element elementor-element-33506a8\" data-id=\"33506a8\" data-element_type=\"column\">\n\t\t\t<div class=\"elementor-widget-wrap elementor-element-populated\">\n\t\t\t\t\t\t<div class=\"elementor-element elementor-element-5cd33ed elementor-widget elementor-widget-text-editor\" data-id=\"5cd33ed\" data-element_type=\"widget\" data-widget_type=\"text-editor.default\">\n\t\t\t\t<div class=\"elementor-widget-container\">\n\t\t\t\t\t\t\t\t\t<p>Le syst\u00e8me de\u00a0nettoyage SpaceVac est compl\u00e9t\u00e9\u00a0par une gamme de t\u00eates de nettoyage,\u00a0d&rsquo;outils et de brosses\u00a0permettant d\u2019acc\u00e9der aux conduits, aux poutres, aux tuyauteries&#8230;\u00a0<\/p><p>SPACE VAC\u00a0<span style=\"letter-spacing: 0.2px;\">dispose d&rsquo;un m\u00e9canisme unique de\u00a0<\/span><span style=\"letter-spacing: 0.2px;\">verrouillage de s\u00e9curit\u00e9 de s\u00e9rie sur\u00a0<\/span>tous les tubes de 38 mm, les t\u00eates et\u00a0<span style=\"letter-spacing: 0.2px;\">les brosses afin d&rsquo;assurer que le\u00a0<\/span><span style=\"letter-spacing: 0.2px;\">syst\u00e8me ne se s\u00e9pare pas pendant le\u00a0<\/span>fonctionnement.<\/p><p>Gr\u00e2ce \u00e0 la cam\u00e9ra, l&rsquo;op\u00e9rateur a une visibilit\u00e9 sur la zone a nettoyer. Il a \u00e9galement la possibilit\u00e9 d&rsquo;enregistrer la vid\u00e9o si besoin.<\/p>\t\t\t\t\t\t\t\t<\/div>\n\t\t\t\t<\/div>\n\t\t\t\t<div class=\"elementor-element elementor-element-bd71a08 elementor-widget elementor-widget-image\" data-id=\"bd71a08\" data-element_type=\"widget\" data-widget_type=\"image.default\">\n\t\t\t\t<div class=\"elementor-widget-container\">\n\t\t\t\t\t\t\t\t\t\t\t\t\t\t\t<img fetchpriority=\"high\" decoding=\"async\" width=\"671\" height=\"371\" src=\"https:\/\/www.biso-aquitaine.fr\/wp-content\/uploads\/2018\/04\/space-vac.png\" class=\"attachment-large size-large wp-image-1327\" alt=\"\" srcset=\"https:\/\/www.biso-aquitaine.fr\/wp-content\/uploads\/2018\/04\/space-vac.png 671w, https:\/\/www.biso-aquitaine.fr\/wp-content\/uploads\/2018\/04\/space-vac-300x166.png 300w\" sizes=\"(max-width: 671px) 100vw, 671px\" \/>\t\t\t\t\t\t\t\t\t\t\t\t\t\t\t<\/div>\n\t\t\t\t<\/div>\n\t\t\t\t<div class=\"elementor-element elementor-element-20a40f4 elementor-widget elementor-widget-text-editor\" data-id=\"20a40f4\" data-element_type=\"widget\" data-widget_type=\"text-editor.default\">\n\t\t\t\t<div class=\"elementor-widget-container\">\n\t\t\t\t\t\t\t\t\t<p><span style=\"letter-spacing: 0.2px;\">Le syst\u00e8me de nettoyage interne SpaceVac est livr\u00e9 avec les \u00e9l\u00e9ments\u00a0<\/span><span style=\"letter-spacing: 0.2px;\">suivants. Tous dot\u00e9s d&rsquo;un m\u00e9canisme unique de \u00ab\u00a0verrouillage\u00a0<\/span><span style=\"letter-spacing: 0.2px;\">de s\u00e9curit\u00e9\u00a0\u00bb.<\/span><\/p>\t\t\t\t\t\t\t\t<\/div>\n\t\t\t\t<\/div>\n\t\t\t\t\t<\/div>\n\t\t<\/div>\n\t\t\t\t\t<\/div>\n\t\t<\/section>\n\t\t\t\t<section class=\"elementor-section elementor-top-section elementor-element elementor-element-34bbb06 elementor-section-boxed elementor-section-height-default elementor-section-height-default\" data-id=\"34bbb06\" data-element_type=\"section\">\n\t\t\t\t\t\t<div class=\"elementor-container elementor-column-gap-default\">\n\t\t\t\t\t<div class=\"elementor-column elementor-col-50 elementor-top-column elementor-element elementor-element-5f8115f\" data-id=\"5f8115f\" data-element_type=\"column\">\n\t\t\t<div class=\"elementor-widget-wrap elementor-element-populated\">\n\t\t\t\t\t\t<div class=\"elementor-element elementor-element-06e2331 elementor-widget elementor-widget-text-editor\" data-id=\"06e2331\" data-element_type=\"widget\" data-widget_type=\"text-editor.default\">\n\t\t\t\t<div class=\"elementor-widget-container\">\n\t\t\t\t\t\t\t\t\t<p>KIT BROSSES<\/p>\t\t\t\t\t\t\t\t<\/div>\n\t\t\t\t<\/div>\n\t\t\t\t<div class=\"elementor-element elementor-element-a81c407 elementor-widget elementor-widget-text-editor\" data-id=\"a81c407\" data-element_type=\"widget\" data-widget_type=\"text-editor.default\">\n\t\t\t\t<div class=\"elementor-widget-container\">\n\t\t\t\t\t\t\t\t\t<ul><li>1 connecteur 90 degr\u00e9s<\/li><li>1 connecteur 135 degr\u00e9s<\/li><li>1 capteur articul\u00e9 160 mm<\/li><li>1 capteur articul\u00e9 380 mm<\/li><li>1 brosse concave 100 mm<\/li><li>1 brosse concave 200 mm<\/li><li>1 brosse ronde<\/li><li>1 sac de transport<\/li><\/ul>\t\t\t\t\t\t\t\t<\/div>\n\t\t\t\t<\/div>\n\t\t\t\t\t<\/div>\n\t\t<\/div>\n\t\t\t\t<div class=\"elementor-column elementor-col-50 elementor-top-column elementor-element elementor-element-e79249c\" data-id=\"e79249c\" data-element_type=\"column\">\n\t\t\t<div class=\"elementor-widget-wrap elementor-element-populated\">\n\t\t\t\t\t\t<div class=\"elementor-element elementor-element-eb07562 elementor-widget elementor-widget-text-editor\" data-id=\"eb07562\" data-element_type=\"widget\" data-widget_type=\"text-editor.default\">\n\t\t\t\t<div class=\"elementor-widget-container\">\n\t\t\t\t\t\t\t\t\t<p>KIT TUBES<\/p>\t\t\t\t\t\t\t\t<\/div>\n\t\t\t\t<\/div>\n\t\t\t\t<div class=\"elementor-element elementor-element-7b9faeb elementor-widget elementor-widget-text-editor\" data-id=\"7b9faeb\" data-element_type=\"widget\" data-widget_type=\"text-editor.default\">\n\t\t\t\t<div class=\"elementor-widget-container\">\n\t\t\t\t\t\t\t\t\t<ul><li>5 tubes de 1.6 m\u00e8tres diam 38<\/li><li>1 sac de transport<\/li><\/ul>\t\t\t\t\t\t\t\t<\/div>\n\t\t\t\t<\/div>\n\t\t\t\t<div class=\"elementor-element elementor-element-ee34450 elementor-widget elementor-widget-text-editor\" data-id=\"ee34450\" data-element_type=\"widget\" data-widget_type=\"text-editor.default\">\n\t\t\t\t<div class=\"elementor-widget-container\">\n\t\t\t\t\t\t\t\t\t<p>KIT FLEXIBLE<\/p>\t\t\t\t\t\t\t\t<\/div>\n\t\t\t\t<\/div>\n\t\t\t\t<div class=\"elementor-element elementor-element-243b871 elementor-widget elementor-widget-text-editor\" data-id=\"243b871\" data-element_type=\"widget\" data-widget_type=\"text-editor.default\">\n\t\t\t\t<div class=\"elementor-widget-container\">\n\t\t\t\t\t\t\t\t\t<ul><li>1 flexible de 5 m\u00e8tres<\/li><li>1 connecteur<\/li><li>1 adaptateur<\/li><li>1 sac de transport<\/li><\/ul>\t\t\t\t\t\t\t\t<\/div>\n\t\t\t\t<\/div>\n\t\t\t\t\t<\/div>\n\t\t<\/div>\n\t\t\t\t\t<\/div>\n\t\t<\/section>\n\t\t\t\t<section class=\"elementor-section elementor-top-section elementor-element elementor-element-acc8ad4 elementor-section-boxed elementor-section-height-default elementor-section-height-default\" data-id=\"acc8ad4\" data-element_type=\"section\">\n\t\t\t\t\t\t<div class=\"elementor-container elementor-column-gap-default\">\n\t\t\t\t\t<div class=\"elementor-column elementor-col-50 elementor-top-column elementor-element elementor-element-6cc9681\" data-id=\"6cc9681\" data-element_type=\"column\">\n\t\t\t<div class=\"elementor-widget-wrap elementor-element-populated\">\n\t\t\t\t\t\t<div class=\"elementor-element elementor-element-6ebce65 elementor-widget elementor-widget-text-editor\" data-id=\"6ebce65\" data-element_type=\"widget\" data-widget_type=\"text-editor.default\">\n\t\t\t\t<div class=\"elementor-widget-container\">\n\t\t\t\t\t\t\t\t\t<p>KIT CAMERA<\/p>\t\t\t\t\t\t\t\t<\/div>\n\t\t\t\t<\/div>\n\t\t\t\t<div class=\"elementor-element elementor-element-d4c3da1 elementor-widget elementor-widget-text-editor\" data-id=\"d4c3da1\" data-element_type=\"widget\" data-widget_type=\"text-editor.default\">\n\t\t\t\t<div class=\"elementor-widget-container\">\n\t\t\t\t\t\t\t\t\t<ul><li>1 moniteur wireless<\/li><li>1 cam\u00e9ra wireless<\/li><li>1 clip de fixation cam\u00e9ra<\/li><li>1 clip de fixation moniteur<\/li><li>1 sac de transport<\/li><\/ul>\t\t\t\t\t\t\t\t<\/div>\n\t\t\t\t<\/div>\n\t\t\t\t\t<\/div>\n\t\t<\/div>\n\t\t\t\t<div class=\"elementor-column elementor-col-50 elementor-top-column elementor-element elementor-element-44ece0b\" data-id=\"44ece0b\" data-element_type=\"column\">\n\t\t\t<div class=\"elementor-widget-wrap elementor-element-populated\">\n\t\t\t\t\t\t<div class=\"elementor-element elementor-element-7de9be2 elementor-widget elementor-widget-image\" data-id=\"7de9be2\" data-element_type=\"widget\" data-widget_type=\"image.default\">\n\t\t\t\t<div class=\"elementor-widget-container\">\n\t\t\t\t\t\t\t\t\t\t\t\t\t\t\t<img decoding=\"async\" width=\"397\" height=\"228\" src=\"https:\/\/www.biso-aquitaine.fr\/wp-content\/uploads\/2018\/04\/mitiespacevac.jpg\" class=\"attachment-large size-large wp-image-1325\" alt=\"SPACEVAC - apfn hygi\u00e8ne\" srcset=\"https:\/\/www.biso-aquitaine.fr\/wp-content\/uploads\/2018\/04\/mitiespacevac.jpg 397w, https:\/\/www.biso-aquitaine.fr\/wp-content\/uploads\/2018\/04\/mitiespacevac-300x172.jpg 300w\" sizes=\"(max-width: 397px) 100vw, 397px\" \/>\t\t\t\t\t\t\t\t\t\t\t\t\t\t\t<\/div>\n\t\t\t\t<\/div>\n\t\t\t\t\t<\/div>\n\t\t<\/div>\n\t\t\t\t\t<\/div>\n\t\t<\/section>\n\t\t\t\t<section class=\"elementor-section elementor-top-section elementor-element elementor-element-3442108 elementor-section-boxed elementor-section-height-default elementor-section-height-default\" data-id=\"3442108\" data-element_type=\"section\">\n\t\t\t\t\t\t<div class=\"elementor-container elementor-column-gap-default\">\n\t\t\t\t\t<div class=\"elementor-column elementor-col-100 elementor-top-column elementor-element elementor-element-f1b3892\" data-id=\"f1b3892\" data-element_type=\"column\">\n\t\t\t<div class=\"elementor-widget-wrap elementor-element-populated\">\n\t\t\t\t\t\t<div class=\"elementor-element elementor-element-8ed8b89 elementor-widget elementor-widget-heading\" data-id=\"8ed8b89\" data-element_type=\"widget\" data-widget_type=\"heading.default\">\n\t\t\t\t<div class=\"elementor-widget-container\">\n\t\t\t\t\t<h2 class=\"elementor-heading-title elementor-size-default\">Fiche technique<\/h2>\t\t\t\t<\/div>\n\t\t\t\t<\/div>\n\t\t\t\t<div class=\"elementor-element elementor-element-56047e4 elementor-widget elementor-widget-text-editor\" data-id=\"56047e4\" data-element_type=\"widget\" data-widget_type=\"text-editor.default\">\n\t\t\t\t<div class=\"elementor-widget-container\">\n\t\t\t\t\t\t\t\t\t<p><a href=\"https:\/\/www.biso-aquitaine.fr\/wp-content\/uploads\/2018\/04\/18588731451499.pdf\">SPACE VAC &#8211; Fiche technique<\/a><\/p>\t\t\t\t\t\t\t\t<\/div>\n\t\t\t\t<\/div>\n\t\t\t\t\t<\/div>\n\t\t<\/div>\n\t\t\t\t\t<\/div>\n\t\t<\/section>\n\t\t\t\t<\/div>\n\t\t","protected":false},"excerpt":{"rendered":"<div class=\"slide-text-bg2\"><span>SPACE VAC : une solution pour le nettoyage en hauteur ! Le syst\u00e8me de nettoyage en hauteur\u00a0est une r\u00e9volution dans le domaine\u00a0du nettoyage.\u00a0Il offre a<\/span><\/div>\n<div class=\"slide-btn-area-sm\"><a href=\"https:\/\/www.biso-aquitaine.fr\/index.php\/space-vac-2\/\" class=\"slide-btn-sm\">Lire la suite<\/a><\/div>\n","protected":false},"author":2,"featured_media":0,"parent":0,"menu_order":0,"comment_status":"closed","ping_status":"closed","template":"","meta":{"footnotes":""},"class_list":["post-1323","page","type-page","status-publish","hentry"],"yoast_head":"<!-- This site is optimized with the Yoast SEO plugin v26.8 - https:\/\/yoast.com\/product\/yoast-seo-wordpress\/ -->\n<title>SPACE VAC - Solution de nettoyage en hauteur - apfn hygi\u00e8ne<\/title>\n<meta name=\"description\" content=\"Le SPACE VAC est un syst\u00e8me de nettoyage en hauteur est une solution r\u00e9volution dans le domaine du nettoyage. Il offre aux op\u00e9rateurs un moyen s\u00fbr de nettoyer des zones jusqu&#039;\u00e0 12 m\u00e8tres sans avoir besoin d&#039;\u00e9chafaudages, d&#039;\u00e9chelles ou de nacelles.\" \/>\n<meta name=\"robots\" content=\"index, follow, max-snippet:-1, max-image-preview:large, max-video-preview:-1\" \/>\n<link rel=\"canonical\" href=\"https:\/\/www.biso-aquitaine.fr\/index.php\/space-vac-2\/\" \/>\n<meta property=\"og:locale\" content=\"fr_FR\" \/>\n<meta property=\"og:type\" content=\"article\" \/>\n<meta property=\"og:title\" content=\"SPACE VAC - Solution de nettoyage en hauteur - apfn hygi\u00e8ne\" \/>\n<meta property=\"og:description\" content=\"Le SPACE VAC est un syst\u00e8me de nettoyage en hauteur est une solution r\u00e9volution dans le domaine du nettoyage. Il offre aux op\u00e9rateurs un moyen s\u00fbr de nettoyer des zones jusqu&#039;\u00e0 12 m\u00e8tres sans avoir besoin d&#039;\u00e9chafaudages, d&#039;\u00e9chelles ou de nacelles.\" \/>\n<meta property=\"og:url\" content=\"https:\/\/www.biso-aquitaine.fr\/index.php\/space-vac-2\/\" \/>\n<meta property=\"article:publisher\" content=\"https:\/\/www.facebook.com\/apfn-hygi%c3%a8ne-145838925596381\/?ref=bookmarks\" \/>\n<meta property=\"article:modified_time\" content=\"2023-06-19T13:59:44+00:00\" \/>\n<meta property=\"og:image\" content=\"https:\/\/www.biso-aquitaine.fr\/wp-content\/uploads\/2018\/04\/space-vac.png\" \/>\n<meta name=\"twitter:card\" content=\"summary_large_image\" \/>\n<meta name=\"twitter:label1\" content=\"Dur\u00e9e de lecture estim\u00e9e\" \/>\n\t<meta name=\"twitter:data1\" content=\"2 minutes\" \/>\n<script type=\"application\/ld+json\" class=\"yoast-schema-graph\">{\"@context\":\"https:\/\/schema.org\",\"@graph\":[{\"@type\":\"WebPage\",\"@id\":\"https:\/\/www.biso-aquitaine.fr\/index.php\/space-vac-2\/\",\"url\":\"https:\/\/www.biso-aquitaine.fr\/index.php\/space-vac-2\/\",\"name\":\"SPACE VAC - Solution de nettoyage en hauteur - apfn hygi\u00e8ne\",\"isPartOf\":{\"@id\":\"https:\/\/www.biso-aquitaine.fr\/#website\"},\"primaryImageOfPage\":{\"@id\":\"https:\/\/www.biso-aquitaine.fr\/index.php\/space-vac-2\/#primaryimage\"},\"image\":{\"@id\":\"https:\/\/www.biso-aquitaine.fr\/index.php\/space-vac-2\/#primaryimage\"},\"thumbnailUrl\":\"https:\/\/www.biso-aquitaine.fr\/wp-content\/uploads\/2018\/04\/space-vac.png\",\"datePublished\":\"2018-04-04T08:46:36+00:00\",\"dateModified\":\"2023-06-19T13:59:44+00:00\",\"description\":\"Le SPACE VAC est un syst\u00e8me de nettoyage en hauteur est une solution r\u00e9volution dans le domaine du nettoyage. Il offre aux op\u00e9rateurs un moyen s\u00fbr de nettoyer des zones jusqu'\u00e0 12 m\u00e8tres sans avoir besoin d'\u00e9chafaudages, d'\u00e9chelles ou de nacelles.\",\"inLanguage\":\"fr-FR\",\"potentialAction\":[{\"@type\":\"ReadAction\",\"target\":[\"https:\/\/www.biso-aquitaine.fr\/index.php\/space-vac-2\/\"]}]},{\"@type\":\"ImageObject\",\"inLanguage\":\"fr-FR\",\"@id\":\"https:\/\/www.biso-aquitaine.fr\/index.php\/space-vac-2\/#primaryimage\",\"url\":\"https:\/\/www.biso-aquitaine.fr\/wp-content\/uploads\/2018\/04\/space-vac.png\",\"contentUrl\":\"https:\/\/www.biso-aquitaine.fr\/wp-content\/uploads\/2018\/04\/space-vac.png\",\"width\":671,\"height\":371},{\"@type\":\"WebSite\",\"@id\":\"https:\/\/www.biso-aquitaine.fr\/#website\",\"url\":\"https:\/\/www.biso-aquitaine.fr\/\",\"name\":\"\",\"description\":\"\",\"potentialAction\":[{\"@type\":\"SearchAction\",\"target\":{\"@type\":\"EntryPoint\",\"urlTemplate\":\"https:\/\/www.biso-aquitaine.fr\/?s={search_term_string}\"},\"query-input\":{\"@type\":\"PropertyValueSpecification\",\"valueRequired\":true,\"valueName\":\"search_term_string\"}}],\"inLanguage\":\"fr-FR\"}]}<\/script>\n<!-- \/ Yoast SEO plugin. -->","yoast_head_json":{"title":"SPACE VAC - Solution de nettoyage en hauteur - apfn hygi\u00e8ne","description":"Le SPACE VAC est un syst\u00e8me de nettoyage en hauteur est une solution r\u00e9volution dans le domaine du nettoyage. Il offre aux op\u00e9rateurs un moyen s\u00fbr de nettoyer des zones jusqu'\u00e0 12 m\u00e8tres sans avoir besoin d'\u00e9chafaudages, d'\u00e9chelles ou de nacelles.","robots":{"index":"index","follow":"follow","max-snippet":"max-snippet:-1","max-image-preview":"max-image-preview:large","max-video-preview":"max-video-preview:-1"},"canonical":"https:\/\/www.biso-aquitaine.fr\/index.php\/space-vac-2\/","og_locale":"fr_FR","og_type":"article","og_title":"SPACE VAC - Solution de nettoyage en hauteur - apfn hygi\u00e8ne","og_description":"Le SPACE VAC est un syst\u00e8me de nettoyage en hauteur est une solution r\u00e9volution dans le domaine du nettoyage. Il offre aux op\u00e9rateurs un moyen s\u00fbr de nettoyer des zones jusqu'\u00e0 12 m\u00e8tres sans avoir besoin d'\u00e9chafaudages, d'\u00e9chelles ou de nacelles.","og_url":"https:\/\/www.biso-aquitaine.fr\/index.php\/space-vac-2\/","article_publisher":"https:\/\/www.facebook.com\/apfn-hygi%c3%a8ne-145838925596381\/?ref=bookmarks","article_modified_time":"2023-06-19T13:59:44+00:00","og_image":[{"url":"https:\/\/www.biso-aquitaine.fr\/wp-content\/uploads\/2018\/04\/space-vac.png","type":"","width":"","height":""}],"twitter_card":"summary_large_image","twitter_misc":{"Dur\u00e9e de lecture estim\u00e9e":"2 minutes"},"schema":{"@context":"https:\/\/schema.org","@graph":[{"@type":"WebPage","@id":"https:\/\/www.biso-aquitaine.fr\/index.php\/space-vac-2\/","url":"https:\/\/www.biso-aquitaine.fr\/index.php\/space-vac-2\/","name":"SPACE VAC - Solution de nettoyage en hauteur - apfn hygi\u00e8ne","isPartOf":{"@id":"https:\/\/www.biso-aquitaine.fr\/#website"},"primaryImageOfPage":{"@id":"https:\/\/www.biso-aquitaine.fr\/index.php\/space-vac-2\/#primaryimage"},"image":{"@id":"https:\/\/www.biso-aquitaine.fr\/index.php\/space-vac-2\/#primaryimage"},"thumbnailUrl":"https:\/\/www.biso-aquitaine.fr\/wp-content\/uploads\/2018\/04\/space-vac.png","datePublished":"2018-04-04T08:46:36+00:00","dateModified":"2023-06-19T13:59:44+00:00","description":"Le SPACE VAC est un syst\u00e8me de nettoyage en hauteur est une solution r\u00e9volution dans le domaine du nettoyage. Il offre aux op\u00e9rateurs un moyen s\u00fbr de nettoyer des zones jusqu'\u00e0 12 m\u00e8tres sans avoir besoin d'\u00e9chafaudages, d'\u00e9chelles ou de nacelles.","inLanguage":"fr-FR","potentialAction":[{"@type":"ReadAction","target":["https:\/\/www.biso-aquitaine.fr\/index.php\/space-vac-2\/"]}]},{"@type":"ImageObject","inLanguage":"fr-FR","@id":"https:\/\/www.biso-aquitaine.fr\/index.php\/space-vac-2\/#primaryimage","url":"https:\/\/www.biso-aquitaine.fr\/wp-content\/uploads\/2018\/04\/space-vac.png","contentUrl":"https:\/\/www.biso-aquitaine.fr\/wp-content\/uploads\/2018\/04\/space-vac.png","width":671,"height":371},{"@type":"WebSite","@id":"https:\/\/www.biso-aquitaine.fr\/#website","url":"https:\/\/www.biso-aquitaine.fr\/","name":"","description":"","potentialAction":[{"@type":"SearchAction","target":{"@type":"EntryPoint","urlTemplate":"https:\/\/www.biso-aquitaine.fr\/?s={search_term_string}"},"query-input":{"@type":"PropertyValueSpecification","valueRequired":true,"valueName":"search_term_string"}}],"inLanguage":"fr-FR"}]}},"_links":{"self":[{"href":"https:\/\/www.biso-aquitaine.fr\/index.php\/wp-json\/wp\/v2\/pages\/1323","targetHints":{"allow":["GET"]}}],"collection":[{"href":"https:\/\/www.biso-aquitaine.fr\/index.php\/wp-json\/wp\/v2\/pages"}],"about":[{"href":"https:\/\/www.biso-aquitaine.fr\/index.php\/wp-json\/wp\/v2\/types\/page"}],"author":[{"embeddable":true,"href":"https:\/\/www.biso-aquitaine.fr\/index.php\/wp-json\/wp\/v2\/users\/2"}],"replies":[{"embeddable":true,"href":"https:\/\/www.biso-aquitaine.fr\/index.php\/wp-json\/wp\/v2\/comments?post=1323"}],"version-history":[{"count":6,"href":"https:\/\/www.biso-aquitaine.fr\/index.php\/wp-json\/wp\/v2\/pages\/1323\/revisions"}],"predecessor-version":[{"id":3297,"href":"https:\/\/www.biso-aquitaine.fr\/index.php\/wp-json\/wp\/v2\/pages\/1323\/revisions\/3297"}],"wp:attachment":[{"href":"https:\/\/www.biso-aquitaine.fr\/index.php\/wp-json\/wp\/v2\/media?parent=1323"}],"curies":[{"name":"wp","href":"https:\/\/api.w.org\/{rel}","templated":true}]}}