{"id":224,"date":"2017-09-07T16:24:05","date_gmt":"2017-09-07T14:24:05","guid":{"rendered":"http:\/\/www.biso.fr\/?page_id=224"},"modified":"2018-10-08T14:56:45","modified_gmt":"2018-10-08T12:56:45","slug":"system-h20-2","status":"publish","type":"page","link":"https:\/\/www.biso-aquitaine.fr\/index.php\/system-h20-2\/","title":{"rendered":"System H\u00b2O"},"content":{"rendered":"\t\t<div data-elementor-type=\"wp-post\" data-elementor-id=\"224\" class=\"elementor elementor-224 elementor-bc-flex-widget\">\n\t\t\t\t\t\t<section class=\"elementor-section elementor-top-section elementor-element elementor-element-yzjkahj elementor-section-boxed elementor-section-height-default elementor-section-height-default\" data-id=\"yzjkahj\" data-element_type=\"section\">\n\t\t\t\t\t\t<div class=\"elementor-container elementor-column-gap-default\">\n\t\t\t\t\t<div class=\"elementor-column elementor-col-100 elementor-top-column elementor-element elementor-element-hqanxbr\" data-id=\"hqanxbr\" data-element_type=\"column\">\n\t\t\t<div class=\"elementor-widget-wrap elementor-element-populated\">\n\t\t\t\t\t\t<div class=\"elementor-element elementor-element-xnh3f6h elementor-widget elementor-widget-image\" data-id=\"xnh3f6h\" data-element_type=\"widget\" data-widget_type=\"image.default\">\n\t\t\t\t<div class=\"elementor-widget-container\">\n\t\t\t\t\t\t\t\t\t\t\t\t\t\t\t\t<a href=\"http:\/\/www.biso.fr\/index.php\/system-h20-2\/\" target=\"_blank\">\n\t\t\t\t\t\t\t<img decoding=\"async\" width=\"300\" height=\"124\" src=\"https:\/\/www.biso-aquitaine.fr\/wp-content\/uploads\/2017\/09\/system-h20-300x124.png\" class=\"attachment-medium size-medium wp-image-165\" alt=\"systemh2o-logo-fournisseur-apfnhygiene\" srcset=\"https:\/\/www.biso-aquitaine.fr\/wp-content\/uploads\/2017\/09\/system-h20-300x124.png 300w, https:\/\/www.biso-aquitaine.fr\/wp-content\/uploads\/2017\/09\/system-h20.png 657w\" sizes=\"(max-width: 300px) 100vw, 300px\" \/>\t\t\t\t\t\t\t\t<\/a>\n\t\t\t\t\t\t\t\t\t\t\t\t\t\t\t<\/div>\n\t\t\t\t<\/div>\n\t\t\t\t<div class=\"elementor-element elementor-element-cfaefbr elementor-widget elementor-widget-text-editor\" data-id=\"cfaefbr\" data-element_type=\"widget\" data-widget_type=\"text-editor.default\">\n\t\t\t\t<div class=\"elementor-widget-container\">\n\t\t\t\t\t\t\t\t\t<h2>\u00a0<\/h2><h2 class=\"font_2\">Des solutions naturelles pour le nettoyage des surfaces vitr\u00e9es<\/h2><p class=\"font_5\">System H\u00b2O est le leader fran\u00e7ais du nettoyage par eau pure et de solutions naturelles pour le nettoyage industriel.<br \/> Les\u00a0diverses solutions de nettoyage int\u00e9rieures et ext\u00e9rieures vous permettent de nettoyer \u00e9cologiquement et facilement des parois verticales, des sols lisses&#8230;<\/p><h2 class=\"font_2\">System H\u00b2O Indoor : nettoyage \u00e0 l&rsquo;eau pure<\/h2><p class=\"font_7\">\u00a0System H\u00b2O Indoor est un mat\u00e9riel portatif travaillant avec de l\u2019eau pure par micro pulv\u00e9risation et essuyage par micro fibres. Il permet de nettoyer de toutes surfaces lisses int\u00e9rieures(vitrerie, miroirs, panneaux lisses etc.). La perche t\u00e9lescopiques peut attendre jusqu\u2019\u00e0 9 m\u00e8tres.<\/p><p>Tr\u00e8s maniable, le System H\u00b2O Indoor peut \u00eatre utilisable dans n\u2019importe quel endroit.Il permet de travailler sur des pans verticaux ou horizontaux. La micro pulv\u00e9risation d&rsquo;eau pure\u00a0 coupl\u00e9 \u00e0 un essuyage par les toiles microfibres \u00e9vite le ruissellement sur les surfaces. Pour ce faire, un r\u00e9servoir d\u2019un demi litre se clipe \u00e0 votre ceinture. Depuis ce r\u00e9servoir, un tuyau alimente le boitier \u00ab Compact \u00bb viss\u00e9 au bas de la perche Indoor.<\/p>\t\t\t\t\t\t\t\t<\/div>\n\t\t\t\t<\/div>\n\t\t\t\t\t<\/div>\n\t\t<\/div>\n\t\t\t\t\t<\/div>\n\t\t<\/section>\n\t\t\t\t<section class=\"elementor-section elementor-top-section elementor-element elementor-element-kdjbcpx elementor-section-boxed elementor-section-height-default elementor-section-height-default\" data-id=\"kdjbcpx\" data-element_type=\"section\">\n\t\t\t\t\t\t<div class=\"elementor-container elementor-column-gap-default\">\n\t\t\t\t\t<div class=\"elementor-column elementor-col-50 elementor-top-column elementor-element elementor-element-khg5sg7\" data-id=\"khg5sg7\" data-element_type=\"column\">\n\t\t\t<div class=\"elementor-widget-wrap elementor-element-populated\">\n\t\t\t\t\t\t<div class=\"elementor-element elementor-element-rkl5cpq elementor-widget elementor-widget-image\" data-id=\"rkl5cpq\" data-element_type=\"widget\" data-widget_type=\"image.default\">\n\t\t\t\t<div class=\"elementor-widget-container\">\n\t\t\t\t\t\t\t\t\t\t\t\t\t\t\t<img fetchpriority=\"high\" decoding=\"async\" width=\"375\" height=\"270\" src=\"https:\/\/www.biso-aquitaine.fr\/wp-content\/uploads\/2017\/09\/3_indoor.jpg\" class=\"attachment-medium_large size-medium_large wp-image-225\" alt=\"SYSTEM H20 - apfn hygi\u00e8ne\" srcset=\"https:\/\/www.biso-aquitaine.fr\/wp-content\/uploads\/2017\/09\/3_indoor.jpg 375w, https:\/\/www.biso-aquitaine.fr\/wp-content\/uploads\/2017\/09\/3_indoor-300x216.jpg 300w\" sizes=\"(max-width: 375px) 100vw, 375px\" \/>\t\t\t\t\t\t\t\t\t\t\t\t\t\t\t<\/div>\n\t\t\t\t<\/div>\n\t\t\t\t\t<\/div>\n\t\t<\/div>\n\t\t\t\t<div class=\"elementor-column elementor-col-50 elementor-top-column elementor-element elementor-element-f93gr6p\" data-id=\"f93gr6p\" data-element_type=\"column\">\n\t\t\t<div class=\"elementor-widget-wrap elementor-element-populated\">\n\t\t\t\t\t\t<div class=\"elementor-element elementor-element-hcl8dje elementor-widget elementor-widget-image\" data-id=\"hcl8dje\" data-element_type=\"widget\" data-widget_type=\"image.default\">\n\t\t\t\t<div class=\"elementor-widget-container\">\n\t\t\t\t\t\t\t\t\t\t\t\t\t\t\t<img decoding=\"async\" width=\"202\" height=\"259\" src=\"https:\/\/www.biso-aquitaine.fr\/wp-content\/uploads\/2017\/09\/15_indoor.jpg\" class=\"attachment-large size-large wp-image-212\" alt=\"SYSTEM H20 - apfn hygi\u00e8ne\" \/>\t\t\t\t\t\t\t\t\t\t\t\t\t\t\t<\/div>\n\t\t\t\t<\/div>\n\t\t\t\t\t<\/div>\n\t\t<\/div>\n\t\t\t\t\t<\/div>\n\t\t<\/section>\n\t\t\t\t<section class=\"elementor-section elementor-top-section elementor-element elementor-element-fogbpfa elementor-section-boxed elementor-section-height-default elementor-section-height-default\" data-id=\"fogbpfa\" data-element_type=\"section\">\n\t\t\t\t\t\t<div class=\"elementor-container elementor-column-gap-default\">\n\t\t\t\t\t<div class=\"elementor-column elementor-col-100 elementor-top-column elementor-element elementor-element-alqaixh\" data-id=\"alqaixh\" data-element_type=\"column\">\n\t\t\t<div class=\"elementor-widget-wrap elementor-element-populated\">\n\t\t\t\t\t\t<div class=\"elementor-element elementor-element-bp77xk2 elementor-widget elementor-widget-text-editor\" data-id=\"bp77xk2\" data-element_type=\"widget\" data-widget_type=\"text-editor.default\">\n\t\t\t\t<div class=\"elementor-widget-container\">\n\t\t\t\t\t\t\t\t\t<h2 class=\"font_2\">System H\u00b2O Indoor : nettoyage \u00e0 l&rsquo;eau pure<\/h2><p class=\"font_7\">\u00a0System H\u00b2O Indoor est un mat\u00e9riel portatif travaillant avec de l\u2019eau pure par micro pulv\u00e9risation et essuyage par micro fibres. Il permet de nettoyer de toutes surfaces lisses int\u00e9rieures(vitrerie, miroirs, panneaux lisses etc.). La perche t\u00e9lescopiques peut attendre jusqu\u2019\u00e0 9 m\u00e8tres.<\/p><p>Tr\u00e8s maniable, le System H\u00b2O Indoor peut \u00eatre utilisable dans n\u2019importe quel endroit.Il permet de travailler sur des pans verticaux ou horizontaux. La micro pulv\u00e9risation d&rsquo;eau pure\u00a0 coupl\u00e9 \u00e0 un essuyage par les toiles microfibres \u00e9vite le ruissellement sur les surfaces. Pour ce faire, un r\u00e9servoir d\u2019un demi litre se clipe \u00e0 votre ceinture. Depuis ce r\u00e9servoir, un tuyau alimente le boitier \u00ab Compact \u00bb viss\u00e9 au bas de la perche Indoor.<\/p>\t\t\t\t\t\t\t\t<\/div>\n\t\t\t\t<\/div>\n\t\t\t\t\t<\/div>\n\t\t<\/div>\n\t\t\t\t\t<\/div>\n\t\t<\/section>\n\t\t\t\t<section class=\"elementor-section elementor-top-section elementor-element elementor-element-35bk7za elementor-section-boxed elementor-section-height-default elementor-section-height-default\" data-id=\"35bk7za\" data-element_type=\"section\">\n\t\t\t\t\t\t<div class=\"elementor-container elementor-column-gap-default\">\n\t\t\t\t\t<div class=\"elementor-column elementor-col-50 elementor-top-column elementor-element elementor-element-1bkcwid\" data-id=\"1bkcwid\" data-element_type=\"column\">\n\t\t\t<div class=\"elementor-widget-wrap elementor-element-populated\">\n\t\t\t\t\t\t<div class=\"elementor-element elementor-element-vdf85em elementor-widget elementor-widget-image\" data-id=\"vdf85em\" data-element_type=\"widget\" data-widget_type=\"image.default\">\n\t\t\t\t<div class=\"elementor-widget-container\">\n\t\t\t\t\t\t\t\t\t\t\t\t\t\t\t<img loading=\"lazy\" decoding=\"async\" width=\"375\" height=\"270\" src=\"https:\/\/www.biso-aquitaine.fr\/wp-content\/uploads\/2017\/09\/4_outdoor.jpg\" class=\"attachment-large size-large wp-image-251\" alt=\"SYSTEM H20 - apfn hygi\u00e8ne\" srcset=\"https:\/\/www.biso-aquitaine.fr\/wp-content\/uploads\/2017\/09\/4_outdoor.jpg 375w, https:\/\/www.biso-aquitaine.fr\/wp-content\/uploads\/2017\/09\/4_outdoor-300x216.jpg 300w\" sizes=\"(max-width: 375px) 100vw, 375px\" \/>\t\t\t\t\t\t\t\t\t\t\t\t\t\t\t<\/div>\n\t\t\t\t<\/div>\n\t\t\t\t\t<\/div>\n\t\t<\/div>\n\t\t\t\t<div class=\"elementor-column elementor-col-50 elementor-top-column elementor-element elementor-element-zzj184b\" data-id=\"zzj184b\" data-element_type=\"column\">\n\t\t\t<div class=\"elementor-widget-wrap elementor-element-populated\">\n\t\t\t\t\t\t<div class=\"elementor-element elementor-element-30al7nw elementor-widget elementor-widget-image\" data-id=\"30al7nw\" data-element_type=\"widget\" data-widget_type=\"image.default\">\n\t\t\t\t<div class=\"elementor-widget-container\">\n\t\t\t\t\t\t\t\t\t\t\t\t\t\t\t<img loading=\"lazy\" decoding=\"async\" width=\"375\" height=\"270\" src=\"https:\/\/www.biso-aquitaine.fr\/wp-content\/uploads\/2017\/09\/3_outdoor.jpg\" class=\"attachment-large size-large wp-image-252\" alt=\"SYSTEM H20 - apfn hygi\u00e8ne\" srcset=\"https:\/\/www.biso-aquitaine.fr\/wp-content\/uploads\/2017\/09\/3_outdoor.jpg 375w, https:\/\/www.biso-aquitaine.fr\/wp-content\/uploads\/2017\/09\/3_outdoor-300x216.jpg 300w\" sizes=\"(max-width: 375px) 100vw, 375px\" \/>\t\t\t\t\t\t\t\t\t\t\t\t\t\t\t<\/div>\n\t\t\t\t<\/div>\n\t\t\t\t\t<\/div>\n\t\t<\/div>\n\t\t\t\t\t<\/div>\n\t\t<\/section>\n\t\t\t\t<\/div>\n\t\t","protected":false},"excerpt":{"rendered":"<div class=\"slide-text-bg2\"><span>Des solutions naturelles pour le nettoyage des surfaces vitr\u00e9es System H\u00b2O est le leader fran\u00e7ais du nettoyage par eau pure et de solutions naturelles p<\/span><\/div>\n<div class=\"slide-btn-area-sm\"><a href=\"https:\/\/www.biso-aquitaine.fr\/index.php\/system-h20-2\/\" class=\"slide-btn-sm\">Lire la suite<\/a><\/div>\n","protected":false},"author":2,"featured_media":0,"parent":0,"menu_order":0,"comment_status":"closed","ping_status":"closed","template":"","meta":{"footnotes":""},"class_list":["post-224","page","type-page","status-publish","hentry"],"yoast_head":"<!-- This site is optimized with the Yoast SEO plugin v26.8 - https:\/\/yoast.com\/product\/yoast-seo-wordpress\/ -->\n<title>System H\u00b2O -<\/title>\n<meta name=\"description\" content=\"System H\u00b2O est le leader fran\u00e7ais du nettoyage par eau pure et de solutions naturelles pour le nettoyage des surfaces vitr\u00e9es.\" \/>\n<meta name=\"robots\" content=\"index, follow, max-snippet:-1, max-image-preview:large, max-video-preview:-1\" \/>\n<link rel=\"canonical\" href=\"https:\/\/www.biso-aquitaine.fr\/index.php\/system-h20-2\/\" \/>\n<meta property=\"og:locale\" content=\"fr_FR\" \/>\n<meta property=\"og:type\" content=\"article\" \/>\n<meta property=\"og:title\" content=\"System H\u00b2O -\" \/>\n<meta property=\"og:description\" content=\"System H\u00b2O est le leader fran\u00e7ais du nettoyage par eau pure et de solutions naturelles pour le nettoyage des surfaces vitr\u00e9es.\" \/>\n<meta property=\"og:url\" content=\"https:\/\/www.biso-aquitaine.fr\/index.php\/system-h20-2\/\" \/>\n<meta property=\"article:publisher\" content=\"https:\/\/www.facebook.com\/apfn-hygi%c3%a8ne-145838925596381\/?ref=bookmarks\" \/>\n<meta property=\"article:modified_time\" content=\"2018-10-08T12:56:45+00:00\" \/>\n<meta property=\"og:image\" content=\"http:\/\/www.biso.fr\/wp-content\/uploads\/2017\/09\/system-h20-300x124.png\" \/>\n<meta name=\"twitter:card\" content=\"summary_large_image\" \/>\n<meta name=\"twitter:label1\" content=\"Dur\u00e9e de lecture estim\u00e9e\" \/>\n\t<meta name=\"twitter:data1\" content=\"2 minutes\" \/>\n<script type=\"application\/ld+json\" class=\"yoast-schema-graph\">{\"@context\":\"https:\/\/schema.org\",\"@graph\":[{\"@type\":\"WebPage\",\"@id\":\"https:\/\/www.biso-aquitaine.fr\/index.php\/system-h20-2\/\",\"url\":\"https:\/\/www.biso-aquitaine.fr\/index.php\/system-h20-2\/\",\"name\":\"System H\u00b2O -\",\"isPartOf\":{\"@id\":\"https:\/\/www.biso-aquitaine.fr\/#website\"},\"primaryImageOfPage\":{\"@id\":\"https:\/\/www.biso-aquitaine.fr\/index.php\/system-h20-2\/#primaryimage\"},\"image\":{\"@id\":\"https:\/\/www.biso-aquitaine.fr\/index.php\/system-h20-2\/#primaryimage\"},\"thumbnailUrl\":\"http:\/\/www.biso.fr\/wp-content\/uploads\/2017\/09\/system-h20-300x124.png\",\"datePublished\":\"2017-09-07T14:24:05+00:00\",\"dateModified\":\"2018-10-08T12:56:45+00:00\",\"description\":\"System H\u00b2O est le leader fran\u00e7ais du nettoyage par eau pure et de solutions naturelles pour le nettoyage des surfaces vitr\u00e9es.\",\"inLanguage\":\"fr-FR\",\"potentialAction\":[{\"@type\":\"ReadAction\",\"target\":[\"https:\/\/www.biso-aquitaine.fr\/index.php\/system-h20-2\/\"]}]},{\"@type\":\"ImageObject\",\"inLanguage\":\"fr-FR\",\"@id\":\"https:\/\/www.biso-aquitaine.fr\/index.php\/system-h20-2\/#primaryimage\",\"url\":\"http:\/\/www.biso.fr\/wp-content\/uploads\/2017\/09\/system-h20-300x124.png\",\"contentUrl\":\"http:\/\/www.biso.fr\/wp-content\/uploads\/2017\/09\/system-h20-300x124.png\"},{\"@type\":\"WebSite\",\"@id\":\"https:\/\/www.biso-aquitaine.fr\/#website\",\"url\":\"https:\/\/www.biso-aquitaine.fr\/\",\"name\":\"\",\"description\":\"\",\"potentialAction\":[{\"@type\":\"SearchAction\",\"target\":{\"@type\":\"EntryPoint\",\"urlTemplate\":\"https:\/\/www.biso-aquitaine.fr\/?s={search_term_string}\"},\"query-input\":{\"@type\":\"PropertyValueSpecification\",\"valueRequired\":true,\"valueName\":\"search_term_string\"}}],\"inLanguage\":\"fr-FR\"}]}<\/script>\n<!-- \/ Yoast SEO plugin. -->","yoast_head_json":{"title":"System H\u00b2O -","description":"System H\u00b2O est le leader fran\u00e7ais du nettoyage par eau pure et de solutions naturelles pour le nettoyage des surfaces vitr\u00e9es.","robots":{"index":"index","follow":"follow","max-snippet":"max-snippet:-1","max-image-preview":"max-image-preview:large","max-video-preview":"max-video-preview:-1"},"canonical":"https:\/\/www.biso-aquitaine.fr\/index.php\/system-h20-2\/","og_locale":"fr_FR","og_type":"article","og_title":"System H\u00b2O -","og_description":"System H\u00b2O est le leader fran\u00e7ais du nettoyage par eau pure et de solutions naturelles pour le nettoyage des surfaces vitr\u00e9es.","og_url":"https:\/\/www.biso-aquitaine.fr\/index.php\/system-h20-2\/","article_publisher":"https:\/\/www.facebook.com\/apfn-hygi%c3%a8ne-145838925596381\/?ref=bookmarks","article_modified_time":"2018-10-08T12:56:45+00:00","og_image":[{"url":"http:\/\/www.biso.fr\/wp-content\/uploads\/2017\/09\/system-h20-300x124.png","type":"","width":"","height":""}],"twitter_card":"summary_large_image","twitter_misc":{"Dur\u00e9e de lecture estim\u00e9e":"2 minutes"},"schema":{"@context":"https:\/\/schema.org","@graph":[{"@type":"WebPage","@id":"https:\/\/www.biso-aquitaine.fr\/index.php\/system-h20-2\/","url":"https:\/\/www.biso-aquitaine.fr\/index.php\/system-h20-2\/","name":"System H\u00b2O -","isPartOf":{"@id":"https:\/\/www.biso-aquitaine.fr\/#website"},"primaryImageOfPage":{"@id":"https:\/\/www.biso-aquitaine.fr\/index.php\/system-h20-2\/#primaryimage"},"image":{"@id":"https:\/\/www.biso-aquitaine.fr\/index.php\/system-h20-2\/#primaryimage"},"thumbnailUrl":"http:\/\/www.biso.fr\/wp-content\/uploads\/2017\/09\/system-h20-300x124.png","datePublished":"2017-09-07T14:24:05+00:00","dateModified":"2018-10-08T12:56:45+00:00","description":"System H\u00b2O est le leader fran\u00e7ais du nettoyage par eau pure et de solutions naturelles pour le nettoyage des surfaces vitr\u00e9es.","inLanguage":"fr-FR","potentialAction":[{"@type":"ReadAction","target":["https:\/\/www.biso-aquitaine.fr\/index.php\/system-h20-2\/"]}]},{"@type":"ImageObject","inLanguage":"fr-FR","@id":"https:\/\/www.biso-aquitaine.fr\/index.php\/system-h20-2\/#primaryimage","url":"http:\/\/www.biso.fr\/wp-content\/uploads\/2017\/09\/system-h20-300x124.png","contentUrl":"http:\/\/www.biso.fr\/wp-content\/uploads\/2017\/09\/system-h20-300x124.png"},{"@type":"WebSite","@id":"https:\/\/www.biso-aquitaine.fr\/#website","url":"https:\/\/www.biso-aquitaine.fr\/","name":"","description":"","potentialAction":[{"@type":"SearchAction","target":{"@type":"EntryPoint","urlTemplate":"https:\/\/www.biso-aquitaine.fr\/?s={search_term_string}"},"query-input":{"@type":"PropertyValueSpecification","valueRequired":true,"valueName":"search_term_string"}}],"inLanguage":"fr-FR"}]}},"_links":{"self":[{"href":"https:\/\/www.biso-aquitaine.fr\/index.php\/wp-json\/wp\/v2\/pages\/224","targetHints":{"allow":["GET"]}}],"collection":[{"href":"https:\/\/www.biso-aquitaine.fr\/index.php\/wp-json\/wp\/v2\/pages"}],"about":[{"href":"https:\/\/www.biso-aquitaine.fr\/index.php\/wp-json\/wp\/v2\/types\/page"}],"author":[{"embeddable":true,"href":"https:\/\/www.biso-aquitaine.fr\/index.php\/wp-json\/wp\/v2\/users\/2"}],"replies":[{"embeddable":true,"href":"https:\/\/www.biso-aquitaine.fr\/index.php\/wp-json\/wp\/v2\/comments?post=224"}],"version-history":[{"count":14,"href":"https:\/\/www.biso-aquitaine.fr\/index.php\/wp-json\/wp\/v2\/pages\/224\/revisions"}],"predecessor-version":[{"id":1550,"href":"https:\/\/www.biso-aquitaine.fr\/index.php\/wp-json\/wp\/v2\/pages\/224\/revisions\/1550"}],"wp:attachment":[{"href":"https:\/\/www.biso-aquitaine.fr\/index.php\/wp-json\/wp\/v2\/media?parent=224"}],"curies":[{"name":"wp","href":"https:\/\/api.w.org\/{rel}","templated":true}]}}