{"id":2460,"date":"2020-09-30T16:14:30","date_gmt":"2020-09-30T14:14:30","guid":{"rendered":"https:\/\/www.biso.fr\/?page_id=2460"},"modified":"2023-06-19T15:35:59","modified_gmt":"2023-06-19T13:35:59","slug":"storm","status":"publish","type":"page","link":"https:\/\/www.biso-aquitaine.fr\/index.php\/storm\/","title":{"rendered":"STORM"},"content":{"rendered":"\t\t<div data-elementor-type=\"wp-page\" data-elementor-id=\"2460\" class=\"elementor elementor-2460\">\n\t\t\t\t\t\t<section class=\"elementor-section elementor-top-section elementor-element elementor-element-21997a85 elementor-section-boxed elementor-section-height-default elementor-section-height-default\" data-id=\"21997a85\" data-element_type=\"section\">\n\t\t\t\t\t\t<div class=\"elementor-container elementor-column-gap-default\">\n\t\t\t\t\t<div class=\"elementor-column elementor-col-100 elementor-top-column elementor-element elementor-element-b7f8cd4\" data-id=\"b7f8cd4\" data-element_type=\"column\">\n\t\t\t<div class=\"elementor-widget-wrap elementor-element-populated\">\n\t\t\t\t\t\t<div class=\"elementor-element elementor-element-b0d2578 elementor-widget elementor-widget-image\" data-id=\"b0d2578\" data-element_type=\"widget\" data-widget_type=\"image.default\">\n\t\t\t\t<div class=\"elementor-widget-container\">\n\t\t\t\t\t\t\t\t\t\t\t\t\t\t\t<img decoding=\"async\" width=\"150\" height=\"150\" src=\"https:\/\/www.biso-aquitaine.fr\/wp-content\/uploads\/2017\/09\/2c0d4f_3acac73073f8486b83c5483e7a49aaabmv2_d_1879_1921_s_2-150x150.jpg\" class=\"attachment-thumbnail size-thumbnail wp-image-157\" alt=\"KAIVAC - distributeur - apfn hygi\u00e8ne\" \/>\t\t\t\t\t\t\t\t\t\t\t\t\t\t\t<\/div>\n\t\t\t\t<\/div>\n\t\t\t\t\t<\/div>\n\t\t<\/div>\n\t\t\t\t\t<\/div>\n\t\t<\/section>\n\t\t\t\t<section class=\"elementor-section elementor-top-section elementor-element elementor-element-698da3b elementor-section-boxed elementor-section-height-default elementor-section-height-default\" data-id=\"698da3b\" data-element_type=\"section\">\n\t\t\t\t\t\t<div class=\"elementor-container elementor-column-gap-default\">\n\t\t\t\t\t<div class=\"elementor-column elementor-col-100 elementor-top-column elementor-element elementor-element-bb54d9a\" data-id=\"bb54d9a\" data-element_type=\"column\">\n\t\t\t<div class=\"elementor-widget-wrap elementor-element-populated\">\n\t\t\t\t\t\t<div class=\"elementor-element elementor-element-576ffb0 elementor-widget elementor-widget-heading\" data-id=\"576ffb0\" data-element_type=\"widget\" data-widget_type=\"heading.default\">\n\t\t\t\t<div class=\"elementor-widget-container\">\n\t\t\t\t\t<h2 class=\"elementor-heading-title elementor-size-default\">Lance de d\u00e9sinfection STORM<\/h2>\t\t\t\t<\/div>\n\t\t\t\t<\/div>\n\t\t\t\t\t<\/div>\n\t\t<\/div>\n\t\t\t\t\t<\/div>\n\t\t<\/section>\n\t\t\t\t<section class=\"elementor-section elementor-top-section elementor-element elementor-element-3a087fa elementor-section-boxed elementor-section-height-default elementor-section-height-default\" data-id=\"3a087fa\" data-element_type=\"section\">\n\t\t\t\t\t\t<div class=\"elementor-container elementor-column-gap-default\">\n\t\t\t\t\t<div class=\"elementor-column elementor-col-100 elementor-top-column elementor-element elementor-element-7ff0b82\" data-id=\"7ff0b82\" data-element_type=\"column\">\n\t\t\t<div class=\"elementor-widget-wrap elementor-element-populated\">\n\t\t\t\t\t\t<section class=\"elementor-section elementor-inner-section elementor-element elementor-element-b77789e elementor-section-boxed elementor-section-height-default elementor-section-height-default\" data-id=\"b77789e\" data-element_type=\"section\">\n\t\t\t\t\t\t<div class=\"elementor-container elementor-column-gap-default\">\n\t\t\t\t\t<div class=\"elementor-column elementor-col-50 elementor-inner-column elementor-element elementor-element-115929b\" data-id=\"115929b\" data-element_type=\"column\">\n\t\t\t<div class=\"elementor-widget-wrap elementor-element-populated\">\n\t\t\t\t\t\t<div class=\"elementor-element elementor-element-b49115d elementor-widget elementor-widget-image\" data-id=\"b49115d\" data-element_type=\"widget\" data-widget_type=\"image.default\">\n\t\t\t\t<div class=\"elementor-widget-container\">\n\t\t\t\t\t\t\t\t\t\t\t\t\t\t\t<img decoding=\"async\" width=\"250\" height=\"166\" src=\"https:\/\/www.biso-aquitaine.fr\/wp-content\/uploads\/2020\/09\/apfnhygiene-kaivac-lance-storm-1.jpg\" class=\"attachment-large size-large wp-image-2465\" alt=\"\" \/>\t\t\t\t\t\t\t\t\t\t\t\t\t\t\t<\/div>\n\t\t\t\t<\/div>\n\t\t\t\t\t<\/div>\n\t\t<\/div>\n\t\t\t\t<div class=\"elementor-column elementor-col-50 elementor-inner-column elementor-element elementor-element-677b578\" data-id=\"677b578\" data-element_type=\"column\">\n\t\t\t<div class=\"elementor-widget-wrap elementor-element-populated\">\n\t\t\t\t\t\t<div class=\"elementor-element elementor-element-f7057f7 elementor-widget elementor-widget-text-editor\" data-id=\"f7057f7\" data-element_type=\"widget\" data-widget_type=\"text-editor.default\">\n\t\t\t\t<div class=\"elementor-widget-container\">\n\t\t\t\t\t\t\t\t\t<p>Le syst\u00e8me STORM est un \u00e9quipement portatif sur batterie destin\u00e9 \u00e0 r\u00e9aliser la d\u00e9sinfection des points de contact pour lutter contre la chaine de tranmission indirecte des virus et bact\u00e9ries pathog\u00e8nes.<\/p><p>Il pulv\u00e9rise la solution \u00e0 40 microns pour couvrir 100 % des surfaces \u00e0 30 cm. L&rsquo;autonomie de pr\u00e8s de 2 heures peut \u00eatre doubl\u00e9e avec une deuxi\u00e8me batterie pour \u00eatre op\u00e9rationel sur site une grande partie de la journ\u00e9e.<\/p><p>La lance l\u00e9g\u00e8re de 300 grammes permet de r\u00e9aliser la prestation sans fatiguer.<\/p>\t\t\t\t\t\t\t\t<\/div>\n\t\t\t\t<\/div>\n\t\t\t\t\t<\/div>\n\t\t<\/div>\n\t\t\t\t\t<\/div>\n\t\t<\/section>\n\t\t\t\t\t<\/div>\n\t\t<\/div>\n\t\t\t\t\t<\/div>\n\t\t<\/section>\n\t\t\t\t<section class=\"elementor-section elementor-top-section elementor-element elementor-element-2099877 elementor-section-boxed elementor-section-height-default elementor-section-height-default\" data-id=\"2099877\" data-element_type=\"section\">\n\t\t\t\t\t\t<div class=\"elementor-container elementor-column-gap-default\">\n\t\t\t\t\t<div class=\"elementor-column elementor-col-100 elementor-top-column elementor-element elementor-element-b826d5f\" data-id=\"b826d5f\" data-element_type=\"column\">\n\t\t\t<div class=\"elementor-widget-wrap elementor-element-populated\">\n\t\t\t\t\t\t<div class=\"elementor-element elementor-element-20b0f39 elementor-widget elementor-widget-heading\" data-id=\"20b0f39\" data-element_type=\"widget\" data-widget_type=\"heading.default\">\n\t\t\t\t<div class=\"elementor-widget-container\">\n\t\t\t\t\t<h3 class=\"elementor-heading-title elementor-size-default\">Caract\u00e9risques techniques<\/h3>\t\t\t\t<\/div>\n\t\t\t\t<\/div>\n\t\t\t\t<div class=\"elementor-element elementor-element-5689cb9 elementor-widget elementor-widget-text-editor\" data-id=\"5689cb9\" data-element_type=\"widget\" data-widget_type=\"text-editor.default\">\n\t\t\t\t<div class=\"elementor-widget-container\">\n\t\t\t\t\t\t\t\t\t<p>\u00a0<\/p><table class=\"MsoTable15Grid1Light\" style=\"border: initial none initial;\" border=\"1\" cellspacing=\"0\" cellpadding=\"0\"><tbody><tr><td style=\"width: 226.55pt; border-width: 1pt 1pt 1.5pt; border-color: #999999 #999999 #666666; padding: 0cm 5.4pt;\" valign=\"top\" width=\"302\"><p class=\"MsoNormal\" style=\"margin-bottom: 0cm; line-height: normal; mso-yfti-cnfc: 5;\"><b>Description<\/b><\/p><\/td><td style=\"width: 226.55pt; border-top-width: 1pt; border-top-color: #999999; border-left: none; border-bottom-width: 1.5pt; border-bottom-color: #666666; border-right-width: 1pt; border-right-color: #999999; padding: 0cm 5.4pt;\" valign=\"top\" width=\"302\"><p class=\"MsoNormal\" style=\"margin-bottom: 0cm; line-height: normal; mso-yfti-cnfc: 1;\"><b>Specifications<\/b><\/p><\/td><\/tr><tr><td style=\"width: 226.55pt; border-right-width: 1pt; border-bottom-width: 1pt; border-left-width: 1pt; border-right-color: #999999; border-bottom-color: #999999; border-left-color: #999999; border-top: none; padding: 0cm 5.4pt;\" valign=\"top\" width=\"302\"><p class=\"MsoNormal\" style=\"margin-bottom: 0cm; line-height: normal; mso-yfti-cnfc: 4;\"><b>Syst\u00e8me multifonction<\/b><\/p><\/td><td style=\"width: 226.55pt; border-top: none; border-left: none; border-bottom-width: 1pt; border-bottom-color: #999999; border-right-width: 1pt; border-right-color: #999999; padding: 0cm 5.4pt;\" valign=\"top\" width=\"302\"><p class=\"MsoNormal\" style=\"margin-bottom: 0cm; line-height: normal;\">oui<\/p><\/td><\/tr><tr><td style=\"width: 226.55pt; border-right-width: 1pt; border-bottom-width: 1pt; border-left-width: 1pt; border-right-color: #999999; border-bottom-color: #999999; border-left-color: #999999; border-top: none; padding: 0cm 5.4pt;\" valign=\"top\" width=\"302\"><p class=\"MsoNormal\" style=\"margin-bottom: 0cm; line-height: normal; mso-yfti-cnfc: 4;\"><b>Dimensions particules<\/b><\/p><\/td><td style=\"width: 226.55pt; border-top: none; border-left: none; border-bottom-width: 1pt; border-bottom-color: #999999; border-right-width: 1pt; border-right-color: #999999; padding: 0cm 5.4pt;\" valign=\"top\" width=\"302\"><p class=\"MsoNormal\" style=\"margin-bottom: 0cm; line-height: normal;\">Buse standard 40\u00b5<\/p><\/td><\/tr><tr><td style=\"width: 226.55pt; border-right-width: 1pt; border-bottom-width: 1pt; border-left-width: 1pt; border-right-color: #999999; border-bottom-color: #999999; border-left-color: #999999; border-top: none; padding: 0cm 5.4pt;\" valign=\"top\" width=\"302\"><p class=\"MsoNormal\" style=\"margin-bottom: 0cm; line-height: normal; mso-yfti-cnfc: 4;\"><b>P\u00e9rim\u00e8tre de pulv\u00e9risation<\/b><\/p><\/td><td style=\"width: 226.55pt; border-top: none; border-left: none; border-bottom-width: 1pt; border-bottom-color: #999999; border-right-width: 1pt; border-right-color: #999999; padding: 0cm 5.4pt;\" valign=\"top\" width=\"302\"><p class=\"MsoNormal\" style=\"margin-bottom: 0cm; line-height: normal;\">Couverture 100% \u00e0 0.3m, maxi 1.2m<\/p><\/td><\/tr><tr><td style=\"width: 226.55pt; border-right-width: 1pt; border-bottom-width: 1pt; border-left-width: 1pt; border-right-color: #999999; border-bottom-color: #999999; border-left-color: #999999; border-top: none; padding: 0cm 5.4pt;\" valign=\"top\" width=\"302\"><p class=\"MsoNormal\" style=\"margin-bottom: 0cm; line-height: normal; mso-yfti-cnfc: 4;\"><b>Capacit\u00e9 de r\u00e9servoir<\/b><\/p><\/td><td style=\"width: 226.55pt; border-top: none; border-left: none; border-bottom-width: 1pt; border-bottom-color: #999999; border-right-width: 1pt; border-right-color: #999999; padding: 0cm 5.4pt;\" valign=\"top\" width=\"302\"><p class=\"MsoNormal\" style=\"margin-bottom: 0cm; line-height: normal;\">1 litre, remplacement rapide<\/p><\/td><\/tr><tr><td style=\"width: 226.55pt; border-right-width: 1pt; border-bottom-width: 1pt; border-left-width: 1pt; border-right-color: #999999; border-bottom-color: #999999; border-left-color: #999999; border-top: none; padding: 0cm 5.4pt;\" valign=\"top\" width=\"302\"><p class=\"MsoNormal\" style=\"margin-bottom: 0cm; line-height: normal; mso-yfti-cnfc: 4;\"><b>Couverture<\/b><\/p><\/td><td style=\"width: 226.55pt; border-top: none; border-left: none; border-bottom-width: 1pt; border-bottom-color: #999999; border-right-width: 1pt; border-right-color: #999999; padding: 0cm 5.4pt;\" valign=\"top\" width=\"302\"><p class=\"MsoNormal\" style=\"margin-bottom: 0cm; line-height: normal;\">1 litre pour 75m\u00b2 pour 100% de couverture et pulv\u00e9risation \u00e0 30cm<\/p><p class=\"MsoNormal\" style=\"margin-bottom: 0cm; line-height: normal;\">(250m\u00b2 de surfaces globales)<\/p><\/td><\/tr><tr><td style=\"width: 226.55pt; border-right-width: 1pt; border-bottom-width: 1pt; border-left-width: 1pt; border-right-color: #999999; border-bottom-color: #999999; border-left-color: #999999; border-top: none; padding: 0cm 5.4pt;\" valign=\"top\" width=\"302\"><p class=\"MsoNormal\" style=\"margin-bottom: 0cm; line-height: normal; mso-yfti-cnfc: 4;\"><b>D\u00e9bit<\/b><\/p><\/td><td style=\"width: 226.55pt; border-top: none; border-left: none; border-bottom-width: 1pt; border-bottom-color: #999999; border-right-width: 1pt; border-right-color: #999999; padding: 0cm 5.4pt;\" valign=\"top\" width=\"302\"><p class=\"MsoNormal\" style=\"margin-bottom: 0cm; line-height: normal;\">77ml\/minute<\/p><\/td><\/tr><tr><td style=\"width: 226.55pt; border-right-width: 1pt; border-bottom-width: 1pt; border-left-width: 1pt; border-right-color: #999999; border-bottom-color: #999999; border-left-color: #999999; border-top: none; padding: 0cm 5.4pt;\" valign=\"top\" width=\"302\"><p class=\"MsoNormal\" style=\"margin-bottom: 0cm; line-height: normal; mso-yfti-cnfc: 4;\"><b>Poids harnais vide <\/b><\/p><\/td><td style=\"width: 226.55pt; border-top: none; border-left: none; border-bottom-width: 1pt; border-bottom-color: #999999; border-right-width: 1pt; border-right-color: #999999; padding: 0cm 5.4pt;\" valign=\"top\" width=\"302\"><p class=\"MsoNormal\" style=\"margin-bottom: 0cm; line-height: normal;\">4.3kg<\/p><\/td><\/tr><tr><td style=\"width: 226.55pt; border-right-width: 1pt; border-bottom-width: 1pt; border-left-width: 1pt; border-right-color: #999999; border-bottom-color: #999999; border-left-color: #999999; border-top: none; padding: 0cm 5.4pt;\" valign=\"top\" width=\"302\"><p class=\"MsoNormal\" style=\"margin-bottom: 0cm; line-height: normal; mso-yfti-cnfc: 4;\"><b>Poids harnais plein<\/b><\/p><\/td><td style=\"width: 226.55pt; border-top: none; border-left: none; border-bottom-width: 1pt; border-bottom-color: #999999; border-right-width: 1pt; border-right-color: #999999; padding: 0cm 5.4pt;\" valign=\"top\" width=\"302\"><p class=\"MsoNormal\" style=\"margin-bottom: 0cm; line-height: normal;\">5.3kg<\/p><\/td><\/tr><tr><td style=\"width: 226.55pt; border-right-width: 1pt; border-bottom-width: 1pt; border-left-width: 1pt; border-right-color: #999999; border-bottom-color: #999999; border-left-color: #999999; border-top: none; padding: 0cm 5.4pt;\" valign=\"top\" width=\"302\"><p class=\"MsoNormal\" style=\"margin-bottom: 0cm; line-height: normal; mso-yfti-cnfc: 4;\"><b>Poids lance<\/b><\/p><\/td><td style=\"width: 226.55pt; border-top: none; border-left: none; border-bottom-width: 1pt; border-bottom-color: #999999; border-right-width: 1pt; border-right-color: #999999; padding: 0cm 5.4pt;\" valign=\"top\" width=\"302\"><p class=\"MsoNormal\" style=\"margin-bottom: 0cm; line-height: normal;\">0.3kg<\/p><\/td><\/tr><tr><td style=\"width: 226.55pt; border-right-width: 1pt; border-bottom-width: 1pt; border-left-width: 1pt; border-right-color: #999999; border-bottom-color: #999999; border-left-color: #999999; border-top: none; padding: 0cm 5.4pt;\" valign=\"top\" width=\"302\"><p class=\"MsoNormal\" style=\"margin-bottom: 0cm; line-height: normal; mso-yfti-cnfc: 4;\"><b>Autonomie batterie <\/b><\/p><\/td><td style=\"width: 226.55pt; border-top: none; border-left: none; border-bottom-width: 1pt; border-bottom-color: #999999; border-right-width: 1pt; border-right-color: #999999; padding: 0cm 5.4pt;\" valign=\"top\" width=\"302\"><p class=\"MsoNormal\" style=\"margin-bottom: 0cm; line-height: normal;\">1.8 heure en continu<\/p><p class=\"MsoNormal\" style=\"margin-bottom: 0cm; line-height: normal;\">3 heures de prestation<\/p><\/td><\/tr><tr><td style=\"width: 226.55pt; border-right-width: 1pt; border-bottom-width: 1pt; border-left-width: 1pt; border-right-color: #999999; border-bottom-color: #999999; border-left-color: #999999; border-top: none; padding: 0cm 5.4pt;\" valign=\"top\" width=\"302\"><p class=\"MsoNormal\" style=\"margin-bottom: 0cm; line-height: normal; mso-yfti-cnfc: 4;\"><b>Temps de charge<\/b><\/p><\/td><td style=\"width: 226.55pt; border-top: none; border-left: none; border-bottom-width: 1pt; border-bottom-color: #999999; border-right-width: 1pt; border-right-color: #999999; padding: 0cm 5.4pt;\" valign=\"top\" width=\"302\"><p class=\"MsoNormal\" style=\"margin-bottom: 0cm; line-height: normal;\">8 heures en charge lente<\/p><\/td><\/tr><tr><td style=\"width: 226.55pt; border-right-width: 1pt; border-bottom-width: 1pt; border-left-width: 1pt; border-right-color: #999999; border-bottom-color: #999999; border-left-color: #999999; border-top: none; padding: 0cm 5.4pt;\" valign=\"top\" width=\"302\"><p class=\"MsoNormal\" style=\"margin-bottom: 0cm; line-height: normal; mso-yfti-cnfc: 4;\"><b>Changement batterie<\/b><\/p><\/td><td style=\"width: 226.55pt; border-top: none; border-left: none; border-bottom-width: 1pt; border-bottom-color: #999999; border-right-width: 1pt; border-right-color: #999999; padding: 0cm 5.4pt;\" valign=\"top\" width=\"302\"><p class=\"MsoNormal\" style=\"margin-bottom: 0cm; line-height: normal;\">Facile pour plus d\u2019autonomie<\/p><\/td><\/tr><tr><td style=\"width: 226.55pt; border-right-width: 1pt; border-bottom-width: 1pt; border-left-width: 1pt; border-right-color: #999999; border-bottom-color: #999999; border-left-color: #999999; border-top: none; padding: 0cm 5.4pt;\" valign=\"top\" width=\"302\"><p class=\"MsoNormal\" style=\"margin-bottom: 0cm; line-height: normal; mso-yfti-cnfc: 4;\"><b>Batterie suppl\u00e9mentaire<\/b><\/p><\/td><td style=\"width: 226.55pt; border-top: none; border-left: none; border-bottom-width: 1pt; border-bottom-color: #999999; border-right-width: 1pt; border-right-color: #999999; padding: 0cm 5.4pt;\" valign=\"top\" width=\"302\"><p class=\"MsoNormal\" style=\"margin-bottom: 0cm; line-height: normal;\">Sur demande MS12V<\/p><\/td><\/tr><\/tbody><\/table>\t\t\t\t\t\t\t\t<\/div>\n\t\t\t\t<\/div>\n\t\t\t\t\t<\/div>\n\t\t<\/div>\n\t\t\t\t\t<\/div>\n\t\t<\/section>\n\t\t\t\t<section class=\"elementor-section elementor-top-section elementor-element elementor-element-0589359 elementor-section-boxed elementor-section-height-default elementor-section-height-default\" data-id=\"0589359\" data-element_type=\"section\">\n\t\t\t\t\t\t<div class=\"elementor-container elementor-column-gap-default\">\n\t\t\t\t\t<div class=\"elementor-column elementor-col-100 elementor-top-column elementor-element elementor-element-6c91ed8\" data-id=\"6c91ed8\" data-element_type=\"column\">\n\t\t\t<div class=\"elementor-widget-wrap elementor-element-populated\">\n\t\t\t\t\t\t<div class=\"elementor-element elementor-element-2363b69 elementor-widget elementor-widget-text-editor\" data-id=\"2363b69\" data-element_type=\"widget\" data-widget_type=\"text-editor.default\">\n\t\t\t\t<div class=\"elementor-widget-container\">\n\t\t\t\t\t\t\t\t\t<p><a href=\"https:\/\/www.biso-aquitaine.fr\/wp-content\/uploads\/2020\/09\/Manuel-dutilisation-Storm.pdf\">Manuel d&rsquo;utilisation Storm<\/a><\/p><p><a href=\"https:\/\/www.biso-aquitaine.fr\/wp-content\/uploads\/2020\/09\/Fiche-produit-Motorsruber-Storm.pdf\">Fiche produit Motorsruber Storm<\/a><\/p>\t\t\t\t\t\t\t\t<\/div>\n\t\t\t\t<\/div>\n\t\t\t\t\t<\/div>\n\t\t<\/div>\n\t\t\t\t\t<\/div>\n\t\t<\/section>\n\t\t\t\t<\/div>\n\t\t","protected":false},"excerpt":{"rendered":"<div class=\"slide-text-bg2\"><span>Lance de d\u00e9sinfection STORM Le syst\u00e8me STORM est un \u00e9quipement portatif sur batterie destin\u00e9 \u00e0 r\u00e9aliser la d\u00e9sinfection des points de contact pour l<\/span><\/div>\n<div class=\"slide-btn-area-sm\"><a href=\"https:\/\/www.biso-aquitaine.fr\/index.php\/storm\/\" class=\"slide-btn-sm\">Lire la suite<\/a><\/div>\n","protected":false},"author":2,"featured_media":0,"parent":0,"menu_order":0,"comment_status":"closed","ping_status":"closed","template":"","meta":{"footnotes":""},"class_list":["post-2460","page","type-page","status-publish","hentry"],"yoast_head":"<!-- This site is optimized with the Yoast SEO plugin v26.8 - https:\/\/yoast.com\/product\/yoast-seo-wordpress\/ -->\n<title>STORM -<\/title>\n<meta name=\"robots\" content=\"index, follow, max-snippet:-1, max-image-preview:large, max-video-preview:-1\" \/>\n<link rel=\"canonical\" href=\"https:\/\/www.biso-aquitaine.fr\/index.php\/storm\/\" \/>\n<meta property=\"og:locale\" content=\"fr_FR\" \/>\n<meta property=\"og:type\" content=\"article\" \/>\n<meta property=\"og:title\" content=\"STORM -\" \/>\n<meta property=\"og:description\" content=\"Lance de d\u00e9sinfection STORM Le syst\u00e8me STORM est un \u00e9quipement portatif sur batterie destin\u00e9 \u00e0 r\u00e9aliser la d\u00e9sinfection des points de contact pour lLire la suite\" \/>\n<meta property=\"og:url\" content=\"https:\/\/www.biso-aquitaine.fr\/index.php\/storm\/\" \/>\n<meta property=\"article:publisher\" content=\"https:\/\/www.facebook.com\/apfn-hygi%c3%a8ne-145838925596381\/?ref=bookmarks\" \/>\n<meta property=\"article:modified_time\" content=\"2023-06-19T13:35:59+00:00\" \/>\n<meta property=\"og:image\" content=\"https:\/\/www.biso-aquitaine.fr\/wp-content\/uploads\/2017\/09\/2c0d4f_3acac73073f8486b83c5483e7a49aaabmv2_d_1879_1921_s_2-150x150.jpg\" \/>\n<meta name=\"twitter:card\" content=\"summary_large_image\" \/>\n<meta name=\"twitter:label1\" content=\"Dur\u00e9e de lecture estim\u00e9e\" \/>\n\t<meta name=\"twitter:data1\" content=\"2 minutes\" \/>\n<script type=\"application\/ld+json\" class=\"yoast-schema-graph\">{\"@context\":\"https:\/\/schema.org\",\"@graph\":[{\"@type\":\"WebPage\",\"@id\":\"https:\/\/www.biso-aquitaine.fr\/index.php\/storm\/\",\"url\":\"https:\/\/www.biso-aquitaine.fr\/index.php\/storm\/\",\"name\":\"STORM -\",\"isPartOf\":{\"@id\":\"https:\/\/www.biso-aquitaine.fr\/#website\"},\"primaryImageOfPage\":{\"@id\":\"https:\/\/www.biso-aquitaine.fr\/index.php\/storm\/#primaryimage\"},\"image\":{\"@id\":\"https:\/\/www.biso-aquitaine.fr\/index.php\/storm\/#primaryimage\"},\"thumbnailUrl\":\"https:\/\/www.biso-aquitaine.fr\/wp-content\/uploads\/2017\/09\/2c0d4f_3acac73073f8486b83c5483e7a49aaabmv2_d_1879_1921_s_2-150x150.jpg\",\"datePublished\":\"2020-09-30T14:14:30+00:00\",\"dateModified\":\"2023-06-19T13:35:59+00:00\",\"inLanguage\":\"fr-FR\",\"potentialAction\":[{\"@type\":\"ReadAction\",\"target\":[\"https:\/\/www.biso-aquitaine.fr\/index.php\/storm\/\"]}]},{\"@type\":\"ImageObject\",\"inLanguage\":\"fr-FR\",\"@id\":\"https:\/\/www.biso-aquitaine.fr\/index.php\/storm\/#primaryimage\",\"url\":\"https:\/\/www.biso-aquitaine.fr\/wp-content\/uploads\/2017\/09\/2c0d4f_3acac73073f8486b83c5483e7a49aaabmv2_d_1879_1921_s_2.jpg\",\"contentUrl\":\"https:\/\/www.biso-aquitaine.fr\/wp-content\/uploads\/2017\/09\/2c0d4f_3acac73073f8486b83c5483e7a49aaabmv2_d_1879_1921_s_2.jpg\",\"width\":1879,\"height\":1921,\"caption\":\"kaivac-logo-fournisseur-apfnhygiene\"},{\"@type\":\"WebSite\",\"@id\":\"https:\/\/www.biso-aquitaine.fr\/#website\",\"url\":\"https:\/\/www.biso-aquitaine.fr\/\",\"name\":\"\",\"description\":\"\",\"potentialAction\":[{\"@type\":\"SearchAction\",\"target\":{\"@type\":\"EntryPoint\",\"urlTemplate\":\"https:\/\/www.biso-aquitaine.fr\/?s={search_term_string}\"},\"query-input\":{\"@type\":\"PropertyValueSpecification\",\"valueRequired\":true,\"valueName\":\"search_term_string\"}}],\"inLanguage\":\"fr-FR\"}]}<\/script>\n<!-- \/ Yoast SEO plugin. -->","yoast_head_json":{"title":"STORM -","robots":{"index":"index","follow":"follow","max-snippet":"max-snippet:-1","max-image-preview":"max-image-preview:large","max-video-preview":"max-video-preview:-1"},"canonical":"https:\/\/www.biso-aquitaine.fr\/index.php\/storm\/","og_locale":"fr_FR","og_type":"article","og_title":"STORM -","og_description":"Lance de d\u00e9sinfection STORM Le syst\u00e8me STORM est un \u00e9quipement portatif sur batterie destin\u00e9 \u00e0 r\u00e9aliser la d\u00e9sinfection des points de contact pour lLire la suite","og_url":"https:\/\/www.biso-aquitaine.fr\/index.php\/storm\/","article_publisher":"https:\/\/www.facebook.com\/apfn-hygi%c3%a8ne-145838925596381\/?ref=bookmarks","article_modified_time":"2023-06-19T13:35:59+00:00","og_image":[{"url":"https:\/\/www.biso-aquitaine.fr\/wp-content\/uploads\/2017\/09\/2c0d4f_3acac73073f8486b83c5483e7a49aaabmv2_d_1879_1921_s_2-150x150.jpg","type":"","width":"","height":""}],"twitter_card":"summary_large_image","twitter_misc":{"Dur\u00e9e de lecture estim\u00e9e":"2 minutes"},"schema":{"@context":"https:\/\/schema.org","@graph":[{"@type":"WebPage","@id":"https:\/\/www.biso-aquitaine.fr\/index.php\/storm\/","url":"https:\/\/www.biso-aquitaine.fr\/index.php\/storm\/","name":"STORM -","isPartOf":{"@id":"https:\/\/www.biso-aquitaine.fr\/#website"},"primaryImageOfPage":{"@id":"https:\/\/www.biso-aquitaine.fr\/index.php\/storm\/#primaryimage"},"image":{"@id":"https:\/\/www.biso-aquitaine.fr\/index.php\/storm\/#primaryimage"},"thumbnailUrl":"https:\/\/www.biso-aquitaine.fr\/wp-content\/uploads\/2017\/09\/2c0d4f_3acac73073f8486b83c5483e7a49aaabmv2_d_1879_1921_s_2-150x150.jpg","datePublished":"2020-09-30T14:14:30+00:00","dateModified":"2023-06-19T13:35:59+00:00","inLanguage":"fr-FR","potentialAction":[{"@type":"ReadAction","target":["https:\/\/www.biso-aquitaine.fr\/index.php\/storm\/"]}]},{"@type":"ImageObject","inLanguage":"fr-FR","@id":"https:\/\/www.biso-aquitaine.fr\/index.php\/storm\/#primaryimage","url":"https:\/\/www.biso-aquitaine.fr\/wp-content\/uploads\/2017\/09\/2c0d4f_3acac73073f8486b83c5483e7a49aaabmv2_d_1879_1921_s_2.jpg","contentUrl":"https:\/\/www.biso-aquitaine.fr\/wp-content\/uploads\/2017\/09\/2c0d4f_3acac73073f8486b83c5483e7a49aaabmv2_d_1879_1921_s_2.jpg","width":1879,"height":1921,"caption":"kaivac-logo-fournisseur-apfnhygiene"},{"@type":"WebSite","@id":"https:\/\/www.biso-aquitaine.fr\/#website","url":"https:\/\/www.biso-aquitaine.fr\/","name":"","description":"","potentialAction":[{"@type":"SearchAction","target":{"@type":"EntryPoint","urlTemplate":"https:\/\/www.biso-aquitaine.fr\/?s={search_term_string}"},"query-input":{"@type":"PropertyValueSpecification","valueRequired":true,"valueName":"search_term_string"}}],"inLanguage":"fr-FR"}]}},"_links":{"self":[{"href":"https:\/\/www.biso-aquitaine.fr\/index.php\/wp-json\/wp\/v2\/pages\/2460","targetHints":{"allow":["GET"]}}],"collection":[{"href":"https:\/\/www.biso-aquitaine.fr\/index.php\/wp-json\/wp\/v2\/pages"}],"about":[{"href":"https:\/\/www.biso-aquitaine.fr\/index.php\/wp-json\/wp\/v2\/types\/page"}],"author":[{"embeddable":true,"href":"https:\/\/www.biso-aquitaine.fr\/index.php\/wp-json\/wp\/v2\/users\/2"}],"replies":[{"embeddable":true,"href":"https:\/\/www.biso-aquitaine.fr\/index.php\/wp-json\/wp\/v2\/comments?post=2460"}],"version-history":[{"count":8,"href":"https:\/\/www.biso-aquitaine.fr\/index.php\/wp-json\/wp\/v2\/pages\/2460\/revisions"}],"predecessor-version":[{"id":3234,"href":"https:\/\/www.biso-aquitaine.fr\/index.php\/wp-json\/wp\/v2\/pages\/2460\/revisions\/3234"}],"wp:attachment":[{"href":"https:\/\/www.biso-aquitaine.fr\/index.php\/wp-json\/wp\/v2\/media?parent=2460"}],"curies":[{"name":"wp","href":"https:\/\/api.w.org\/{rel}","templated":true}]}}