{"id":302,"date":"2017-09-08T11:44:10","date_gmt":"2017-09-08T09:44:10","guid":{"rendered":"http:\/\/www.biso.fr\/?page_id=302"},"modified":"2017-09-22T16:50:27","modified_gmt":"2017-09-22T14:50:27","slug":"kaivac-solutions-entretenir-sols","status":"publish","type":"page","link":"https:\/\/www.biso-aquitaine.fr\/index.php\/kaivac-solutions-entretenir-sols\/","title":{"rendered":"KAIVAC"},"content":{"rendered":"\t\t<div data-elementor-type=\"wp-post\" data-elementor-id=\"302\" class=\"elementor elementor-302 elementor-bc-flex-widget\">\n\t\t\t\t\t\t<section class=\"elementor-section elementor-top-section elementor-element elementor-element-8i9z9kb elementor-section-boxed elementor-section-height-default elementor-section-height-default\" data-id=\"8i9z9kb\" data-element_type=\"section\">\n\t\t\t\t\t\t<div class=\"elementor-container elementor-column-gap-default\">\n\t\t\t\t\t<div class=\"elementor-column elementor-col-100 elementor-top-column elementor-element elementor-element-abvdfqy\" data-id=\"abvdfqy\" data-element_type=\"column\">\n\t\t\t<div class=\"elementor-widget-wrap elementor-element-populated\">\n\t\t\t\t\t\t<div class=\"elementor-element elementor-element-d5jpve1 elementor-widget elementor-widget-image\" data-id=\"d5jpve1\" data-element_type=\"widget\" data-widget_type=\"image.default\">\n\t\t\t\t<div class=\"elementor-widget-container\">\n\t\t\t\t\t\t\t\t\t\t\t\t\t\t\t\t<a href=\"http:\/\/www.biso.fr\/index.php\/kaivac-solutions-entretenir-sols\/\" target=\"_blank\">\n\t\t\t\t\t\t\t<img decoding=\"async\" width=\"150\" height=\"150\" src=\"https:\/\/www.biso-aquitaine.fr\/wp-content\/uploads\/2017\/09\/2c0d4f_3acac73073f8486b83c5483e7a49aaabmv2_d_1879_1921_s_2-150x150.jpg\" class=\"attachment-thumbnail size-thumbnail wp-image-157\" alt=\"KAIVAC - distributeur - apfn hygi\u00e8ne\" \/>\t\t\t\t\t\t\t\t<\/a>\n\t\t\t\t\t\t\t\t\t\t\t\t\t\t\t<\/div>\n\t\t\t\t<\/div>\n\t\t\t\t\t<\/div>\n\t\t<\/div>\n\t\t\t\t\t<\/div>\n\t\t<\/section>\n\t\t\t\t<section class=\"elementor-section elementor-top-section elementor-element elementor-element-gchecks elementor-section-boxed elementor-section-height-default elementor-section-height-default\" data-id=\"gchecks\" data-element_type=\"section\">\n\t\t\t\t\t\t<div class=\"elementor-container elementor-column-gap-default\">\n\t\t\t\t\t<div class=\"elementor-column elementor-col-100 elementor-top-column elementor-element elementor-element-qndklvh\" data-id=\"qndklvh\" data-element_type=\"column\">\n\t\t\t<div class=\"elementor-widget-wrap elementor-element-populated\">\n\t\t\t\t\t\t<div class=\"elementor-element elementor-element-zvfalyo elementor-widget elementor-widget-text-editor\" data-id=\"zvfalyo\" data-element_type=\"widget\" data-widget_type=\"text-editor.default\">\n\t\t\t\t<div class=\"elementor-widget-container\">\n\t\t\t\t\t\t\t\t\t<h1 class=\"font_2\"><strong>Des solutions pour entretenir les sols<\/strong><\/h1><div><strong>\u00a0<\/strong><\/div><h2><strong>Kaivac : un nettoyage r\u00e9volutionnaire des toilettes<\/strong><\/h2><p>Kaivac se charge de la plus ingrate des t\u00e2ches dans le b\u00e2timent : \u00e0 savoir le nettoyage des toilettes. Cette technique est con\u00e7ue pour \u00e9liminer la salet\u00e9 extr\u00eame. Elle permet un nettoyage ergonomique sans toucher les surfaces contamin\u00e9es. De plus, elle vous permet de r\u00e9duire le temps de nettoyage et la consommation de produits chimiques jusqu\u2019\u00e0 30 %. Elle supprime donc les co\u00fbts des \u00e9quipements et consommables superflus.<\/p>\t\t\t\t\t\t\t\t<\/div>\n\t\t\t\t<\/div>\n\t\t\t\t\t<\/div>\n\t\t<\/div>\n\t\t\t\t\t<\/div>\n\t\t<\/section>\n\t\t\t\t<section class=\"elementor-section elementor-top-section elementor-element elementor-element-uw952g8 elementor-section-boxed elementor-section-height-default elementor-section-height-default\" data-id=\"uw952g8\" data-element_type=\"section\">\n\t\t\t\t\t\t<div class=\"elementor-container elementor-column-gap-default\">\n\t\t\t\t\t<div class=\"elementor-column elementor-col-100 elementor-top-column elementor-element elementor-element-2v0irzq\" data-id=\"2v0irzq\" data-element_type=\"column\">\n\t\t\t<div class=\"elementor-widget-wrap elementor-element-populated\">\n\t\t\t\t\t\t<div class=\"elementor-element elementor-element-6ceys1m elementor-widget elementor-widget-image\" data-id=\"6ceys1m\" data-element_type=\"widget\" data-widget_type=\"image.default\">\n\t\t\t\t<div class=\"elementor-widget-container\">\n\t\t\t\t\t\t\t\t\t\t\t\t\t\t\t<img fetchpriority=\"high\" decoding=\"async\" width=\"293\" height=\"300\" src=\"https:\/\/www.biso-aquitaine.fr\/wp-content\/uploads\/2017\/09\/kaizen-spray-293x300.jpg\" class=\"attachment-medium size-medium wp-image-308\" alt=\"kaivac - distributeur -apfn hygi\u00e8ne\" srcset=\"https:\/\/www.biso-aquitaine.fr\/wp-content\/uploads\/2017\/09\/kaizen-spray-293x300.jpg 293w, https:\/\/www.biso-aquitaine.fr\/wp-content\/uploads\/2017\/09\/kaizen-spray-768x786.jpg 768w, https:\/\/www.biso-aquitaine.fr\/wp-content\/uploads\/2017\/09\/kaizen-spray.jpg 782w\" sizes=\"(max-width: 293px) 100vw, 293px\" \/>\t\t\t\t\t\t\t\t\t\t\t\t\t\t\t<\/div>\n\t\t\t\t<\/div>\n\t\t\t\t\t<\/div>\n\t\t<\/div>\n\t\t\t\t\t<\/div>\n\t\t<\/section>\n\t\t\t\t<section class=\"elementor-section elementor-top-section elementor-element elementor-element-c32hyao elementor-section-boxed elementor-section-height-default elementor-section-height-default\" data-id=\"c32hyao\" data-element_type=\"section\">\n\t\t\t\t\t\t<div class=\"elementor-container elementor-column-gap-default\">\n\t\t\t\t\t<div class=\"elementor-column elementor-col-100 elementor-top-column elementor-element elementor-element-18c77gz\" data-id=\"18c77gz\" data-element_type=\"column\">\n\t\t\t<div class=\"elementor-widget-wrap elementor-element-populated\">\n\t\t\t\t\t\t<div class=\"elementor-element elementor-element-8fng156 elementor-widget elementor-widget-text-editor\" data-id=\"8fng156\" data-element_type=\"widget\" data-widget_type=\"text-editor.default\">\n\t\t\t\t<div class=\"elementor-widget-container\">\n\t\t\t\t\t\t\t\t\t<h2><strong>Un \u00e9quipement plus intelligent pour le nettoyage de la cuisine<\/strong><\/h2><p>Les \u00e9tablissements de restauration font face \u00e0 des d\u00e9fis uniques dans le nettoyage des cuisines. Par nature, les cuisines g\u00e9n\u00e8rent de grands volumes de salissures tr\u00e8s difficiles \u00e0 \u00e9liminer.<\/p><p>En outre, ces salet\u00e9s se retrouvent dans les zones de repas, les toilettes et tout l&rsquo;\u00e9tablissement. Ceci peut entra\u00eener des co\u00fbts \u00e9lev\u00e9s, avec une perte d&rsquo;activit\u00e9, des glissades accidentelles\u2026<\/p><p>Les syst\u00e8mes de Kaivac int\u00e8grent les derni\u00e8res technologies d&rsquo;\u00e9limination des salissures. En effet, des \u00e9tudes scientifiques ont prouv\u00e9 qu&rsquo;ils sont jusqu&rsquo;\u00e0 60 fois plus efficaces que les serpilli\u00e8res pour r\u00e9duire la contamination bact\u00e9rienne. Ils garantissent l&rsquo;utilisation de solutions fra\u00eeches et d&rsquo;eau de rin\u00e7age propre, ce qui \u00e9vite donc la contamination crois\u00e9e entre les toilettes et les cuisines.<\/p><div>\u00a0<\/div>\t\t\t\t\t\t\t\t<\/div>\n\t\t\t\t<\/div>\n\t\t\t\t<div class=\"elementor-element elementor-element-smaks2x elementor-widget elementor-widget-image\" data-id=\"smaks2x\" data-element_type=\"widget\" data-widget_type=\"image.default\">\n\t\t\t\t<div class=\"elementor-widget-container\">\n\t\t\t\t\t\t\t\t\t\t\t\t\t\t\t<img decoding=\"async\" width=\"300\" height=\"201\" src=\"https:\/\/www.biso-aquitaine.fr\/wp-content\/uploads\/2017\/09\/dsc08955_copy-300x201.jpg\" class=\"attachment-medium size-medium wp-image-307\" alt=\"kaivac - distributeur -apfn hygi\u00e8ne\" srcset=\"https:\/\/www.biso-aquitaine.fr\/wp-content\/uploads\/2017\/09\/dsc08955_copy-300x201.jpg 300w, https:\/\/www.biso-aquitaine.fr\/wp-content\/uploads\/2017\/09\/dsc08955_copy-768x514.jpg 768w, https:\/\/www.biso-aquitaine.fr\/wp-content\/uploads\/2017\/09\/dsc08955_copy.jpg 960w\" sizes=\"(max-width: 300px) 100vw, 300px\" \/>\t\t\t\t\t\t\t\t\t\t\t\t\t\t\t<\/div>\n\t\t\t\t<\/div>\n\t\t\t\t\t<\/div>\n\t\t<\/div>\n\t\t\t\t\t<\/div>\n\t\t<\/section>\n\t\t\t\t<section class=\"elementor-section elementor-top-section elementor-element elementor-element-1x3b8tq elementor-section-boxed elementor-section-height-default elementor-section-height-default\" data-id=\"1x3b8tq\" data-element_type=\"section\">\n\t\t\t\t\t\t<div class=\"elementor-container elementor-column-gap-default\">\n\t\t\t\t\t<div class=\"elementor-column elementor-col-100 elementor-top-column elementor-element elementor-element-3gkh7qk\" data-id=\"3gkh7qk\" data-element_type=\"column\">\n\t\t\t<div class=\"elementor-widget-wrap elementor-element-populated\">\n\t\t\t\t\t\t<div class=\"elementor-element elementor-element-gqnmejh elementor-widget elementor-widget-text-editor\" data-id=\"gqnmejh\" data-element_type=\"widget\" data-widget_type=\"text-editor.default\">\n\t\t\t\t<div class=\"elementor-widget-container\">\n\t\t\t\t\t\t\t\t\t<div><h2><strong>Des solutions simples et rentables pour des sols plus propres<\/strong><\/h2><\/div><div><div>Dans tous les \u00e9tablissements, les all\u00e9es et autres grandes surfaces au sol repr\u00e9sentent une proportion \u00e9norme de surfaces nettoyables. Si elles sont mal entretenues, ces surfaces peuvent vite devenir insalubres et dangereuses. Les \u00e9tablissements d\u00e9pensent donc des sommes non n\u00e9gligeables et beaucoup de temps pour le nettoyage des sols durs. Malheureusement, les outils utilis\u00e9s sont souvent inad\u00e9quats ou exag\u00e9r\u00e9s.<\/div><div>\u00a0<\/div><div>Kaivac propose des syst\u00e8mes innovants de nettoyage des sols qui combinent l\u2019efficacit\u00e9, la productivit\u00e9, la simplicit\u00e9 et la rentabilit\u00e9. Plus besoin de sacrifier des r\u00e9sultats de haute performance aux co\u00fbts et \u00e0 la simplicit\u00e9. De plus, les m\u00e9thodes de Kaivac sont douces pour les sols et les rev\u00eatements dans le but contribuer \u00e0 prolonger leur dur\u00e9e de vie et \u00e0 r\u00e9duire les op\u00e9rations de retouche.<\/div><\/div><div>\u00a0<\/div>\t\t\t\t\t\t\t\t<\/div>\n\t\t\t\t<\/div>\n\t\t\t\t<div class=\"elementor-element elementor-element-djiujp1 elementor-widget elementor-widget-image\" data-id=\"djiujp1\" data-element_type=\"widget\" data-widget_type=\"image.default\">\n\t\t\t\t<div class=\"elementor-widget-container\">\n\t\t\t\t\t\t\t\t\t\t\t\t\t\t\t<img loading=\"lazy\" decoding=\"async\" width=\"639\" height=\"281\" src=\"https:\/\/www.biso-aquitaine.fr\/wp-content\/uploads\/2017\/09\/gif-kaivac-1.gif\" class=\"attachment-large size-large wp-image-309\" alt=\"kaivac - distributeur -apfn hygi\u00e8ne\" \/>\t\t\t\t\t\t\t\t\t\t\t\t\t\t\t<\/div>\n\t\t\t\t<\/div>\n\t\t\t\t\t<\/div>\n\t\t<\/div>\n\t\t\t\t\t<\/div>\n\t\t<\/section>\n\t\t\t\t<section class=\"elementor-section elementor-top-section elementor-element elementor-element-6n7anlf elementor-section-boxed elementor-section-height-default elementor-section-height-default\" data-id=\"6n7anlf\" data-element_type=\"section\">\n\t\t\t\t\t\t<div class=\"elementor-container elementor-column-gap-default\">\n\t\t\t\t\t<div class=\"elementor-column elementor-col-100 elementor-top-column elementor-element elementor-element-1bbubzd\" data-id=\"1bbubzd\" data-element_type=\"column\">\n\t\t\t<div class=\"elementor-widget-wrap elementor-element-populated\">\n\t\t\t\t\t\t<div class=\"elementor-element elementor-element-w8tw7uy elementor-widget elementor-widget-heading\" data-id=\"w8tw7uy\" data-element_type=\"widget\" data-widget_type=\"heading.default\">\n\t\t\t\t<div class=\"elementor-widget-container\">\n\t\t\t\t\t<h2 class=\"elementor-heading-title elementor-size-default\">Notre catalogue\n<\/h2>\t\t\t\t<\/div>\n\t\t\t\t<\/div>\n\t\t\t\t\t<\/div>\n\t\t<\/div>\n\t\t\t\t\t<\/div>\n\t\t<\/section>\n\t\t\t\t<section class=\"elementor-section elementor-top-section elementor-element elementor-element-ek1nq94 elementor-section-boxed elementor-section-height-default elementor-section-height-default\" data-id=\"ek1nq94\" data-element_type=\"section\">\n\t\t\t\t\t\t<div class=\"elementor-container elementor-column-gap-default\">\n\t\t\t\t\t<div class=\"elementor-column elementor-col-100 elementor-top-column elementor-element elementor-element-04nncm1\" data-id=\"04nncm1\" data-element_type=\"column\">\n\t\t\t<div class=\"elementor-widget-wrap elementor-element-populated\">\n\t\t\t\t\t\t<div class=\"elementor-element elementor-element-4nhnxg5 elementor-widget elementor-widget-text-editor\" data-id=\"4nhnxg5\" data-element_type=\"widget\" data-widget_type=\"text-editor.default\">\n\t\t\t\t<div class=\"elementor-widget-container\">\n\t\t\t\t\t\t\t\t\t<p><a href=\"http:\/\/www.biso.fr\/wp-content\/uploads\/2017\/09\/153553390124954.pdf\">Notre catalogue<\/a><\/p>\t\t\t\t\t\t\t\t<\/div>\n\t\t\t\t<\/div>\n\t\t\t\t\t<\/div>\n\t\t<\/div>\n\t\t\t\t\t<\/div>\n\t\t<\/section>\n\t\t\t\t<\/div>\n\t\t","protected":false},"excerpt":{"rendered":"<div class=\"slide-text-bg2\"><span>Des solutions pour entretenir les sols \u00a0 Kaivac : un nettoyage r\u00e9volutionnaire des toilettes Kaivac se charge de la plus ingrate des t\u00e2ches dans le b\u00e2t<\/span><\/div>\n<div class=\"slide-btn-area-sm\"><a href=\"https:\/\/www.biso-aquitaine.fr\/index.php\/kaivac-solutions-entretenir-sols\/\" class=\"slide-btn-sm\">Lire la suite<\/a><\/div>\n","protected":false},"author":2,"featured_media":0,"parent":0,"menu_order":0,"comment_status":"closed","ping_status":"closed","template":"","meta":{"footnotes":""},"class_list":["post-302","page","type-page","status-publish","hentry"],"yoast_head":"<!-- This site is optimized with the Yoast SEO plugin v26.8 - https:\/\/yoast.com\/product\/yoast-seo-wordpress\/ -->\n<title>KAIVAC -<\/title>\n<meta name=\"description\" content=\"Les syst\u00e8mres KAIVAC sont des solutions pour le nettoyage des sols. Ils permettent de d\u00e9contaminer les sols sans produits chimiques.\" \/>\n<meta name=\"robots\" content=\"index, follow, max-snippet:-1, max-image-preview:large, max-video-preview:-1\" \/>\n<link rel=\"canonical\" href=\"https:\/\/www.biso-aquitaine.fr\/index.php\/kaivac-solutions-entretenir-sols\/\" \/>\n<meta property=\"og:locale\" content=\"fr_FR\" \/>\n<meta property=\"og:type\" content=\"article\" \/>\n<meta property=\"og:title\" content=\"KAIVAC -\" \/>\n<meta property=\"og:description\" content=\"Les syst\u00e8mres KAIVAC sont des solutions pour le nettoyage des sols. Ils permettent de d\u00e9contaminer les sols sans produits chimiques.\" \/>\n<meta property=\"og:url\" content=\"https:\/\/www.biso-aquitaine.fr\/index.php\/kaivac-solutions-entretenir-sols\/\" \/>\n<meta property=\"article:publisher\" content=\"https:\/\/www.facebook.com\/apfn-hygi%c3%a8ne-145838925596381\/?ref=bookmarks\" \/>\n<meta property=\"article:modified_time\" content=\"2017-09-22T14:50:27+00:00\" \/>\n<meta property=\"og:image\" content=\"http:\/\/www.biso.fr\/wp-content\/uploads\/2017\/09\/2c0d4f_3acac73073f8486b83c5483e7a49aaabmv2_d_1879_1921_s_2-150x150.jpg\" \/>\n<meta name=\"twitter:card\" content=\"summary_large_image\" \/>\n<meta name=\"twitter:label1\" content=\"Dur\u00e9e de lecture estim\u00e9e\" \/>\n\t<meta name=\"twitter:data1\" content=\"2 minutes\" \/>\n<script type=\"application\/ld+json\" class=\"yoast-schema-graph\">{\"@context\":\"https:\/\/schema.org\",\"@graph\":[{\"@type\":\"WebPage\",\"@id\":\"https:\/\/www.biso-aquitaine.fr\/index.php\/kaivac-solutions-entretenir-sols\/\",\"url\":\"https:\/\/www.biso-aquitaine.fr\/index.php\/kaivac-solutions-entretenir-sols\/\",\"name\":\"KAIVAC -\",\"isPartOf\":{\"@id\":\"https:\/\/www.biso-aquitaine.fr\/#website\"},\"primaryImageOfPage\":{\"@id\":\"https:\/\/www.biso-aquitaine.fr\/index.php\/kaivac-solutions-entretenir-sols\/#primaryimage\"},\"image\":{\"@id\":\"https:\/\/www.biso-aquitaine.fr\/index.php\/kaivac-solutions-entretenir-sols\/#primaryimage\"},\"thumbnailUrl\":\"http:\/\/www.biso.fr\/wp-content\/uploads\/2017\/09\/2c0d4f_3acac73073f8486b83c5483e7a49aaabmv2_d_1879_1921_s_2-150x150.jpg\",\"datePublished\":\"2017-09-08T09:44:10+00:00\",\"dateModified\":\"2017-09-22T14:50:27+00:00\",\"description\":\"Les syst\u00e8mres KAIVAC sont des solutions pour le nettoyage des sols. Ils permettent de d\u00e9contaminer les sols sans produits chimiques.\",\"inLanguage\":\"fr-FR\",\"potentialAction\":[{\"@type\":\"ReadAction\",\"target\":[\"https:\/\/www.biso-aquitaine.fr\/index.php\/kaivac-solutions-entretenir-sols\/\"]}]},{\"@type\":\"ImageObject\",\"inLanguage\":\"fr-FR\",\"@id\":\"https:\/\/www.biso-aquitaine.fr\/index.php\/kaivac-solutions-entretenir-sols\/#primaryimage\",\"url\":\"http:\/\/www.biso.fr\/wp-content\/uploads\/2017\/09\/2c0d4f_3acac73073f8486b83c5483e7a49aaabmv2_d_1879_1921_s_2-150x150.jpg\",\"contentUrl\":\"http:\/\/www.biso.fr\/wp-content\/uploads\/2017\/09\/2c0d4f_3acac73073f8486b83c5483e7a49aaabmv2_d_1879_1921_s_2-150x150.jpg\"},{\"@type\":\"WebSite\",\"@id\":\"https:\/\/www.biso-aquitaine.fr\/#website\",\"url\":\"https:\/\/www.biso-aquitaine.fr\/\",\"name\":\"\",\"description\":\"\",\"potentialAction\":[{\"@type\":\"SearchAction\",\"target\":{\"@type\":\"EntryPoint\",\"urlTemplate\":\"https:\/\/www.biso-aquitaine.fr\/?s={search_term_string}\"},\"query-input\":{\"@type\":\"PropertyValueSpecification\",\"valueRequired\":true,\"valueName\":\"search_term_string\"}}],\"inLanguage\":\"fr-FR\"}]}<\/script>\n<!-- \/ Yoast SEO plugin. -->","yoast_head_json":{"title":"KAIVAC -","description":"Les syst\u00e8mres KAIVAC sont des solutions pour le nettoyage des sols. Ils permettent de d\u00e9contaminer les sols sans produits chimiques.","robots":{"index":"index","follow":"follow","max-snippet":"max-snippet:-1","max-image-preview":"max-image-preview:large","max-video-preview":"max-video-preview:-1"},"canonical":"https:\/\/www.biso-aquitaine.fr\/index.php\/kaivac-solutions-entretenir-sols\/","og_locale":"fr_FR","og_type":"article","og_title":"KAIVAC -","og_description":"Les syst\u00e8mres KAIVAC sont des solutions pour le nettoyage des sols. Ils permettent de d\u00e9contaminer les sols sans produits chimiques.","og_url":"https:\/\/www.biso-aquitaine.fr\/index.php\/kaivac-solutions-entretenir-sols\/","article_publisher":"https:\/\/www.facebook.com\/apfn-hygi%c3%a8ne-145838925596381\/?ref=bookmarks","article_modified_time":"2017-09-22T14:50:27+00:00","og_image":[{"url":"http:\/\/www.biso.fr\/wp-content\/uploads\/2017\/09\/2c0d4f_3acac73073f8486b83c5483e7a49aaabmv2_d_1879_1921_s_2-150x150.jpg","type":"","width":"","height":""}],"twitter_card":"summary_large_image","twitter_misc":{"Dur\u00e9e de lecture estim\u00e9e":"2 minutes"},"schema":{"@context":"https:\/\/schema.org","@graph":[{"@type":"WebPage","@id":"https:\/\/www.biso-aquitaine.fr\/index.php\/kaivac-solutions-entretenir-sols\/","url":"https:\/\/www.biso-aquitaine.fr\/index.php\/kaivac-solutions-entretenir-sols\/","name":"KAIVAC -","isPartOf":{"@id":"https:\/\/www.biso-aquitaine.fr\/#website"},"primaryImageOfPage":{"@id":"https:\/\/www.biso-aquitaine.fr\/index.php\/kaivac-solutions-entretenir-sols\/#primaryimage"},"image":{"@id":"https:\/\/www.biso-aquitaine.fr\/index.php\/kaivac-solutions-entretenir-sols\/#primaryimage"},"thumbnailUrl":"http:\/\/www.biso.fr\/wp-content\/uploads\/2017\/09\/2c0d4f_3acac73073f8486b83c5483e7a49aaabmv2_d_1879_1921_s_2-150x150.jpg","datePublished":"2017-09-08T09:44:10+00:00","dateModified":"2017-09-22T14:50:27+00:00","description":"Les syst\u00e8mres KAIVAC sont des solutions pour le nettoyage des sols. Ils permettent de d\u00e9contaminer les sols sans produits chimiques.","inLanguage":"fr-FR","potentialAction":[{"@type":"ReadAction","target":["https:\/\/www.biso-aquitaine.fr\/index.php\/kaivac-solutions-entretenir-sols\/"]}]},{"@type":"ImageObject","inLanguage":"fr-FR","@id":"https:\/\/www.biso-aquitaine.fr\/index.php\/kaivac-solutions-entretenir-sols\/#primaryimage","url":"http:\/\/www.biso.fr\/wp-content\/uploads\/2017\/09\/2c0d4f_3acac73073f8486b83c5483e7a49aaabmv2_d_1879_1921_s_2-150x150.jpg","contentUrl":"http:\/\/www.biso.fr\/wp-content\/uploads\/2017\/09\/2c0d4f_3acac73073f8486b83c5483e7a49aaabmv2_d_1879_1921_s_2-150x150.jpg"},{"@type":"WebSite","@id":"https:\/\/www.biso-aquitaine.fr\/#website","url":"https:\/\/www.biso-aquitaine.fr\/","name":"","description":"","potentialAction":[{"@type":"SearchAction","target":{"@type":"EntryPoint","urlTemplate":"https:\/\/www.biso-aquitaine.fr\/?s={search_term_string}"},"query-input":{"@type":"PropertyValueSpecification","valueRequired":true,"valueName":"search_term_string"}}],"inLanguage":"fr-FR"}]}},"_links":{"self":[{"href":"https:\/\/www.biso-aquitaine.fr\/index.php\/wp-json\/wp\/v2\/pages\/302","targetHints":{"allow":["GET"]}}],"collection":[{"href":"https:\/\/www.biso-aquitaine.fr\/index.php\/wp-json\/wp\/v2\/pages"}],"about":[{"href":"https:\/\/www.biso-aquitaine.fr\/index.php\/wp-json\/wp\/v2\/types\/page"}],"author":[{"embeddable":true,"href":"https:\/\/www.biso-aquitaine.fr\/index.php\/wp-json\/wp\/v2\/users\/2"}],"replies":[{"embeddable":true,"href":"https:\/\/www.biso-aquitaine.fr\/index.php\/wp-json\/wp\/v2\/comments?post=302"}],"version-history":[{"count":24,"href":"https:\/\/www.biso-aquitaine.fr\/index.php\/wp-json\/wp\/v2\/pages\/302\/revisions"}],"predecessor-version":[{"id":682,"href":"https:\/\/www.biso-aquitaine.fr\/index.php\/wp-json\/wp\/v2\/pages\/302\/revisions\/682"}],"wp:attachment":[{"href":"https:\/\/www.biso-aquitaine.fr\/index.php\/wp-json\/wp\/v2\/media?parent=302"}],"curies":[{"name":"wp","href":"https:\/\/api.w.org\/{rel}","templated":true}]}}