{"id":3143,"date":"2021-07-16T10:53:21","date_gmt":"2021-07-16T08:53:21","guid":{"rendered":"https:\/\/www.biso-aquitaine.fr\/?page_id=3143"},"modified":"2021-07-16T11:11:56","modified_gmt":"2021-07-16T09:11:56","slug":"chars-a-bras","status":"publish","type":"page","link":"https:\/\/www.biso-aquitaine.fr\/index.php\/chars-a-bras\/","title":{"rendered":"Chars \u00e0 bras"},"content":{"rendered":"\t\t<div data-elementor-type=\"wp-page\" data-elementor-id=\"3143\" class=\"elementor elementor-3143\">\n\t\t\t\t\t\t<section class=\"elementor-section elementor-top-section elementor-element elementor-element-79fcc217 elementor-section-boxed elementor-section-height-default elementor-section-height-default\" data-id=\"79fcc217\" data-element_type=\"section\">\n\t\t\t\t\t\t<div class=\"elementor-container elementor-column-gap-default\">\n\t\t\t\t\t<div class=\"elementor-column elementor-col-100 elementor-top-column elementor-element elementor-element-4210f8e2\" data-id=\"4210f8e2\" data-element_type=\"column\">\n\t\t\t<div class=\"elementor-widget-wrap elementor-element-populated\">\n\t\t\t\t\t\t<div class=\"elementor-element elementor-element-13aa602 elementor-widget elementor-widget-heading\" data-id=\"13aa602\" data-element_type=\"widget\" data-widget_type=\"heading.default\">\n\t\t\t\t<div class=\"elementor-widget-container\">\n\t\t\t\t\t<h2 class=\"elementor-heading-title elementor-size-default\">Chars \u00e0 bras l\u00e9ger avec cuvette en plastique<\/h2>\t\t\t\t<\/div>\n\t\t\t\t<\/div>\n\t\t\t\t\t<\/div>\n\t\t<\/div>\n\t\t\t\t\t<\/div>\n\t\t<\/section>\n\t\t\t\t<section class=\"elementor-section elementor-top-section elementor-element elementor-element-3028dea elementor-section-boxed elementor-section-height-default elementor-section-height-default\" data-id=\"3028dea\" data-element_type=\"section\">\n\t\t\t\t\t\t<div class=\"elementor-container elementor-column-gap-default\">\n\t\t\t\t\t<div class=\"elementor-column elementor-col-33 elementor-top-column elementor-element elementor-element-d379c5e\" data-id=\"d379c5e\" data-element_type=\"column\">\n\t\t\t<div class=\"elementor-widget-wrap elementor-element-populated\">\n\t\t\t\t\t\t<div class=\"elementor-element elementor-element-91765f0 elementor-widget elementor-widget-image\" data-id=\"91765f0\" data-element_type=\"widget\" data-widget_type=\"image.default\">\n\t\t\t\t<div class=\"elementor-widget-container\">\n\t\t\t\t\t\t\t\t\t\t\t\t\t\t\t<img fetchpriority=\"high\" decoding=\"async\" width=\"640\" height=\"492\" src=\"https:\/\/www.biso-aquitaine.fr\/wp-content\/uploads\/2021\/07\/D1041.jpg\" class=\"attachment-large size-large wp-image-3139\" alt=\"\" srcset=\"https:\/\/www.biso-aquitaine.fr\/wp-content\/uploads\/2021\/07\/D1041.jpg 640w, https:\/\/www.biso-aquitaine.fr\/wp-content\/uploads\/2021\/07\/D1041-300x231.jpg 300w\" sizes=\"(max-width: 640px) 100vw, 640px\" \/>\t\t\t\t\t\t\t\t\t\t\t\t\t\t\t<\/div>\n\t\t\t\t<\/div>\n\t\t\t\t\t<\/div>\n\t\t<\/div>\n\t\t\t\t<div class=\"elementor-column elementor-col-66 elementor-top-column elementor-element elementor-element-c29ddc4\" data-id=\"c29ddc4\" data-element_type=\"column\">\n\t\t\t<div class=\"elementor-widget-wrap elementor-element-populated\">\n\t\t\t\t\t\t<div class=\"elementor-element elementor-element-f585fd4 elementor-widget elementor-widget-text-editor\" data-id=\"f585fd4\" data-element_type=\"widget\" data-widget_type=\"text-editor.default\">\n\t\t\t\t<div class=\"elementor-widget-container\">\n\t\t\t\t\t\t\t\t\t<p>Construction en tube d&rsquo;acier, rev\u00eatement \u00e9poxy bleu RAL 5007.\u00a0<\/p><p>Cuvette en plastique noire de 90 litres\u00a0<\/p><p>Dimensions : L715 x l 420 x h 320 mm<\/p><p>Poids : 10.5 kg<\/p><p>Roues gonflables 260 x 85 mm<\/p><p>Charge total : 200 kg<\/p><p>\u00a0<\/p>\t\t\t\t\t\t\t\t<\/div>\n\t\t\t\t<\/div>\n\t\t\t\t\t<\/div>\n\t\t<\/div>\n\t\t\t\t\t<\/div>\n\t\t<\/section>\n\t\t\t\t<section class=\"elementor-section elementor-top-section elementor-element elementor-element-fd05b19 elementor-section-boxed elementor-section-height-default elementor-section-height-default\" data-id=\"fd05b19\" data-element_type=\"section\">\n\t\t\t\t\t\t<div class=\"elementor-container elementor-column-gap-default\">\n\t\t\t\t\t<div class=\"elementor-column elementor-col-100 elementor-top-column elementor-element elementor-element-2199cfb\" data-id=\"2199cfb\" data-element_type=\"column\">\n\t\t\t<div class=\"elementor-widget-wrap elementor-element-populated\">\n\t\t\t\t\t\t<div class=\"elementor-element elementor-element-e223907 elementor-widget elementor-widget-text-editor\" data-id=\"e223907\" data-element_type=\"widget\" data-widget_type=\"text-editor.default\">\n\t\t\t\t<div class=\"elementor-widget-container\">\n\t\t\t\t\t\t\t\t\t<p><a href=\"https:\/\/www.biso-aquitaine.fr\/wp-content\/uploads\/2021\/07\/D1041.pdf\">FT &#8211; D1041 &#8211; Chars \u00e0 bras l\u00e9gers<\/a><\/p>\t\t\t\t\t\t\t\t<\/div>\n\t\t\t\t<\/div>\n\t\t\t\t<div class=\"elementor-element elementor-element-e27288e elementor-widget-divider--view-line elementor-widget elementor-widget-divider\" data-id=\"e27288e\" data-element_type=\"widget\" data-widget_type=\"divider.default\">\n\t\t\t\t<div class=\"elementor-widget-container\">\n\t\t\t\t\t\t\t<div class=\"elementor-divider\">\n\t\t\t<span class=\"elementor-divider-separator\">\n\t\t\t\t\t\t<\/span>\n\t\t<\/div>\n\t\t\t\t\t\t<\/div>\n\t\t\t\t<\/div>\n\t\t\t\t<div class=\"elementor-element elementor-element-86c43dd elementor-widget elementor-widget-heading\" data-id=\"86c43dd\" data-element_type=\"widget\" data-widget_type=\"heading.default\">\n\t\t\t\t<div class=\"elementor-widget-container\">\n\t\t\t\t\t<h2 class=\"elementor-heading-title elementor-size-default\">Chars \u00e0 bras l\u00e9gers avec 1 essieu et 4 ridelles<\/h2>\t\t\t\t<\/div>\n\t\t\t\t<\/div>\n\t\t\t\t\t<\/div>\n\t\t<\/div>\n\t\t\t\t\t<\/div>\n\t\t<\/section>\n\t\t\t\t<section class=\"elementor-section elementor-top-section elementor-element elementor-element-9b8bb19 elementor-section-boxed elementor-section-height-default elementor-section-height-default\" data-id=\"9b8bb19\" data-element_type=\"section\">\n\t\t\t\t\t\t<div class=\"elementor-container elementor-column-gap-default\">\n\t\t\t\t\t<div class=\"elementor-column elementor-col-33 elementor-top-column elementor-element elementor-element-85104c6\" data-id=\"85104c6\" data-element_type=\"column\">\n\t\t\t<div class=\"elementor-widget-wrap elementor-element-populated\">\n\t\t\t\t\t\t<div class=\"elementor-element elementor-element-3518bc8 elementor-widget elementor-widget-spacer\" data-id=\"3518bc8\" data-element_type=\"widget\" data-widget_type=\"spacer.default\">\n\t\t\t\t<div class=\"elementor-widget-container\">\n\t\t\t\t\t\t\t<div class=\"elementor-spacer\">\n\t\t\t<div class=\"elementor-spacer-inner\"><\/div>\n\t\t<\/div>\n\t\t\t\t\t\t<\/div>\n\t\t\t\t<\/div>\n\t\t\t\t<div class=\"elementor-element elementor-element-70ef2d1 elementor-widget elementor-widget-image\" data-id=\"70ef2d1\" data-element_type=\"widget\" data-widget_type=\"image.default\">\n\t\t\t\t<div class=\"elementor-widget-container\">\n\t\t\t\t\t\t\t\t\t\t\t\t\t\t\t<img decoding=\"async\" width=\"640\" height=\"327\" src=\"https:\/\/www.biso-aquitaine.fr\/wp-content\/uploads\/2021\/07\/D1001P.jpg\" class=\"attachment-large size-large wp-image-3135\" alt=\"\" srcset=\"https:\/\/www.biso-aquitaine.fr\/wp-content\/uploads\/2021\/07\/D1001P.jpg 640w, https:\/\/www.biso-aquitaine.fr\/wp-content\/uploads\/2021\/07\/D1001P-300x153.jpg 300w\" sizes=\"(max-width: 640px) 100vw, 640px\" \/>\t\t\t\t\t\t\t\t\t\t\t\t\t\t\t<\/div>\n\t\t\t\t<\/div>\n\t\t\t\t\t<\/div>\n\t\t<\/div>\n\t\t\t\t<div class=\"elementor-column elementor-col-66 elementor-top-column elementor-element elementor-element-7e18a2c\" data-id=\"7e18a2c\" data-element_type=\"column\">\n\t\t\t<div class=\"elementor-widget-wrap elementor-element-populated\">\n\t\t\t\t\t\t<div class=\"elementor-element elementor-element-580bd76 elementor-widget elementor-widget-text-editor\" data-id=\"580bd76\" data-element_type=\"widget\" data-widget_type=\"text-editor.default\">\n\t\t\t\t<div class=\"elementor-widget-container\">\n\t\t\t\t\t\t\t\t\t<p>Construction en tube d&rsquo;acier, rev\u00eatement \u00e9poxy bleu RAL 5007<\/p><p>Tubes de 250 mm\u00a0 de haut,\u00a0<span style=\"letter-spacing: 0.2px;\">4 ridelles et plateforme en contreplaqu\u00e9 hydrofuge<\/span><\/p><p>Attache pour bicyclette en option<\/p><p>Dimensions : L795 x l 445 mm<\/p><p>Poids : 21 KG<\/p><p>Roues gonflables : 260 x 85 mm<\/p>\t\t\t\t\t\t\t\t<\/div>\n\t\t\t\t<\/div>\n\t\t\t\t\t<\/div>\n\t\t<\/div>\n\t\t\t\t\t<\/div>\n\t\t<\/section>\n\t\t\t\t<section class=\"elementor-section elementor-top-section elementor-element elementor-element-b1c6753 elementor-section-boxed elementor-section-height-default elementor-section-height-default\" data-id=\"b1c6753\" data-element_type=\"section\">\n\t\t\t\t\t\t<div class=\"elementor-container elementor-column-gap-default\">\n\t\t\t\t\t<div class=\"elementor-column elementor-col-100 elementor-top-column elementor-element elementor-element-a8c3e45\" data-id=\"a8c3e45\" data-element_type=\"column\">\n\t\t\t<div class=\"elementor-widget-wrap elementor-element-populated\">\n\t\t\t\t\t\t<div class=\"elementor-element elementor-element-6c848ee elementor-widget elementor-widget-text-editor\" data-id=\"6c848ee\" data-element_type=\"widget\" data-widget_type=\"text-editor.default\">\n\t\t\t\t<div class=\"elementor-widget-container\">\n\t\t\t\t\t\t\t\t\t<p><a href=\"https:\/\/www.biso-aquitaine.fr\/wp-content\/uploads\/2021\/07\/D1001P.pdf\">FT &#8211; D1001P &#8211; Chars \u00e0 bras l\u00e9gers avec essieu et ridelles<\/a><\/p>\t\t\t\t\t\t\t\t<\/div>\n\t\t\t\t<\/div>\n\t\t\t\t\t<\/div>\n\t\t<\/div>\n\t\t\t\t\t<\/div>\n\t\t<\/section>\n\t\t\t\t<section class=\"elementor-section elementor-top-section elementor-element elementor-element-193656b elementor-section-boxed elementor-section-height-default elementor-section-height-default\" data-id=\"193656b\" data-element_type=\"section\">\n\t\t\t\t\t\t<div class=\"elementor-container elementor-column-gap-default\">\n\t\t\t\t\t<div class=\"elementor-column elementor-col-100 elementor-top-column elementor-element elementor-element-b78da96\" data-id=\"b78da96\" data-element_type=\"column\">\n\t\t\t<div class=\"elementor-widget-wrap elementor-element-populated\">\n\t\t\t\t\t\t<div class=\"elementor-element elementor-element-8b3e784 elementor-widget-divider--view-line elementor-widget elementor-widget-divider\" data-id=\"8b3e784\" data-element_type=\"widget\" data-widget_type=\"divider.default\">\n\t\t\t\t<div class=\"elementor-widget-container\">\n\t\t\t\t\t\t\t<div class=\"elementor-divider\">\n\t\t\t<span class=\"elementor-divider-separator\">\n\t\t\t\t\t\t<\/span>\n\t\t<\/div>\n\t\t\t\t\t\t<\/div>\n\t\t\t\t<\/div>\n\t\t\t\t\t<\/div>\n\t\t<\/div>\n\t\t\t\t\t<\/div>\n\t\t<\/section>\n\t\t\t\t<section class=\"elementor-section elementor-top-section elementor-element elementor-element-0ff2886 elementor-section-boxed elementor-section-height-default elementor-section-height-default\" data-id=\"0ff2886\" data-element_type=\"section\">\n\t\t\t\t\t\t<div class=\"elementor-container elementor-column-gap-default\">\n\t\t\t\t\t<div class=\"elementor-column elementor-col-100 elementor-top-column elementor-element elementor-element-c91ae69\" data-id=\"c91ae69\" data-element_type=\"column\">\n\t\t\t<div class=\"elementor-widget-wrap elementor-element-populated\">\n\t\t\t\t\t\t<div class=\"elementor-element elementor-element-edd36c5 elementor-widget elementor-widget-heading\" data-id=\"edd36c5\" data-element_type=\"widget\" data-widget_type=\"heading.default\">\n\t\t\t\t<div class=\"elementor-widget-container\">\n\t\t\t\t\t<h2 class=\"elementor-heading-title elementor-size-default\">Chars \u00e0 bras<\/h2>\t\t\t\t<\/div>\n\t\t\t\t<\/div>\n\t\t\t\t\t<\/div>\n\t\t<\/div>\n\t\t\t\t\t<\/div>\n\t\t<\/section>\n\t\t\t\t<section class=\"elementor-section elementor-top-section elementor-element elementor-element-7b8ce4b elementor-section-boxed elementor-section-height-default elementor-section-height-default\" data-id=\"7b8ce4b\" data-element_type=\"section\">\n\t\t\t\t\t\t<div class=\"elementor-container elementor-column-gap-default\">\n\t\t\t\t\t<div class=\"elementor-column elementor-col-33 elementor-top-column elementor-element elementor-element-ee6db4f\" data-id=\"ee6db4f\" data-element_type=\"column\">\n\t\t\t<div class=\"elementor-widget-wrap elementor-element-populated\">\n\t\t\t\t\t\t<div class=\"elementor-element elementor-element-d897432 elementor-widget elementor-widget-image\" data-id=\"d897432\" data-element_type=\"widget\" data-widget_type=\"image.default\">\n\t\t\t\t<div class=\"elementor-widget-container\">\n\t\t\t\t\t\t\t\t\t\t\t\t\t\t\t<img decoding=\"async\" width=\"640\" height=\"481\" src=\"https:\/\/www.biso-aquitaine.fr\/wp-content\/uploads\/2021\/07\/D1004P.jpg\" class=\"attachment-large size-large wp-image-3138\" alt=\"\" srcset=\"https:\/\/www.biso-aquitaine.fr\/wp-content\/uploads\/2021\/07\/D1004P.jpg 640w, https:\/\/www.biso-aquitaine.fr\/wp-content\/uploads\/2021\/07\/D1004P-300x225.jpg 300w\" sizes=\"(max-width: 640px) 100vw, 640px\" \/>\t\t\t\t\t\t\t\t\t\t\t\t\t\t\t<\/div>\n\t\t\t\t<\/div>\n\t\t\t\t\t<\/div>\n\t\t<\/div>\n\t\t\t\t<div class=\"elementor-column elementor-col-66 elementor-top-column elementor-element elementor-element-a5a5466\" data-id=\"a5a5466\" data-element_type=\"column\">\n\t\t\t<div class=\"elementor-widget-wrap elementor-element-populated\">\n\t\t\t\t\t\t<div class=\"elementor-element elementor-element-d538215 elementor-widget elementor-widget-text-editor\" data-id=\"d538215\" data-element_type=\"widget\" data-widget_type=\"text-editor.default\">\n\t\t\t\t<div class=\"elementor-widget-container\">\n\t\t\t\t\t\t\t\t\t<p>Plateau multiplis \u00e9tanche\u00a0<\/p><p>Rev\u00eatement \u00e9poxy antichoc et antirayures<\/p><p>Timon rotatif \u00e0 poign\u00e9e, d\u00e9vissable et rabattable<\/p><p>Dimension :L 945 x l545 mm<\/p><p>Poids : 36 kg<\/p><p>Charge total : 400 kg<\/p>\t\t\t\t\t\t\t\t<\/div>\n\t\t\t\t<\/div>\n\t\t\t\t\t<\/div>\n\t\t<\/div>\n\t\t\t\t\t<\/div>\n\t\t<\/section>\n\t\t\t\t<section class=\"elementor-section elementor-top-section elementor-element elementor-element-2018a03 elementor-section-boxed elementor-section-height-default elementor-section-height-default\" data-id=\"2018a03\" data-element_type=\"section\">\n\t\t\t\t\t\t<div class=\"elementor-container elementor-column-gap-default\">\n\t\t\t\t\t<div class=\"elementor-column elementor-col-100 elementor-top-column elementor-element elementor-element-cbd42dd\" data-id=\"cbd42dd\" data-element_type=\"column\">\n\t\t\t<div class=\"elementor-widget-wrap elementor-element-populated\">\n\t\t\t\t\t\t<div class=\"elementor-element elementor-element-3a0e4fa elementor-widget elementor-widget-text-editor\" data-id=\"3a0e4fa\" data-element_type=\"widget\" data-widget_type=\"text-editor.default\">\n\t\t\t\t<div class=\"elementor-widget-container\">\n\t\t\t\t\t\t\t\t\t<p><a href=\"https:\/\/www.biso-aquitaine.fr\/wp-content\/uploads\/2021\/07\/d1004p-biso.pdf\">FT &#8211; D1004P- chars \u00e0 bras<\/a><\/p>\t\t\t\t\t\t\t\t<\/div>\n\t\t\t\t<\/div>\n\t\t\t\t\t<\/div>\n\t\t<\/div>\n\t\t\t\t\t<\/div>\n\t\t<\/section>\n\t\t\t\t<\/div>\n\t\t","protected":false},"excerpt":{"rendered":"<div class=\"slide-text-bg2\"><span>Chars \u00e0 bras l\u00e9ger avec cuvette en plastique Construction en tube d&rsquo;acier, rev\u00eatement \u00e9poxy bleu RAL 5007.&nbsp; Cuvette en plastique noire de 90<\/span><\/div>\n<div class=\"slide-btn-area-sm\"><a href=\"https:\/\/www.biso-aquitaine.fr\/index.php\/chars-a-bras\/\" class=\"slide-btn-sm\">Lire la suite<\/a><\/div>\n","protected":false},"author":2,"featured_media":0,"parent":0,"menu_order":0,"comment_status":"closed","ping_status":"closed","template":"","meta":{"footnotes":""},"class_list":["post-3143","page","type-page","status-publish","hentry"],"yoast_head":"<!-- This site is optimized with the Yoast SEO plugin v26.8 - https:\/\/yoast.com\/product\/yoast-seo-wordpress\/ -->\n<title>Chars \u00e0 bras -<\/title>\n<meta name=\"description\" content=\"Biso aquitaine vous propose diff\u00e9rents mod\u00e8les de chars \u00e0 bras afin de transporter facilement encombrants, linges, mat\u00e9riels...\" \/>\n<meta name=\"robots\" content=\"index, follow, max-snippet:-1, max-image-preview:large, max-video-preview:-1\" \/>\n<link rel=\"canonical\" href=\"https:\/\/www.biso-aquitaine.fr\/index.php\/chars-a-bras\/\" \/>\n<meta property=\"og:locale\" content=\"fr_FR\" \/>\n<meta property=\"og:type\" content=\"article\" \/>\n<meta property=\"og:title\" content=\"Chars \u00e0 bras -\" \/>\n<meta property=\"og:description\" content=\"Biso aquitaine vous propose diff\u00e9rents mod\u00e8les de chars \u00e0 bras afin de transporter facilement encombrants, linges, mat\u00e9riels...\" \/>\n<meta property=\"og:url\" content=\"https:\/\/www.biso-aquitaine.fr\/index.php\/chars-a-bras\/\" \/>\n<meta property=\"article:publisher\" content=\"https:\/\/www.facebook.com\/apfn-hygi%c3%a8ne-145838925596381\/?ref=bookmarks\" \/>\n<meta property=\"article:modified_time\" content=\"2021-07-16T09:11:56+00:00\" \/>\n<meta property=\"og:image\" content=\"https:\/\/www.biso-aquitaine.fr\/wp-content\/uploads\/2021\/07\/D1041.jpg\" \/>\n<meta name=\"twitter:card\" content=\"summary_large_image\" \/>\n<meta name=\"twitter:label1\" content=\"Dur\u00e9e de lecture estim\u00e9e\" \/>\n\t<meta name=\"twitter:data1\" content=\"2 minutes\" \/>\n<script type=\"application\/ld+json\" class=\"yoast-schema-graph\">{\"@context\":\"https:\/\/schema.org\",\"@graph\":[{\"@type\":\"WebPage\",\"@id\":\"https:\/\/www.biso-aquitaine.fr\/index.php\/chars-a-bras\/\",\"url\":\"https:\/\/www.biso-aquitaine.fr\/index.php\/chars-a-bras\/\",\"name\":\"Chars \u00e0 bras -\",\"isPartOf\":{\"@id\":\"https:\/\/www.biso-aquitaine.fr\/#website\"},\"primaryImageOfPage\":{\"@id\":\"https:\/\/www.biso-aquitaine.fr\/index.php\/chars-a-bras\/#primaryimage\"},\"image\":{\"@id\":\"https:\/\/www.biso-aquitaine.fr\/index.php\/chars-a-bras\/#primaryimage\"},\"thumbnailUrl\":\"https:\/\/www.biso-aquitaine.fr\/wp-content\/uploads\/2021\/07\/D1041.jpg\",\"datePublished\":\"2021-07-16T08:53:21+00:00\",\"dateModified\":\"2021-07-16T09:11:56+00:00\",\"description\":\"Biso aquitaine vous propose diff\u00e9rents mod\u00e8les de chars \u00e0 bras afin de transporter facilement encombrants, linges, mat\u00e9riels...\",\"inLanguage\":\"fr-FR\",\"potentialAction\":[{\"@type\":\"ReadAction\",\"target\":[\"https:\/\/www.biso-aquitaine.fr\/index.php\/chars-a-bras\/\"]}]},{\"@type\":\"ImageObject\",\"inLanguage\":\"fr-FR\",\"@id\":\"https:\/\/www.biso-aquitaine.fr\/index.php\/chars-a-bras\/#primaryimage\",\"url\":\"https:\/\/www.biso-aquitaine.fr\/wp-content\/uploads\/2021\/07\/D1041.jpg\",\"contentUrl\":\"https:\/\/www.biso-aquitaine.fr\/wp-content\/uploads\/2021\/07\/D1041.jpg\",\"width\":640,\"height\":492},{\"@type\":\"WebSite\",\"@id\":\"https:\/\/www.biso-aquitaine.fr\/#website\",\"url\":\"https:\/\/www.biso-aquitaine.fr\/\",\"name\":\"\",\"description\":\"\",\"potentialAction\":[{\"@type\":\"SearchAction\",\"target\":{\"@type\":\"EntryPoint\",\"urlTemplate\":\"https:\/\/www.biso-aquitaine.fr\/?s={search_term_string}\"},\"query-input\":{\"@type\":\"PropertyValueSpecification\",\"valueRequired\":true,\"valueName\":\"search_term_string\"}}],\"inLanguage\":\"fr-FR\"}]}<\/script>\n<!-- \/ Yoast SEO plugin. -->","yoast_head_json":{"title":"Chars \u00e0 bras -","description":"Biso aquitaine vous propose diff\u00e9rents mod\u00e8les de chars \u00e0 bras afin de transporter facilement encombrants, linges, mat\u00e9riels...","robots":{"index":"index","follow":"follow","max-snippet":"max-snippet:-1","max-image-preview":"max-image-preview:large","max-video-preview":"max-video-preview:-1"},"canonical":"https:\/\/www.biso-aquitaine.fr\/index.php\/chars-a-bras\/","og_locale":"fr_FR","og_type":"article","og_title":"Chars \u00e0 bras -","og_description":"Biso aquitaine vous propose diff\u00e9rents mod\u00e8les de chars \u00e0 bras afin de transporter facilement encombrants, linges, mat\u00e9riels...","og_url":"https:\/\/www.biso-aquitaine.fr\/index.php\/chars-a-bras\/","article_publisher":"https:\/\/www.facebook.com\/apfn-hygi%c3%a8ne-145838925596381\/?ref=bookmarks","article_modified_time":"2021-07-16T09:11:56+00:00","og_image":[{"url":"https:\/\/www.biso-aquitaine.fr\/wp-content\/uploads\/2021\/07\/D1041.jpg","type":"","width":"","height":""}],"twitter_card":"summary_large_image","twitter_misc":{"Dur\u00e9e de lecture estim\u00e9e":"2 minutes"},"schema":{"@context":"https:\/\/schema.org","@graph":[{"@type":"WebPage","@id":"https:\/\/www.biso-aquitaine.fr\/index.php\/chars-a-bras\/","url":"https:\/\/www.biso-aquitaine.fr\/index.php\/chars-a-bras\/","name":"Chars \u00e0 bras -","isPartOf":{"@id":"https:\/\/www.biso-aquitaine.fr\/#website"},"primaryImageOfPage":{"@id":"https:\/\/www.biso-aquitaine.fr\/index.php\/chars-a-bras\/#primaryimage"},"image":{"@id":"https:\/\/www.biso-aquitaine.fr\/index.php\/chars-a-bras\/#primaryimage"},"thumbnailUrl":"https:\/\/www.biso-aquitaine.fr\/wp-content\/uploads\/2021\/07\/D1041.jpg","datePublished":"2021-07-16T08:53:21+00:00","dateModified":"2021-07-16T09:11:56+00:00","description":"Biso aquitaine vous propose diff\u00e9rents mod\u00e8les de chars \u00e0 bras afin de transporter facilement encombrants, linges, mat\u00e9riels...","inLanguage":"fr-FR","potentialAction":[{"@type":"ReadAction","target":["https:\/\/www.biso-aquitaine.fr\/index.php\/chars-a-bras\/"]}]},{"@type":"ImageObject","inLanguage":"fr-FR","@id":"https:\/\/www.biso-aquitaine.fr\/index.php\/chars-a-bras\/#primaryimage","url":"https:\/\/www.biso-aquitaine.fr\/wp-content\/uploads\/2021\/07\/D1041.jpg","contentUrl":"https:\/\/www.biso-aquitaine.fr\/wp-content\/uploads\/2021\/07\/D1041.jpg","width":640,"height":492},{"@type":"WebSite","@id":"https:\/\/www.biso-aquitaine.fr\/#website","url":"https:\/\/www.biso-aquitaine.fr\/","name":"","description":"","potentialAction":[{"@type":"SearchAction","target":{"@type":"EntryPoint","urlTemplate":"https:\/\/www.biso-aquitaine.fr\/?s={search_term_string}"},"query-input":{"@type":"PropertyValueSpecification","valueRequired":true,"valueName":"search_term_string"}}],"inLanguage":"fr-FR"}]}},"_links":{"self":[{"href":"https:\/\/www.biso-aquitaine.fr\/index.php\/wp-json\/wp\/v2\/pages\/3143","targetHints":{"allow":["GET"]}}],"collection":[{"href":"https:\/\/www.biso-aquitaine.fr\/index.php\/wp-json\/wp\/v2\/pages"}],"about":[{"href":"https:\/\/www.biso-aquitaine.fr\/index.php\/wp-json\/wp\/v2\/types\/page"}],"author":[{"embeddable":true,"href":"https:\/\/www.biso-aquitaine.fr\/index.php\/wp-json\/wp\/v2\/users\/2"}],"replies":[{"embeddable":true,"href":"https:\/\/www.biso-aquitaine.fr\/index.php\/wp-json\/wp\/v2\/comments?post=3143"}],"version-history":[{"count":4,"href":"https:\/\/www.biso-aquitaine.fr\/index.php\/wp-json\/wp\/v2\/pages\/3143\/revisions"}],"predecessor-version":[{"id":3147,"href":"https:\/\/www.biso-aquitaine.fr\/index.php\/wp-json\/wp\/v2\/pages\/3143\/revisions\/3147"}],"wp:attachment":[{"href":"https:\/\/www.biso-aquitaine.fr\/index.php\/wp-json\/wp\/v2\/media?parent=3143"}],"curies":[{"name":"wp","href":"https:\/\/api.w.org\/{rel}","templated":true}]}}