{"id":453,"date":"2017-09-13T14:52:21","date_gmt":"2017-09-13T12:52:21","guid":{"rendered":"http:\/\/www.biso.fr\/?page_id=453"},"modified":"2023-06-19T15:27:19","modified_gmt":"2023-06-19T13:27:19","slug":"kaivac1250","status":"publish","type":"page","link":"https:\/\/www.biso-aquitaine.fr\/index.php\/kaivac1250\/","title":{"rendered":"KAIVAC 1250"},"content":{"rendered":"\t\t<div data-elementor-type=\"wp-post\" data-elementor-id=\"453\" class=\"elementor elementor-453\">\n\t\t\t\t\t\t<section class=\"elementor-section elementor-top-section elementor-element elementor-element-gdnzagw elementor-section-boxed elementor-section-height-default elementor-section-height-default\" data-id=\"gdnzagw\" data-element_type=\"section\">\n\t\t\t\t\t\t<div class=\"elementor-container elementor-column-gap-default\">\n\t\t\t\t\t<div class=\"elementor-column elementor-col-100 elementor-top-column elementor-element elementor-element-ravuxvt\" data-id=\"ravuxvt\" data-element_type=\"column\">\n\t\t\t<div class=\"elementor-widget-wrap elementor-element-populated\">\n\t\t\t\t\t\t<div class=\"elementor-element elementor-element-81qqczd elementor-widget elementor-widget-image\" data-id=\"81qqczd\" data-element_type=\"widget\" data-widget_type=\"image.default\">\n\t\t\t\t<div class=\"elementor-widget-container\">\n\t\t\t\t\t\t\t\t\t\t\t\t\t\t\t\t<a href=\"http:\/\/www.biso.fr\/index.php\/kaivac-solutions-entretenir-sols\/\" target=\"_blank\">\n\t\t\t\t\t\t\t<img decoding=\"async\" width=\"150\" height=\"150\" src=\"https:\/\/www.biso-aquitaine.fr\/wp-content\/uploads\/2017\/09\/2c0d4f_3acac73073f8486b83c5483e7a49aaabmv2_d_1879_1921_s_2-150x150.jpg\" class=\"attachment-thumbnail size-thumbnail wp-image-157\" alt=\"KAIVAC - distributeur - apfn hygi\u00e8ne\" \/>\t\t\t\t\t\t\t\t<\/a>\n\t\t\t\t\t\t\t\t\t\t\t\t\t\t\t<\/div>\n\t\t\t\t<\/div>\n\t\t\t\t<div class=\"elementor-element elementor-element-bfhauiv elementor-widget elementor-widget-text-editor\" data-id=\"bfhauiv\" data-element_type=\"widget\" data-widget_type=\"text-editor.default\">\n\t\t\t\t<div class=\"elementor-widget-container\">\n\t\t\t\t\t\t\t\t\t<h2>KAIVAC : un syst\u00e8me de nettoyage sans contact<\/h2><div>\u00a0<\/div><div>Tout d&rsquo;abord, le syst\u00e8me KAIVAC est con\u00e7u pour \u00e9liminer le maximum de salissures \u00e0 l\u2019 origine des infections microbiennes. Il combine une diffusion de solution nettoyage avec une technique haute pression et un puissant syst\u00e8me d\u2019 aspiration. Les agents peuvent assurer une propret\u00e9 maximale sans \u00eatre en contact avec les surfaces \u00e0 nettoyer contrairement aux m\u00e9thodes traditionnelles. La m\u00e9thode KAIVAC s\u2019 inscrit dans le cadre d\u2019 une d\u00e9marche de d\u00e9veloppement durable car elle r\u00e9duit la consommation d\u2019 eau et de produits chimiques.<\/div><div>\u00a0<\/div><div>De plus , la m\u00e9thode agit positivement sur le moral des agents car elle est un facteur dans la diminution des accidents de travail ( troubles musculo-squelettiques, glissades ).<\/div><div>\u00a0<\/div><div>Pour finir, le nettoyage sans contact augmente la productivit\u00e9. En effet, selon l\u2019 organisation ISSA, il faut 3 minutes pour nettoyer un \u00e9quipement sanitaire. Avec la m\u00e9thode KAIVAC, il est seulement\u00a0 n\u00e9cessaire d&rsquo;une minute.<\/div><div>\u00a0<\/div><h2><span class=\"PBColHead\">Le syst\u00e8me KAIVAC 1250 \u00a0<\/span><\/h2>\t\t\t\t\t\t\t\t<\/div>\n\t\t\t\t<\/div>\n\t\t\t\t\t<\/div>\n\t\t<\/div>\n\t\t\t\t\t<\/div>\n\t\t<\/section>\n\t\t\t\t<section class=\"elementor-section elementor-top-section elementor-element elementor-element-ed4bc03 elementor-section-boxed elementor-section-height-default elementor-section-height-default\" data-id=\"ed4bc03\" data-element_type=\"section\">\n\t\t\t\t\t\t<div class=\"elementor-container elementor-column-gap-default\">\n\t\t\t\t\t<div class=\"elementor-column elementor-col-50 elementor-top-column elementor-element elementor-element-lyq9xc5\" data-id=\"lyq9xc5\" data-element_type=\"column\">\n\t\t\t<div class=\"elementor-widget-wrap elementor-element-populated\">\n\t\t\t\t\t\t<div class=\"elementor-element elementor-element-bp3rkdn elementor-widget elementor-widget-text-editor\" data-id=\"bp3rkdn\" data-element_type=\"widget\" data-widget_type=\"text-editor.default\">\n\t\t\t\t<div class=\"elementor-widget-container\">\n\t\t\t\t\t\t\t\t\t<p><span class=\"PBColHead\">Le KAIVAC 1250 \u00a0est le syst\u00e8me de nettoyage sans contact pour l&rsquo;entretien des sanitaires sur des surfaces horizontales et verticales.<br \/>Le syst\u00e8me combine le balayage et le lavage en un seul passage. <\/span>Il permet d&rsquo;\u00e9conomiser la consommation d&rsquo;eau et de r\u00e9duire les consommations de d\u00e9tergents. Les risques de chutes diminuent et les sols sont toujours propres et secs. L&rsquo;usage du nettoyage sans contact r\u00e9duit consid\u00e9rablement les risques de T.M.S. Il participe donc \u00e0 l&rsquo;am\u00e9lioration des conditions de travail.<\/p>\t\t\t\t\t\t\t\t<\/div>\n\t\t\t\t<\/div>\n\t\t\t\t\t<\/div>\n\t\t<\/div>\n\t\t\t\t<div class=\"elementor-column elementor-col-50 elementor-top-column elementor-element elementor-element-j4lmvja\" data-id=\"j4lmvja\" data-element_type=\"column\">\n\t\t\t<div class=\"elementor-widget-wrap elementor-element-populated\">\n\t\t\t\t\t\t<div class=\"elementor-element elementor-element-j6jkcru elementor-widget elementor-widget-image\" data-id=\"j6jkcru\" data-element_type=\"widget\" data-widget_type=\"image.default\">\n\t\t\t\t<div class=\"elementor-widget-container\">\n\t\t\t\t\t\t\t\t\t\t\t\t\t\t\t<img fetchpriority=\"high\" decoding=\"async\" width=\"200\" height=\"267\" src=\"https:\/\/www.biso-aquitaine.fr\/wp-content\/uploads\/2017\/09\/KV1250-avec-kit-sac-poubelle.jpg\" class=\"attachment-full size-full wp-image-454\" alt=\"KAIVAC 1250 - distributeur-apfn hygi\u00e8ne\" \/>\t\t\t\t\t\t\t\t\t\t\t\t\t\t\t<\/div>\n\t\t\t\t<\/div>\n\t\t\t\t\t<\/div>\n\t\t<\/div>\n\t\t\t\t\t<\/div>\n\t\t<\/section>\n\t\t\t\t<section class=\"elementor-section elementor-top-section elementor-element elementor-element-9tu7w5x elementor-section-boxed elementor-section-height-default elementor-section-height-default\" data-id=\"9tu7w5x\" data-element_type=\"section\">\n\t\t\t\t\t\t<div class=\"elementor-container elementor-column-gap-default\">\n\t\t\t\t\t<div class=\"elementor-column elementor-col-100 elementor-top-column elementor-element elementor-element-3becm1g\" data-id=\"3becm1g\" data-element_type=\"column\">\n\t\t\t<div class=\"elementor-widget-wrap elementor-element-populated\">\n\t\t\t\t\t\t<div class=\"elementor-element elementor-element-eaca89z elementor-widget elementor-widget-heading\" data-id=\"eaca89z\" data-element_type=\"widget\" data-widget_type=\"heading.default\">\n\t\t\t\t<div class=\"elementor-widget-container\">\n\t\t\t\t\t<h2 class=\"elementor-heading-title elementor-size-default\">Fiche technique<\/h2>\t\t\t\t<\/div>\n\t\t\t\t<\/div>\n\t\t\t\t<div class=\"elementor-element elementor-element-bivqisk elementor-widget elementor-widget-text-editor\" data-id=\"bivqisk\" data-element_type=\"widget\" data-widget_type=\"text-editor.default\">\n\t\t\t\t<div class=\"elementor-widget-container\">\n\t\t\t\t\t\t\t\t\t<p><a href=\"https:\/\/www.biso-aquitaine.fr\/wp-content\/uploads\/2017\/09\/163112487315719.pdf\">KAIVAC 1250 &#8211; fiche technique<\/a><\/p><p><a href=\"https:\/\/www.biso-aquitaine.fr\/wp-content\/uploads\/2017\/09\/KAIVAC-1250-manuel-dutilisation.pdf\">KAIVAC 1250 &#8211; manuel d&rsquo;utilisation<\/a><\/p>\t\t\t\t\t\t\t\t<\/div>\n\t\t\t\t<\/div>\n\t\t\t\t\t<\/div>\n\t\t<\/div>\n\t\t\t\t\t<\/div>\n\t\t<\/section>\n\t\t\t\t<\/div>\n\t\t","protected":false},"excerpt":{"rendered":"<div class=\"slide-text-bg2\"><span>KAIVAC : un syst\u00e8me de nettoyage sans contact \u00a0Tout d&rsquo;abord, le syst\u00e8me KAIVAC est con\u00e7u pour \u00e9liminer le maximum de salissures \u00e0 l\u2019 origine <\/span><\/div>\n<div class=\"slide-btn-area-sm\"><a href=\"https:\/\/www.biso-aquitaine.fr\/index.php\/kaivac1250\/\" class=\"slide-btn-sm\">Lire la suite<\/a><\/div>\n","protected":false},"author":2,"featured_media":0,"parent":0,"menu_order":0,"comment_status":"closed","ping_status":"closed","template":"","meta":{"footnotes":""},"class_list":["post-453","page","type-page","status-publish","hentry"],"yoast_head":"<!-- This site is optimized with the Yoast SEO plugin v26.8 - https:\/\/yoast.com\/product\/yoast-seo-wordpress\/ -->\n<title>KAIVAC 1250 - distributeur - apfn hygi\u00e8ne<\/title>\n<meta name=\"description\" content=\"Le syst\u00e8me KAIVAC 1250 est un syst\u00e8me de nettoyage con\u00e7u pour \u00e9liminer le maximum de salissures \u00e0 l\u2019 origine des infections microbiennes.\" \/>\n<meta name=\"robots\" content=\"index, follow, max-snippet:-1, max-image-preview:large, max-video-preview:-1\" \/>\n<link rel=\"canonical\" href=\"https:\/\/www.biso-aquitaine.fr\/index.php\/kaivac1250\/\" \/>\n<meta property=\"og:locale\" content=\"fr_FR\" \/>\n<meta property=\"og:type\" content=\"article\" \/>\n<meta property=\"og:title\" content=\"KAIVAC 1250 - distributeur - apfn hygi\u00e8ne\" \/>\n<meta property=\"og:description\" content=\"Le syst\u00e8me KAIVAC 1250 est un syst\u00e8me de nettoyage con\u00e7u pour \u00e9liminer le maximum de salissures \u00e0 l\u2019 origine des infections microbiennes.\" \/>\n<meta property=\"og:url\" content=\"https:\/\/www.biso-aquitaine.fr\/index.php\/kaivac1250\/\" \/>\n<meta property=\"article:publisher\" content=\"https:\/\/www.facebook.com\/apfn-hygi%c3%a8ne-145838925596381\/?ref=bookmarks\" \/>\n<meta property=\"article:modified_time\" content=\"2023-06-19T13:27:19+00:00\" \/>\n<meta property=\"og:image\" content=\"https:\/\/www.biso-aquitaine.fr\/wp-content\/uploads\/2017\/09\/2c0d4f_3acac73073f8486b83c5483e7a49aaabmv2_d_1879_1921_s_2-150x150.jpg\" \/>\n<meta name=\"twitter:card\" content=\"summary_large_image\" \/>\n<meta name=\"twitter:label1\" content=\"Dur\u00e9e de lecture estim\u00e9e\" \/>\n\t<meta name=\"twitter:data1\" content=\"2 minutes\" \/>\n<script type=\"application\/ld+json\" class=\"yoast-schema-graph\">{\"@context\":\"https:\/\/schema.org\",\"@graph\":[{\"@type\":\"WebPage\",\"@id\":\"https:\/\/www.biso-aquitaine.fr\/index.php\/kaivac1250\/\",\"url\":\"https:\/\/www.biso-aquitaine.fr\/index.php\/kaivac1250\/\",\"name\":\"KAIVAC 1250 - distributeur - apfn hygi\u00e8ne\",\"isPartOf\":{\"@id\":\"https:\/\/www.biso-aquitaine.fr\/#website\"},\"primaryImageOfPage\":{\"@id\":\"https:\/\/www.biso-aquitaine.fr\/index.php\/kaivac1250\/#primaryimage\"},\"image\":{\"@id\":\"https:\/\/www.biso-aquitaine.fr\/index.php\/kaivac1250\/#primaryimage\"},\"thumbnailUrl\":\"https:\/\/www.biso-aquitaine.fr\/wp-content\/uploads\/2017\/09\/2c0d4f_3acac73073f8486b83c5483e7a49aaabmv2_d_1879_1921_s_2-150x150.jpg\",\"datePublished\":\"2017-09-13T12:52:21+00:00\",\"dateModified\":\"2023-06-19T13:27:19+00:00\",\"description\":\"Le syst\u00e8me KAIVAC 1250 est un syst\u00e8me de nettoyage con\u00e7u pour \u00e9liminer le maximum de salissures \u00e0 l\u2019 origine des infections microbiennes.\",\"inLanguage\":\"fr-FR\",\"potentialAction\":[{\"@type\":\"ReadAction\",\"target\":[\"https:\/\/www.biso-aquitaine.fr\/index.php\/kaivac1250\/\"]}]},{\"@type\":\"ImageObject\",\"inLanguage\":\"fr-FR\",\"@id\":\"https:\/\/www.biso-aquitaine.fr\/index.php\/kaivac1250\/#primaryimage\",\"url\":\"https:\/\/www.biso-aquitaine.fr\/wp-content\/uploads\/2017\/09\/2c0d4f_3acac73073f8486b83c5483e7a49aaabmv2_d_1879_1921_s_2.jpg\",\"contentUrl\":\"https:\/\/www.biso-aquitaine.fr\/wp-content\/uploads\/2017\/09\/2c0d4f_3acac73073f8486b83c5483e7a49aaabmv2_d_1879_1921_s_2.jpg\",\"width\":1879,\"height\":1921,\"caption\":\"kaivac-logo-fournisseur-apfnhygiene\"},{\"@type\":\"WebSite\",\"@id\":\"https:\/\/www.biso-aquitaine.fr\/#website\",\"url\":\"https:\/\/www.biso-aquitaine.fr\/\",\"name\":\"\",\"description\":\"\",\"potentialAction\":[{\"@type\":\"SearchAction\",\"target\":{\"@type\":\"EntryPoint\",\"urlTemplate\":\"https:\/\/www.biso-aquitaine.fr\/?s={search_term_string}\"},\"query-input\":{\"@type\":\"PropertyValueSpecification\",\"valueRequired\":true,\"valueName\":\"search_term_string\"}}],\"inLanguage\":\"fr-FR\"}]}<\/script>\n<!-- \/ Yoast SEO plugin. -->","yoast_head_json":{"title":"KAIVAC 1250 - distributeur - apfn hygi\u00e8ne","description":"Le syst\u00e8me KAIVAC 1250 est un syst\u00e8me de nettoyage con\u00e7u pour \u00e9liminer le maximum de salissures \u00e0 l\u2019 origine des infections microbiennes.","robots":{"index":"index","follow":"follow","max-snippet":"max-snippet:-1","max-image-preview":"max-image-preview:large","max-video-preview":"max-video-preview:-1"},"canonical":"https:\/\/www.biso-aquitaine.fr\/index.php\/kaivac1250\/","og_locale":"fr_FR","og_type":"article","og_title":"KAIVAC 1250 - distributeur - apfn hygi\u00e8ne","og_description":"Le syst\u00e8me KAIVAC 1250 est un syst\u00e8me de nettoyage con\u00e7u pour \u00e9liminer le maximum de salissures \u00e0 l\u2019 origine des infections microbiennes.","og_url":"https:\/\/www.biso-aquitaine.fr\/index.php\/kaivac1250\/","article_publisher":"https:\/\/www.facebook.com\/apfn-hygi%c3%a8ne-145838925596381\/?ref=bookmarks","article_modified_time":"2023-06-19T13:27:19+00:00","og_image":[{"url":"https:\/\/www.biso-aquitaine.fr\/wp-content\/uploads\/2017\/09\/2c0d4f_3acac73073f8486b83c5483e7a49aaabmv2_d_1879_1921_s_2-150x150.jpg","type":"","width":"","height":""}],"twitter_card":"summary_large_image","twitter_misc":{"Dur\u00e9e de lecture estim\u00e9e":"2 minutes"},"schema":{"@context":"https:\/\/schema.org","@graph":[{"@type":"WebPage","@id":"https:\/\/www.biso-aquitaine.fr\/index.php\/kaivac1250\/","url":"https:\/\/www.biso-aquitaine.fr\/index.php\/kaivac1250\/","name":"KAIVAC 1250 - distributeur - apfn hygi\u00e8ne","isPartOf":{"@id":"https:\/\/www.biso-aquitaine.fr\/#website"},"primaryImageOfPage":{"@id":"https:\/\/www.biso-aquitaine.fr\/index.php\/kaivac1250\/#primaryimage"},"image":{"@id":"https:\/\/www.biso-aquitaine.fr\/index.php\/kaivac1250\/#primaryimage"},"thumbnailUrl":"https:\/\/www.biso-aquitaine.fr\/wp-content\/uploads\/2017\/09\/2c0d4f_3acac73073f8486b83c5483e7a49aaabmv2_d_1879_1921_s_2-150x150.jpg","datePublished":"2017-09-13T12:52:21+00:00","dateModified":"2023-06-19T13:27:19+00:00","description":"Le syst\u00e8me KAIVAC 1250 est un syst\u00e8me de nettoyage con\u00e7u pour \u00e9liminer le maximum de salissures \u00e0 l\u2019 origine des infections microbiennes.","inLanguage":"fr-FR","potentialAction":[{"@type":"ReadAction","target":["https:\/\/www.biso-aquitaine.fr\/index.php\/kaivac1250\/"]}]},{"@type":"ImageObject","inLanguage":"fr-FR","@id":"https:\/\/www.biso-aquitaine.fr\/index.php\/kaivac1250\/#primaryimage","url":"https:\/\/www.biso-aquitaine.fr\/wp-content\/uploads\/2017\/09\/2c0d4f_3acac73073f8486b83c5483e7a49aaabmv2_d_1879_1921_s_2.jpg","contentUrl":"https:\/\/www.biso-aquitaine.fr\/wp-content\/uploads\/2017\/09\/2c0d4f_3acac73073f8486b83c5483e7a49aaabmv2_d_1879_1921_s_2.jpg","width":1879,"height":1921,"caption":"kaivac-logo-fournisseur-apfnhygiene"},{"@type":"WebSite","@id":"https:\/\/www.biso-aquitaine.fr\/#website","url":"https:\/\/www.biso-aquitaine.fr\/","name":"","description":"","potentialAction":[{"@type":"SearchAction","target":{"@type":"EntryPoint","urlTemplate":"https:\/\/www.biso-aquitaine.fr\/?s={search_term_string}"},"query-input":{"@type":"PropertyValueSpecification","valueRequired":true,"valueName":"search_term_string"}}],"inLanguage":"fr-FR"}]}},"_links":{"self":[{"href":"https:\/\/www.biso-aquitaine.fr\/index.php\/wp-json\/wp\/v2\/pages\/453","targetHints":{"allow":["GET"]}}],"collection":[{"href":"https:\/\/www.biso-aquitaine.fr\/index.php\/wp-json\/wp\/v2\/pages"}],"about":[{"href":"https:\/\/www.biso-aquitaine.fr\/index.php\/wp-json\/wp\/v2\/types\/page"}],"author":[{"embeddable":true,"href":"https:\/\/www.biso-aquitaine.fr\/index.php\/wp-json\/wp\/v2\/users\/2"}],"replies":[{"embeddable":true,"href":"https:\/\/www.biso-aquitaine.fr\/index.php\/wp-json\/wp\/v2\/comments?post=453"}],"version-history":[{"count":12,"href":"https:\/\/www.biso-aquitaine.fr\/index.php\/wp-json\/wp\/v2\/pages\/453\/revisions"}],"predecessor-version":[{"id":3204,"href":"https:\/\/www.biso-aquitaine.fr\/index.php\/wp-json\/wp\/v2\/pages\/453\/revisions\/3204"}],"wp:attachment":[{"href":"https:\/\/www.biso-aquitaine.fr\/index.php\/wp-json\/wp\/v2\/media?parent=453"}],"curies":[{"name":"wp","href":"https:\/\/api.w.org\/{rel}","templated":true}]}}