{"id":508,"date":"2017-09-20T11:54:22","date_gmt":"2017-09-20T09:54:22","guid":{"rendered":"http:\/\/www.biso.fr\/?page_id=508"},"modified":"2023-06-19T15:47:15","modified_gmt":"2023-06-19T13:47:15","slug":"nupro-reflo","status":"publish","type":"page","link":"https:\/\/www.biso-aquitaine.fr\/index.php\/nupro-reflo\/","title":{"rendered":"NUPRO REFLO"},"content":{"rendered":"\t\t<div data-elementor-type=\"wp-post\" data-elementor-id=\"508\" class=\"elementor elementor-508\">\n\t\t\t\t\t\t<section class=\"elementor-section elementor-top-section elementor-element elementor-element-jgcusaz elementor-section-boxed elementor-section-height-default elementor-section-height-default\" data-id=\"jgcusaz\" data-element_type=\"section\">\n\t\t\t\t\t\t<div class=\"elementor-container elementor-column-gap-default\">\n\t\t\t\t\t<div class=\"elementor-column elementor-col-100 elementor-top-column elementor-element elementor-element-qsndpjp\" data-id=\"qsndpjp\" data-element_type=\"column\">\n\t\t\t<div class=\"elementor-widget-wrap elementor-element-populated\">\n\t\t\t\t\t\t<div class=\"elementor-element elementor-element-cl04een elementor-widget elementor-widget-image\" data-id=\"cl04een\" data-element_type=\"widget\" data-widget_type=\"image.default\">\n\t\t\t\t<div class=\"elementor-widget-container\">\n\t\t\t\t\t\t\t\t\t\t\t\t\t\t\t<img decoding=\"async\" width=\"150\" height=\"150\" src=\"https:\/\/www.biso-aquitaine.fr\/wp-content\/uploads\/2017\/09\/2c0d4f_50d0bc97b90549bfb97dde19a1c1399dmv2-150x150.jpg\" class=\"attachment-thumbnail size-thumbnail wp-image-158\" alt=\"numatic international-apfn hygi\u00e8ne\" srcset=\"https:\/\/www.biso-aquitaine.fr\/wp-content\/uploads\/2017\/09\/2c0d4f_50d0bc97b90549bfb97dde19a1c1399dmv2-150x150.jpg 150w, https:\/\/www.biso-aquitaine.fr\/wp-content\/uploads\/2017\/09\/2c0d4f_50d0bc97b90549bfb97dde19a1c1399dmv2.jpg 256w\" sizes=\"(max-width: 150px) 100vw, 150px\" \/>\t\t\t\t\t\t\t\t\t\t\t\t\t\t\t<\/div>\n\t\t\t\t<\/div>\n\t\t\t\t\t<\/div>\n\t\t<\/div>\n\t\t\t\t\t<\/div>\n\t\t<\/section>\n\t\t\t\t<section class=\"elementor-section elementor-top-section elementor-element elementor-element-daymep6 elementor-section-boxed elementor-section-height-default elementor-section-height-default\" data-id=\"daymep6\" data-element_type=\"section\">\n\t\t\t\t\t\t<div class=\"elementor-container elementor-column-gap-default\">\n\t\t\t\t\t<div class=\"elementor-column elementor-col-100 elementor-top-column elementor-element elementor-element-gmkbnu6\" data-id=\"gmkbnu6\" data-element_type=\"column\">\n\t\t\t<div class=\"elementor-widget-wrap elementor-element-populated\">\n\t\t\t\t\t\t<div class=\"elementor-element elementor-element-kqjmpx0 elementor-widget elementor-widget-text-editor\" data-id=\"kqjmpx0\" data-element_type=\"widget\" data-widget_type=\"text-editor.default\">\n\t\t\t\t<div class=\"elementor-widget-container\">\n\t\t\t\t\t\t\t\t\t<h2><strong>Le Nupro Reflo : le best-seller fran\u00e7ais<\/strong><\/h2><p>Tout d&rsquo;abord, le Nupro NUV\u00a0 180 est le v\u00e9ritable best-seller fran\u00e7ais. En effet, cet appareil est l&rsquo;aspirateur Numatic le plus vendu aux entreprises de propret\u00e9 en France. Cet aspirateur est id\u00e9al pour le nettoyage quotidien des environnements encombr\u00e9s. Gr\u00e2ce \u00e0 sa t\u00eate creuse ont peu y enrouler le c\u00e2ble d&rsquo;alimentation. Elle permet \u00e9galement de stocker les accessoires ou le mat\u00e9riel de nettoyage. L&rsquo;appareil est maniable car il dispose d&rsquo;une large poign\u00e9e qui facilite le transport de l&rsquo;appareil. Ainsi, cet aspirateur compact offre de hautes performances, une stabilit\u00e9 et une maniabilit\u00e9 exceptionnelles. Sa robustesse et son rapport qualit\u00e9-prix imbattable, en font un incontournable pour aspirer les sols.<\/p>\t\t\t\t\t\t\t\t<\/div>\n\t\t\t\t<\/div>\n\t\t\t\t\t<\/div>\n\t\t<\/div>\n\t\t\t\t\t<\/div>\n\t\t<\/section>\n\t\t\t\t<section class=\"elementor-section elementor-top-section elementor-element elementor-element-mwp8jd6 elementor-section-boxed elementor-section-height-default elementor-section-height-default\" data-id=\"mwp8jd6\" data-element_type=\"section\">\n\t\t\t\t\t\t<div class=\"elementor-container elementor-column-gap-default\">\n\t\t\t\t\t<div class=\"elementor-column elementor-col-50 elementor-top-column elementor-element elementor-element-8izpa3a\" data-id=\"8izpa3a\" data-element_type=\"column\">\n\t\t\t<div class=\"elementor-widget-wrap elementor-element-populated\">\n\t\t\t\t\t\t<div class=\"elementor-element elementor-element-muaxwgt elementor-widget elementor-widget-text-editor\" data-id=\"muaxwgt\" data-element_type=\"widget\" data-widget_type=\"text-editor.default\">\n\t\t\t\t<div class=\"elementor-widget-container\">\n\t\t\t\t\t\t\t\t\t<h2><strong>Les avantages du Nupro Reflo<\/strong><\/h2><ul><li>Aspirateur de classe \u00e9nerg\u00e9tique A<\/li><li>Faible consommation \u00e9lectrique<\/li><li>Des roues antibruit afin de limiter les nuisances sonores<\/li><li>Une ceinture en caoutchouc anti-trace<\/li><li>Une t\u00eate creuse pour enrouler le c\u00e2ble d&rsquo;alimentation<\/li><li>Une grande stabilit\u00e9 et maniabilit\u00e9<\/li><li>Compact et robuste<\/li><li>Qualit\u00e9 professionnel<\/li><\/ul>\t\t\t\t\t\t\t\t<\/div>\n\t\t\t\t<\/div>\n\t\t\t\t\t<\/div>\n\t\t<\/div>\n\t\t\t\t<div class=\"elementor-column elementor-col-50 elementor-top-column elementor-element elementor-element-ga9f2i9\" data-id=\"ga9f2i9\" data-element_type=\"column\">\n\t\t\t<div class=\"elementor-widget-wrap elementor-element-populated\">\n\t\t\t\t\t\t<div class=\"elementor-element elementor-element-m1k70c9 elementor-widget elementor-widget-image\" data-id=\"m1k70c9\" data-element_type=\"widget\" data-widget_type=\"image.default\">\n\t\t\t\t<div class=\"elementor-widget-container\">\n\t\t\t\t\t\t\t\t\t\t\t\t\t\t\t<img fetchpriority=\"high\" decoding=\"async\" width=\"1000\" height=\"1000\" src=\"https:\/\/www.biso-aquitaine.fr\/wp-content\/uploads\/2020\/09\/apfn-hygiene-numatic-nuproreflo.jpg\" class=\"attachment-large size-large wp-image-2442\" alt=\"\" srcset=\"https:\/\/www.biso-aquitaine.fr\/wp-content\/uploads\/2020\/09\/apfn-hygiene-numatic-nuproreflo.jpg 1000w, https:\/\/www.biso-aquitaine.fr\/wp-content\/uploads\/2020\/09\/apfn-hygiene-numatic-nuproreflo-300x300.jpg 300w, https:\/\/www.biso-aquitaine.fr\/wp-content\/uploads\/2020\/09\/apfn-hygiene-numatic-nuproreflo-150x150.jpg 150w, https:\/\/www.biso-aquitaine.fr\/wp-content\/uploads\/2020\/09\/apfn-hygiene-numatic-nuproreflo-768x768.jpg 768w\" sizes=\"(max-width: 1000px) 100vw, 1000px\" \/>\t\t\t\t\t\t\t\t\t\t\t\t\t\t\t<\/div>\n\t\t\t\t<\/div>\n\t\t\t\t\t<\/div>\n\t\t<\/div>\n\t\t\t\t\t<\/div>\n\t\t<\/section>\n\t\t\t\t<section class=\"elementor-section elementor-top-section elementor-element elementor-element-0o133zg elementor-section-boxed elementor-section-height-default elementor-section-height-default\" data-id=\"0o133zg\" data-element_type=\"section\">\n\t\t\t\t\t\t<div class=\"elementor-container elementor-column-gap-default\">\n\t\t\t\t\t<div class=\"elementor-column elementor-col-100 elementor-top-column elementor-element elementor-element-8rj2mpr\" data-id=\"8rj2mpr\" data-element_type=\"column\">\n\t\t\t<div class=\"elementor-widget-wrap elementor-element-populated\">\n\t\t\t\t\t\t<div class=\"elementor-element elementor-element-tz9frsk elementor-widget elementor-widget-text-editor\" data-id=\"tz9frsk\" data-element_type=\"widget\" data-widget_type=\"text-editor.default\">\n\t\t\t\t<div class=\"elementor-widget-container\">\n\t\t\t\t\t\t\t\t\t<h2><strong>Les accessoires inclus<\/strong><\/h2><ul><li>Flexible \u00d832mm longueur 2m complet<\/li><li>Tube coud\u00e9 aluminium NPC contr\u00f4le d\u00e9bit d&rsquo;air \u00d832mm<\/li><li>Tube droit aluminium \u00d832mm (en pr\u00e9voir 2 dans le kit)<\/li><li>Capteur poussi\u00e8res 2 positions 270mm \u00d832mm avec clip d&rsquo;accroche syst\u00e8me parking (601059)<\/li><li>Bec suceur plat \u00d832mm<\/li><li>Brosse ronde \u00d865mm embouchure \u00d832mm<\/li><\/ul>\t\t\t\t\t\t\t\t<\/div>\n\t\t\t\t<\/div>\n\t\t\t\t<div class=\"elementor-element elementor-element-ephv9f4 elementor-widget elementor-widget-image\" data-id=\"ephv9f4\" data-element_type=\"widget\" data-widget_type=\"image.default\">\n\t\t\t\t<div class=\"elementor-widget-container\">\n\t\t\t\t\t\t\t\t\t\t\t\t\t\t\t<img decoding=\"async\" width=\"800\" height=\"235\" src=\"https:\/\/www.biso-aquitaine.fr\/wp-content\/uploads\/2017\/09\/f09692367033547b92023fd1e04b679e.jpg\" class=\"attachment-large size-large wp-image-510\" alt=\"NUPRO NUV 180 -NUMATIC -DISTRIBUTEUR-APFN HYGIENE\" srcset=\"https:\/\/www.biso-aquitaine.fr\/wp-content\/uploads\/2017\/09\/f09692367033547b92023fd1e04b679e.jpg 800w, https:\/\/www.biso-aquitaine.fr\/wp-content\/uploads\/2017\/09\/f09692367033547b92023fd1e04b679e-300x88.jpg 300w, https:\/\/www.biso-aquitaine.fr\/wp-content\/uploads\/2017\/09\/f09692367033547b92023fd1e04b679e-768x226.jpg 768w\" sizes=\"(max-width: 800px) 100vw, 800px\" \/>\t\t\t\t\t\t\t\t\t\t\t\t\t\t\t<\/div>\n\t\t\t\t<\/div>\n\t\t\t\t\t<\/div>\n\t\t<\/div>\n\t\t\t\t\t<\/div>\n\t\t<\/section>\n\t\t\t\t<section class=\"elementor-section elementor-top-section elementor-element elementor-element-naf3mpb elementor-section-boxed elementor-section-height-default elementor-section-height-default\" data-id=\"naf3mpb\" data-element_type=\"section\">\n\t\t\t\t\t\t<div class=\"elementor-container elementor-column-gap-default\">\n\t\t\t\t\t<div class=\"elementor-column elementor-col-100 elementor-top-column elementor-element elementor-element-x23kfln\" data-id=\"x23kfln\" data-element_type=\"column\">\n\t\t\t<div class=\"elementor-widget-wrap elementor-element-populated\">\n\t\t\t\t\t\t<div class=\"elementor-element elementor-element-pdcyp2j elementor-widget elementor-widget-text-editor\" data-id=\"pdcyp2j\" data-element_type=\"widget\" data-widget_type=\"text-editor.default\">\n\t\t\t\t<div class=\"elementor-widget-container\">\n\t\t\t\t\t\t\t\t\t<h2><strong>Les caract\u00e9ristiques du Nupro Reflo<\/strong><\/h2><table width=\"364\"><tbody><tr><td>Puissance<\/td><td>620 W (ECO DESIGN)<\/td><\/tr><tr><td>Tension d&rsquo;alimentation<\/td><td>230 V AC 50\/60 Hz<\/td><\/tr><tr><td>Volume d&rsquo;air<\/td><td>31,5L\/sec. (ECO DESIGN)<\/td><\/tr><tr><td>D\u00e9pression<\/td><td>2050mm\/CE<\/td><\/tr><tr><td>C\u00e2ble<\/td><td>10m<\/td><\/tr><tr><td>Capacit\u00e9 utile<\/td><td>9L<\/td><\/tr><tr><td>Poids<\/td><td>5,8kg<\/td><\/tr><tr><td>Dimensions<\/td><td>340x340x350mm<\/td><\/tr><\/tbody><\/table>\t\t\t\t\t\t\t\t<\/div>\n\t\t\t\t<\/div>\n\t\t\t\t\t<\/div>\n\t\t<\/div>\n\t\t\t\t\t<\/div>\n\t\t<\/section>\n\t\t\t\t<section class=\"elementor-section elementor-top-section elementor-element elementor-element-a97nbi3 elementor-section-boxed elementor-section-height-default elementor-section-height-default\" data-id=\"a97nbi3\" data-element_type=\"section\">\n\t\t\t\t\t\t<div class=\"elementor-container elementor-column-gap-default\">\n\t\t\t\t\t<div class=\"elementor-column elementor-col-100 elementor-top-column elementor-element elementor-element-jal5x1o\" data-id=\"jal5x1o\" data-element_type=\"column\">\n\t\t\t<div class=\"elementor-widget-wrap elementor-element-populated\">\n\t\t\t\t\t\t<div class=\"elementor-element elementor-element-wfv3eth elementor-widget elementor-widget-heading\" data-id=\"wfv3eth\" data-element_type=\"widget\" data-widget_type=\"heading.default\">\n\t\t\t\t<div class=\"elementor-widget-container\">\n\t\t\t\t\t<h2 class=\"elementor-heading-title elementor-size-default\">Fiche technique<\/h2>\t\t\t\t<\/div>\n\t\t\t\t<\/div>\n\t\t\t\t<div class=\"elementor-element elementor-element-ye6r8dv elementor-widget elementor-widget-text-editor\" data-id=\"ye6r8dv\" data-element_type=\"widget\" data-widget_type=\"text-editor.default\">\n\t\t\t\t<div class=\"elementor-widget-container\">\n\t\t\t\t\t\t\t\t\t<p><a href=\"https:\/\/www.biso-aquitaine.fr\/wp-content\/uploads\/2020\/09\/Fiche-produit-Nupro-Reflo.pdf\">Fiche produit Nupro Reflo<\/a><\/p>\t\t\t\t\t\t\t\t<\/div>\n\t\t\t\t<\/div>\n\t\t\t\t\t<\/div>\n\t\t<\/div>\n\t\t\t\t\t<\/div>\n\t\t<\/section>\n\t\t\t\t<section class=\"elementor-section elementor-top-section elementor-element elementor-element-7aurgcb elementor-section-boxed elementor-section-height-default elementor-section-height-default\" data-id=\"7aurgcb\" data-element_type=\"section\">\n\t\t\t\t\t\t<div class=\"elementor-container elementor-column-gap-default\">\n\t\t\t\t\t<div class=\"elementor-column elementor-col-100 elementor-top-column elementor-element elementor-element-wiwymyo\" data-id=\"wiwymyo\" data-element_type=\"column\">\n\t\t\t<div class=\"elementor-widget-wrap elementor-element-populated\">\n\t\t\t\t\t\t<div class=\"elementor-element elementor-element-xawbnx7 elementor-widget elementor-widget-heading\" data-id=\"xawbnx7\" data-element_type=\"widget\" data-widget_type=\"heading.default\">\n\t\t\t\t<div class=\"elementor-widget-container\">\n\t\t\t\t\t<h2 class=\"elementor-heading-title elementor-size-default\">Mise en place d'un sac Hepaflo<\/h2>\t\t\t\t<\/div>\n\t\t\t\t<\/div>\n\t\t\t\t<div class=\"elementor-element elementor-element-ksk9xep elementor-widget elementor-widget-video\" data-id=\"ksk9xep\" data-element_type=\"widget\" data-settings=\"{&quot;youtube_url&quot;:&quot;https:\\\/\\\/www.youtube.com\\\/watch?v=hJv77LXd6A4&quot;,&quot;video_type&quot;:&quot;youtube&quot;,&quot;controls&quot;:&quot;yes&quot;}\" data-widget_type=\"video.default\">\n\t\t\t\t<div class=\"elementor-widget-container\">\n\t\t\t\t\t\t\t<div class=\"elementor-wrapper elementor-open-inline\">\n\t\t\t<div class=\"elementor-video\"><\/div>\t\t<\/div>\n\t\t\t\t\t\t<\/div>\n\t\t\t\t<\/div>\n\t\t\t\t\t<\/div>\n\t\t<\/div>\n\t\t\t\t\t<\/div>\n\t\t<\/section>\n\t\t\t\t<\/div>\n\t\t","protected":false},"excerpt":{"rendered":"<div class=\"slide-text-bg2\"><span>Le Nupro Reflo : le best-seller fran\u00e7ais Tout d&rsquo;abord, le Nupro NUV\u00a0 180 est le v\u00e9ritable best-seller fran\u00e7ais. En effet, cet appareil est l&#038;rsqu<\/span><\/div>\n<div class=\"slide-btn-area-sm\"><a href=\"https:\/\/www.biso-aquitaine.fr\/index.php\/nupro-reflo\/\" class=\"slide-btn-sm\">Lire la suite<\/a><\/div>\n","protected":false},"author":2,"featured_media":0,"parent":0,"menu_order":0,"comment_status":"closed","ping_status":"closed","template":"","meta":{"footnotes":""},"class_list":["post-508","page","type-page","status-publish","hentry"],"yoast_head":"<!-- This site is optimized with the Yoast SEO plugin v26.8 - https:\/\/yoast.com\/product\/yoast-seo-wordpress\/ -->\n<title>NUMATIC International - NUPRO Reflo - distributeur -apfn hygi\u00e8ne<\/title>\n<meta name=\"description\" content=\"Le Nupro Reflo est le v\u00e9ritable best-seller fran\u00e7ais. Cet appareil est l&#039;aspirateur Numatic le plus vendu aux entreprises de propret\u00e9.\" \/>\n<meta name=\"robots\" content=\"index, follow, max-snippet:-1, max-image-preview:large, max-video-preview:-1\" \/>\n<link rel=\"canonical\" href=\"https:\/\/www.biso-aquitaine.fr\/index.php\/nupro-reflo\/\" \/>\n<meta property=\"og:locale\" content=\"fr_FR\" \/>\n<meta property=\"og:type\" content=\"article\" \/>\n<meta property=\"og:title\" content=\"NUMATIC International - NUPRO Reflo - distributeur -apfn hygi\u00e8ne\" \/>\n<meta property=\"og:description\" content=\"Le Nupro Reflo est le v\u00e9ritable best-seller fran\u00e7ais. Cet appareil est l&#039;aspirateur Numatic le plus vendu aux entreprises de propret\u00e9.\" \/>\n<meta property=\"og:url\" content=\"https:\/\/www.biso-aquitaine.fr\/index.php\/nupro-reflo\/\" \/>\n<meta property=\"article:publisher\" content=\"https:\/\/www.facebook.com\/apfn-hygi%c3%a8ne-145838925596381\/?ref=bookmarks\" \/>\n<meta property=\"article:modified_time\" content=\"2023-06-19T13:47:15+00:00\" \/>\n<meta property=\"og:image\" content=\"https:\/\/www.biso-aquitaine.fr\/wp-content\/uploads\/2017\/09\/2c0d4f_50d0bc97b90549bfb97dde19a1c1399dmv2-150x150.jpg\" \/>\n<meta name=\"twitter:card\" content=\"summary_large_image\" \/>\n<meta name=\"twitter:label1\" content=\"Dur\u00e9e de lecture estim\u00e9e\" \/>\n\t<meta name=\"twitter:data1\" content=\"2 minutes\" \/>\n<script type=\"application\/ld+json\" class=\"yoast-schema-graph\">{\"@context\":\"https:\/\/schema.org\",\"@graph\":[{\"@type\":\"WebPage\",\"@id\":\"https:\/\/www.biso-aquitaine.fr\/index.php\/nupro-reflo\/\",\"url\":\"https:\/\/www.biso-aquitaine.fr\/index.php\/nupro-reflo\/\",\"name\":\"NUMATIC International - NUPRO Reflo - distributeur -apfn hygi\u00e8ne\",\"isPartOf\":{\"@id\":\"https:\/\/www.biso-aquitaine.fr\/#website\"},\"primaryImageOfPage\":{\"@id\":\"https:\/\/www.biso-aquitaine.fr\/index.php\/nupro-reflo\/#primaryimage\"},\"image\":{\"@id\":\"https:\/\/www.biso-aquitaine.fr\/index.php\/nupro-reflo\/#primaryimage\"},\"thumbnailUrl\":\"https:\/\/www.biso-aquitaine.fr\/wp-content\/uploads\/2017\/09\/2c0d4f_50d0bc97b90549bfb97dde19a1c1399dmv2-150x150.jpg\",\"datePublished\":\"2017-09-20T09:54:22+00:00\",\"dateModified\":\"2023-06-19T13:47:15+00:00\",\"description\":\"Le Nupro Reflo est le v\u00e9ritable best-seller fran\u00e7ais. Cet appareil est l'aspirateur Numatic le plus vendu aux entreprises de propret\u00e9.\",\"inLanguage\":\"fr-FR\",\"potentialAction\":[{\"@type\":\"ReadAction\",\"target\":[\"https:\/\/www.biso-aquitaine.fr\/index.php\/nupro-reflo\/\"]}]},{\"@type\":\"ImageObject\",\"inLanguage\":\"fr-FR\",\"@id\":\"https:\/\/www.biso-aquitaine.fr\/index.php\/nupro-reflo\/#primaryimage\",\"url\":\"https:\/\/www.biso-aquitaine.fr\/wp-content\/uploads\/2017\/09\/2c0d4f_50d0bc97b90549bfb97dde19a1c1399dmv2.jpg\",\"contentUrl\":\"https:\/\/www.biso-aquitaine.fr\/wp-content\/uploads\/2017\/09\/2c0d4f_50d0bc97b90549bfb97dde19a1c1399dmv2.jpg\",\"width\":256,\"height\":256,\"caption\":\"numatic-logo-fournisseur-apfnhygiene\"},{\"@type\":\"WebSite\",\"@id\":\"https:\/\/www.biso-aquitaine.fr\/#website\",\"url\":\"https:\/\/www.biso-aquitaine.fr\/\",\"name\":\"\",\"description\":\"\",\"potentialAction\":[{\"@type\":\"SearchAction\",\"target\":{\"@type\":\"EntryPoint\",\"urlTemplate\":\"https:\/\/www.biso-aquitaine.fr\/?s={search_term_string}\"},\"query-input\":{\"@type\":\"PropertyValueSpecification\",\"valueRequired\":true,\"valueName\":\"search_term_string\"}}],\"inLanguage\":\"fr-FR\"}]}<\/script>\n<!-- \/ Yoast SEO plugin. -->","yoast_head_json":{"title":"NUMATIC International - NUPRO Reflo - distributeur -apfn hygi\u00e8ne","description":"Le Nupro Reflo est le v\u00e9ritable best-seller fran\u00e7ais. Cet appareil est l'aspirateur Numatic le plus vendu aux entreprises de propret\u00e9.","robots":{"index":"index","follow":"follow","max-snippet":"max-snippet:-1","max-image-preview":"max-image-preview:large","max-video-preview":"max-video-preview:-1"},"canonical":"https:\/\/www.biso-aquitaine.fr\/index.php\/nupro-reflo\/","og_locale":"fr_FR","og_type":"article","og_title":"NUMATIC International - NUPRO Reflo - distributeur -apfn hygi\u00e8ne","og_description":"Le Nupro Reflo est le v\u00e9ritable best-seller fran\u00e7ais. Cet appareil est l'aspirateur Numatic le plus vendu aux entreprises de propret\u00e9.","og_url":"https:\/\/www.biso-aquitaine.fr\/index.php\/nupro-reflo\/","article_publisher":"https:\/\/www.facebook.com\/apfn-hygi%c3%a8ne-145838925596381\/?ref=bookmarks","article_modified_time":"2023-06-19T13:47:15+00:00","og_image":[{"url":"https:\/\/www.biso-aquitaine.fr\/wp-content\/uploads\/2017\/09\/2c0d4f_50d0bc97b90549bfb97dde19a1c1399dmv2-150x150.jpg","type":"","width":"","height":""}],"twitter_card":"summary_large_image","twitter_misc":{"Dur\u00e9e de lecture estim\u00e9e":"2 minutes"},"schema":{"@context":"https:\/\/schema.org","@graph":[{"@type":"WebPage","@id":"https:\/\/www.biso-aquitaine.fr\/index.php\/nupro-reflo\/","url":"https:\/\/www.biso-aquitaine.fr\/index.php\/nupro-reflo\/","name":"NUMATIC International - NUPRO Reflo - distributeur -apfn hygi\u00e8ne","isPartOf":{"@id":"https:\/\/www.biso-aquitaine.fr\/#website"},"primaryImageOfPage":{"@id":"https:\/\/www.biso-aquitaine.fr\/index.php\/nupro-reflo\/#primaryimage"},"image":{"@id":"https:\/\/www.biso-aquitaine.fr\/index.php\/nupro-reflo\/#primaryimage"},"thumbnailUrl":"https:\/\/www.biso-aquitaine.fr\/wp-content\/uploads\/2017\/09\/2c0d4f_50d0bc97b90549bfb97dde19a1c1399dmv2-150x150.jpg","datePublished":"2017-09-20T09:54:22+00:00","dateModified":"2023-06-19T13:47:15+00:00","description":"Le Nupro Reflo est le v\u00e9ritable best-seller fran\u00e7ais. Cet appareil est l'aspirateur Numatic le plus vendu aux entreprises de propret\u00e9.","inLanguage":"fr-FR","potentialAction":[{"@type":"ReadAction","target":["https:\/\/www.biso-aquitaine.fr\/index.php\/nupro-reflo\/"]}]},{"@type":"ImageObject","inLanguage":"fr-FR","@id":"https:\/\/www.biso-aquitaine.fr\/index.php\/nupro-reflo\/#primaryimage","url":"https:\/\/www.biso-aquitaine.fr\/wp-content\/uploads\/2017\/09\/2c0d4f_50d0bc97b90549bfb97dde19a1c1399dmv2.jpg","contentUrl":"https:\/\/www.biso-aquitaine.fr\/wp-content\/uploads\/2017\/09\/2c0d4f_50d0bc97b90549bfb97dde19a1c1399dmv2.jpg","width":256,"height":256,"caption":"numatic-logo-fournisseur-apfnhygiene"},{"@type":"WebSite","@id":"https:\/\/www.biso-aquitaine.fr\/#website","url":"https:\/\/www.biso-aquitaine.fr\/","name":"","description":"","potentialAction":[{"@type":"SearchAction","target":{"@type":"EntryPoint","urlTemplate":"https:\/\/www.biso-aquitaine.fr\/?s={search_term_string}"},"query-input":{"@type":"PropertyValueSpecification","valueRequired":true,"valueName":"search_term_string"}}],"inLanguage":"fr-FR"}]}},"_links":{"self":[{"href":"https:\/\/www.biso-aquitaine.fr\/index.php\/wp-json\/wp\/v2\/pages\/508","targetHints":{"allow":["GET"]}}],"collection":[{"href":"https:\/\/www.biso-aquitaine.fr\/index.php\/wp-json\/wp\/v2\/pages"}],"about":[{"href":"https:\/\/www.biso-aquitaine.fr\/index.php\/wp-json\/wp\/v2\/types\/page"}],"author":[{"embeddable":true,"href":"https:\/\/www.biso-aquitaine.fr\/index.php\/wp-json\/wp\/v2\/users\/2"}],"replies":[{"embeddable":true,"href":"https:\/\/www.biso-aquitaine.fr\/index.php\/wp-json\/wp\/v2\/comments?post=508"}],"version-history":[{"count":18,"href":"https:\/\/www.biso-aquitaine.fr\/index.php\/wp-json\/wp\/v2\/pages\/508\/revisions"}],"predecessor-version":[{"id":3261,"href":"https:\/\/www.biso-aquitaine.fr\/index.php\/wp-json\/wp\/v2\/pages\/508\/revisions\/3261"}],"wp:attachment":[{"href":"https:\/\/www.biso-aquitaine.fr\/index.php\/wp-json\/wp\/v2\/media?parent=508"}],"curies":[{"name":"wp","href":"https:\/\/api.w.org\/{rel}","templated":true}]}}