{"id":520,"date":"2017-09-20T12:41:37","date_gmt":"2017-09-20T10:41:37","guid":{"rendered":"http:\/\/www.biso.fr\/?page_id=520"},"modified":"2023-06-19T15:45:46","modified_gmt":"2023-06-19T13:45:46","slug":"henry","status":"publish","type":"page","link":"https:\/\/www.biso-aquitaine.fr\/index.php\/henry\/","title":{"rendered":"HENRY"},"content":{"rendered":"\t\t<div data-elementor-type=\"wp-post\" data-elementor-id=\"520\" class=\"elementor elementor-520\">\n\t\t\t\t\t\t<section class=\"elementor-section elementor-top-section elementor-element elementor-element-ceumqho elementor-section-boxed elementor-section-height-default elementor-section-height-default\" data-id=\"ceumqho\" data-element_type=\"section\">\n\t\t\t\t\t\t<div class=\"elementor-container elementor-column-gap-default\">\n\t\t\t\t\t<div class=\"elementor-column elementor-col-100 elementor-top-column elementor-element elementor-element-lydhbxg\" data-id=\"lydhbxg\" data-element_type=\"column\">\n\t\t\t<div class=\"elementor-widget-wrap elementor-element-populated\">\n\t\t\t\t\t\t<div class=\"elementor-element elementor-element-vhkltyo elementor-widget elementor-widget-image\" data-id=\"vhkltyo\" data-element_type=\"widget\" data-widget_type=\"image.default\">\n\t\t\t\t<div class=\"elementor-widget-container\">\n\t\t\t\t\t\t\t\t\t\t\t\t\t\t\t\t<a href=\"http:\/\/www.biso.fr\/index.php\/numatic\/\" target=\"_blank\">\n\t\t\t\t\t\t\t<img decoding=\"async\" width=\"150\" height=\"150\" src=\"https:\/\/www.biso-aquitaine.fr\/wp-content\/uploads\/2017\/09\/2c0d4f_50d0bc97b90549bfb97dde19a1c1399dmv2-150x150.jpg\" class=\"attachment-thumbnail size-thumbnail wp-image-158\" alt=\"numatic international-apfn hygi\u00e8ne\" srcset=\"https:\/\/www.biso-aquitaine.fr\/wp-content\/uploads\/2017\/09\/2c0d4f_50d0bc97b90549bfb97dde19a1c1399dmv2-150x150.jpg 150w, https:\/\/www.biso-aquitaine.fr\/wp-content\/uploads\/2017\/09\/2c0d4f_50d0bc97b90549bfb97dde19a1c1399dmv2.jpg 256w\" sizes=\"(max-width: 150px) 100vw, 150px\" \/>\t\t\t\t\t\t\t\t<\/a>\n\t\t\t\t\t\t\t\t\t\t\t\t\t\t\t<\/div>\n\t\t\t\t<\/div>\n\t\t\t\t\t<\/div>\n\t\t<\/div>\n\t\t\t\t\t<\/div>\n\t\t<\/section>\n\t\t\t\t<section class=\"elementor-section elementor-top-section elementor-element elementor-element-l8zs02w elementor-section-boxed elementor-section-height-default elementor-section-height-default\" data-id=\"l8zs02w\" data-element_type=\"section\">\n\t\t\t\t\t\t<div class=\"elementor-container elementor-column-gap-default\">\n\t\t\t\t\t<div class=\"elementor-column elementor-col-100 elementor-top-column elementor-element elementor-element-9g8ofp4\" data-id=\"9g8ofp4\" data-element_type=\"column\">\n\t\t\t<div class=\"elementor-widget-wrap elementor-element-populated\">\n\t\t\t\t\t\t<div class=\"elementor-element elementor-element-q87ijqw elementor-widget elementor-widget-text-editor\" data-id=\"q87ijqw\" data-element_type=\"widget\" data-widget_type=\"text-editor.default\">\n\t\t\t\t<div class=\"elementor-widget-container\">\n\t\t\t\t\t\t\t\t\t<h2><strong>L&rsquo;aspirateur Henry : l&rsquo;ambassadeur de la marque Numatic<\/strong><\/h2><p>En 1983, <strong>Numatic International<\/strong> commercialise son produit phare, un aspirateur \u00e0 poussi\u00e8re, sous le nom de <strong>Henry<\/strong>. Gr\u00e2ce \u00e0 ses performances irr\u00e9prochables et son sourire malicieux, Henry devient un objet incontournable qui propulse <strong>Numatic <\/strong>dans le secteur du nettoyage domestique. Deux ans plus tard, il est d\u00e9clin\u00e9 en 4 couleurs afin de r\u00e9pondre \u00e0 une demande croissante de la client\u00e8le.<\/p><p>Tout d&rsquo;abord, Henry est le v\u00e9ritable ambassadeur de Numatic. Au fil des ann\u00e9es, il a \u00e9t\u00e9 propos\u00e9 avec plus de 20 am\u00e9liorations. Il est aujourd&rsquo;hui reconnu pour ses qualit\u00e9s professionnelles. En effet, derri\u00e8re le charmant sourire d\u00e9clipsable de Henry, se trouve un moteur puissant avec turbine qui permet une aspiration exceptionnelle.<\/p><p><span class=\"a-list-item\">De plus, Henry est un aspirateur poussi\u00e8re l\u00e9ger, silencieux et peu encombrant. <\/span><span class=\"a-list-item\">Il dispose d&rsquo;un enrouleur de fil manuel sur le dessus de la t\u00eate moteur. <\/span><span id=\"ctl00_cphProduits_lblDescription\">Cet enrouleur permet un champ d\u2019action de 26,8 m\u00e8tres. <\/span><\/p><p><span class=\"a-list-item\">Henry est respectueux de l&rsquo;environnement car il est \u00e9quip\u00e9 d&rsquo;un syst\u00e8me \u00ab Autosave \u00bb qui permet de r\u00e9duire la consommation d&rsquo;\u00e9lectricit\u00e9 jusqu&rsquo;\u00e0 50% et le niveau sonore de 20. <\/span>Il r\u00e9pond donc aux r\u00e9glementations les plus strictes. Il d\u00e9tient une l<span id=\"ctl00_cphProduits_lblDescription\">ong\u00e9vit\u00e9 exceptionnelle contrairement aux aspirateurs domestiques standard ( 3000 heures contre 600 heures en moyenne).<\/span><span id=\"ctl00_cphProduits_lblDescription\"> <\/span><\/p><p><span id=\"ctl00_cphProduits_lblDescription\">Ainsi, il apporte une qualit\u00e9 de travail irr\u00e9prochable avec le sourire !<\/span><\/p>\t\t\t\t\t\t\t\t<\/div>\n\t\t\t\t<\/div>\n\t\t\t\t<div class=\"elementor-element elementor-element-x0ky34f elementor-widget elementor-widget-video\" data-id=\"x0ky34f\" data-element_type=\"widget\" data-settings=\"{&quot;autoplay&quot;:&quot;yes&quot;,&quot;youtube_url&quot;:&quot;https:\\\/\\\/www.youtube.com\\\/watch?v=hJv77LXd6A4&quot;,&quot;video_type&quot;:&quot;youtube&quot;,&quot;controls&quot;:&quot;yes&quot;}\" data-widget_type=\"video.default\">\n\t\t\t\t<div class=\"elementor-widget-container\">\n\t\t\t\t\t\t\t<div class=\"elementor-wrapper elementor-open-inline\">\n\t\t\t<div class=\"elementor-video\"><\/div>\t\t<\/div>\n\t\t\t\t\t\t<\/div>\n\t\t\t\t<\/div>\n\t\t\t\t\t<\/div>\n\t\t<\/div>\n\t\t\t\t\t<\/div>\n\t\t<\/section>\n\t\t\t\t<section class=\"elementor-section elementor-top-section elementor-element elementor-element-6op2qc6 elementor-section-boxed elementor-section-height-default elementor-section-height-default\" data-id=\"6op2qc6\" data-element_type=\"section\">\n\t\t\t\t\t\t<div class=\"elementor-container elementor-column-gap-default\">\n\t\t\t\t\t<div class=\"elementor-column elementor-col-50 elementor-top-column elementor-element elementor-element-zmcgpyu\" data-id=\"zmcgpyu\" data-element_type=\"column\">\n\t\t\t<div class=\"elementor-widget-wrap elementor-element-populated\">\n\t\t\t\t\t\t<div class=\"elementor-element elementor-element-k7t27rl elementor-widget elementor-widget-text-editor\" data-id=\"k7t27rl\" data-element_type=\"widget\" data-widget_type=\"text-editor.default\">\n\t\t\t\t<div class=\"elementor-widget-container\">\n\t\t\t\t\t\t\t\t\t<h2><strong>Les avantages d&rsquo;Henry<\/strong><\/h2><ul><li>Aspirateur de classe \u00e9nerg\u00e9tique A<\/li><li>Faible consommation \u00e9lectrique<\/li><li>Excellente qualit\u00e9 d&rsquo;aspiration<\/li><li>Enrouleur de c\u00e2ble int\u00e9gr\u00e9<\/li><li>Station de stockage afin de faciliter le rangement des accessoires<\/li><li>Une ceinture en caoutchouc anti-trace<\/li><li>Des roues antibruit afin de limiter les nuisances sonores<\/li><\/ul>\t\t\t\t\t\t\t\t<\/div>\n\t\t\t\t<\/div>\n\t\t\t\t\t<\/div>\n\t\t<\/div>\n\t\t\t\t<div class=\"elementor-column elementor-col-50 elementor-top-column elementor-element elementor-element-ekz8iis\" data-id=\"ekz8iis\" data-element_type=\"column\">\n\t\t\t<div class=\"elementor-widget-wrap elementor-element-populated\">\n\t\t\t\t\t\t<div class=\"elementor-element elementor-element-mjmkqv4 elementor-widget elementor-widget-image\" data-id=\"mjmkqv4\" data-element_type=\"widget\" data-widget_type=\"image.default\">\n\t\t\t\t<div class=\"elementor-widget-container\">\n\t\t\t\t\t\t\t\t\t\t\t\t\t\t\t<img fetchpriority=\"high\" decoding=\"async\" width=\"700\" height=\"700\" src=\"https:\/\/www.biso-aquitaine.fr\/wp-content\/uploads\/2017\/09\/numatic-henry-hvr200-22.jpg\" class=\"attachment-large size-large wp-image-526\" alt=\"HENRY - NUMATIC - DISTRIBUTEUR - APFN HYGIENE\" srcset=\"https:\/\/www.biso-aquitaine.fr\/wp-content\/uploads\/2017\/09\/numatic-henry-hvr200-22.jpg 700w, https:\/\/www.biso-aquitaine.fr\/wp-content\/uploads\/2017\/09\/numatic-henry-hvr200-22-150x150.jpg 150w, https:\/\/www.biso-aquitaine.fr\/wp-content\/uploads\/2017\/09\/numatic-henry-hvr200-22-300x300.jpg 300w\" sizes=\"(max-width: 700px) 100vw, 700px\" \/>\t\t\t\t\t\t\t\t\t\t\t\t\t\t\t<\/div>\n\t\t\t\t<\/div>\n\t\t\t\t\t<\/div>\n\t\t<\/div>\n\t\t\t\t\t<\/div>\n\t\t<\/section>\n\t\t\t\t<section class=\"elementor-section elementor-top-section elementor-element elementor-element-u71e8hx elementor-section-boxed elementor-section-height-default elementor-section-height-default\" data-id=\"u71e8hx\" data-element_type=\"section\">\n\t\t\t\t\t\t<div class=\"elementor-container elementor-column-gap-default\">\n\t\t\t\t\t<div class=\"elementor-column elementor-col-100 elementor-top-column elementor-element elementor-element-f9dknwp\" data-id=\"f9dknwp\" data-element_type=\"column\">\n\t\t\t<div class=\"elementor-widget-wrap elementor-element-populated\">\n\t\t\t\t\t\t<div class=\"elementor-element elementor-element-olw4c3p elementor-widget elementor-widget-heading\" data-id=\"olw4c3p\" data-element_type=\"widget\" data-widget_type=\"heading.default\">\n\t\t\t\t<div class=\"elementor-widget-container\">\n\t\t\t\t\t<h2 class=\"elementor-heading-title elementor-size-default\">Les accessoires inclus<\/h2>\t\t\t\t<\/div>\n\t\t\t\t<\/div>\n\t\t\t\t\t<\/div>\n\t\t<\/div>\n\t\t\t\t\t<\/div>\n\t\t<\/section>\n\t\t\t\t<section class=\"elementor-section elementor-top-section elementor-element elementor-element-afpzzjj elementor-section-boxed elementor-section-height-default elementor-section-height-default\" data-id=\"afpzzjj\" data-element_type=\"section\">\n\t\t\t\t\t\t<div class=\"elementor-container elementor-column-gap-default\">\n\t\t\t\t\t<div class=\"elementor-column elementor-col-50 elementor-top-column elementor-element elementor-element-4q2hw9p\" data-id=\"4q2hw9p\" data-element_type=\"column\">\n\t\t\t<div class=\"elementor-widget-wrap elementor-element-populated\">\n\t\t\t\t\t\t<div class=\"elementor-element elementor-element-bqfw6o3 elementor-widget elementor-widget-text-editor\" data-id=\"bqfw6o3\" data-element_type=\"widget\" data-widget_type=\"text-editor.default\">\n\t\t\t\t<div class=\"elementor-widget-container\">\n\t\t\t\t\t\t\t\t\t<ul><li>Flexible FLOMAX complet 2,40m \u00d832mm<\/li><li>Tube coud\u00e9 inox NPC contr\u00f4le d\u00e9bit d&rsquo;air \u00d832mm<\/li><li>Tube droit inox \u00d832mm (en pr\u00e9voir 2 dans le kit)<\/li><li>Capteur poussi\u00e8res 2 positions 300mm \u00d832mm ECODESIGN avec clip d&rsquo;accroche syst\u00e8me parking (601059)<\/li><li>Adaptateur double \u00d832mm<\/li><li>Bec suceur plat \u00d832mm<\/li><li>Brosse ronde \u00d865 mm embouchure \u00d832mm<\/li><li>Capteur poussi\u00e8res tapisseries \u00d832mm<\/li><li>Brosse amovible coulissante pour 601145<\/li><\/ul>\t\t\t\t\t\t\t\t<\/div>\n\t\t\t\t<\/div>\n\t\t\t\t\t<\/div>\n\t\t<\/div>\n\t\t\t\t<div class=\"elementor-column elementor-col-50 elementor-top-column elementor-element elementor-element-x8c92gz\" data-id=\"x8c92gz\" data-element_type=\"column\">\n\t\t\t<div class=\"elementor-widget-wrap elementor-element-populated\">\n\t\t\t\t\t\t<div class=\"elementor-element elementor-element-afyktch elementor-widget elementor-widget-image\" data-id=\"afyktch\" data-element_type=\"widget\" data-widget_type=\"image.default\">\n\t\t\t\t<div class=\"elementor-widget-container\">\n\t\t\t\t\t\t\t\t\t\t\t\t\t\t\t<img decoding=\"async\" width=\"323\" height=\"283\" src=\"https:\/\/www.biso-aquitaine.fr\/wp-content\/uploads\/2017\/09\/accesoire.jpg\" class=\"attachment-full size-full wp-image-524\" alt=\"HENRY - NUMATIC - DISTRIBUTEUR - APFN HYGIENE\" srcset=\"https:\/\/www.biso-aquitaine.fr\/wp-content\/uploads\/2017\/09\/accesoire.jpg 323w, https:\/\/www.biso-aquitaine.fr\/wp-content\/uploads\/2017\/09\/accesoire-300x263.jpg 300w\" sizes=\"(max-width: 323px) 100vw, 323px\" \/>\t\t\t\t\t\t\t\t\t\t\t\t\t\t\t<\/div>\n\t\t\t\t<\/div>\n\t\t\t\t\t<\/div>\n\t\t<\/div>\n\t\t\t\t\t<\/div>\n\t\t<\/section>\n\t\t\t\t<section class=\"elementor-section elementor-top-section elementor-element elementor-element-87fjgnz elementor-section-boxed elementor-section-height-default elementor-section-height-default\" data-id=\"87fjgnz\" data-element_type=\"section\">\n\t\t\t\t\t\t<div class=\"elementor-container elementor-column-gap-default\">\n\t\t\t\t\t<div class=\"elementor-column elementor-col-100 elementor-top-column elementor-element elementor-element-2280skp\" data-id=\"2280skp\" data-element_type=\"column\">\n\t\t\t<div class=\"elementor-widget-wrap elementor-element-populated\">\n\t\t\t\t\t\t<div class=\"elementor-element elementor-element-tslrwkk elementor-widget elementor-widget-text-editor\" data-id=\"tslrwkk\" data-element_type=\"widget\" data-widget_type=\"text-editor.default\">\n\t\t\t\t<div class=\"elementor-widget-container\">\n\t\t\t\t\t\t\t\t\t<h2>L<strong>es caract\u00e9ristiques Henry<\/strong><\/h2><table><tbody><tr><td>Puissance (ECODESIGN)<\/td><td>620W<\/td><\/tr><tr><td>Tension d&rsquo;alimentation<\/td><td>230 V AC 50\/60 Hz<\/td><\/tr><tr><td>Volume d&rsquo;air<\/td><td>32L\/sec. (ECODESIGN)<\/td><\/tr><tr><td>D\u00e9pression<\/td><td>2250mm\/CE<\/td><\/tr><tr><td>C\u00e2ble<\/td><td>10m<\/td><\/tr><tr><td>Capacit\u00e9 utile<\/td><td>9L<\/td><\/tr><tr><td>Poids<\/td><td>8,5kg<\/td><\/tr><tr><td>Dimensions<\/td><td>340x340x370 mm<\/td><\/tr><\/tbody><\/table>\t\t\t\t\t\t\t\t<\/div>\n\t\t\t\t<\/div>\n\t\t\t\t\t<\/div>\n\t\t<\/div>\n\t\t\t\t\t<\/div>\n\t\t<\/section>\n\t\t\t\t<section class=\"elementor-section elementor-top-section elementor-element elementor-element-bz18uab elementor-section-boxed elementor-section-height-default elementor-section-height-default\" data-id=\"bz18uab\" data-element_type=\"section\">\n\t\t\t\t\t\t<div class=\"elementor-container elementor-column-gap-default\">\n\t\t\t\t\t<div class=\"elementor-column elementor-col-100 elementor-top-column elementor-element elementor-element-d4iras9\" data-id=\"d4iras9\" data-element_type=\"column\">\n\t\t\t<div class=\"elementor-widget-wrap elementor-element-populated\">\n\t\t\t\t\t\t<div class=\"elementor-element elementor-element-5pl3zmi elementor-widget elementor-widget-heading\" data-id=\"5pl3zmi\" data-element_type=\"widget\" data-widget_type=\"heading.default\">\n\t\t\t\t<div class=\"elementor-widget-container\">\n\t\t\t\t\t<h2 class=\"elementor-heading-title elementor-size-default\">Fiche technique<\/h2>\t\t\t\t<\/div>\n\t\t\t\t<\/div>\n\t\t\t\t<div class=\"elementor-element elementor-element-vzg7498 elementor-widget elementor-widget-text-editor\" data-id=\"vzg7498\" data-element_type=\"widget\" data-widget_type=\"text-editor.default\">\n\t\t\t\t<div class=\"elementor-widget-container\">\n\t\t\t\t\t\t\t\t\t<p><a href=\"https:\/\/www.biso-aquitaine.fr\/wp-content\/uploads\/2017\/09\/manuel-dutilisation-1.pdf\">Manuel d&rsquo;utilisation &#8211; NUMATIC &#8211; HENRY<\/a><\/p><p><a href=\"https:\/\/www.biso-aquitaine.fr\/wp-content\/uploads\/2017\/09\/NUMATIC-Fiche-Technique-HENRY.pdf\">Fiche technique &#8211; NUMATIC &#8211; HENRY<\/a><\/p>\t\t\t\t\t\t\t\t<\/div>\n\t\t\t\t<\/div>\n\t\t\t\t\t<\/div>\n\t\t<\/div>\n\t\t\t\t\t<\/div>\n\t\t<\/section>\n\t\t\t\t<\/div>\n\t\t","protected":false},"excerpt":{"rendered":"<div class=\"slide-text-bg2\"><span>L&rsquo;aspirateur Henry : l&rsquo;ambassadeur de la marque Numatic En 1983, Numatic International commercialise son produit phare, un aspirateur \u00e0 poussi<\/span><\/div>\n<div class=\"slide-btn-area-sm\"><a href=\"https:\/\/www.biso-aquitaine.fr\/index.php\/henry\/\" class=\"slide-btn-sm\">Lire la suite<\/a><\/div>\n","protected":false},"author":2,"featured_media":0,"parent":0,"menu_order":0,"comment_status":"closed","ping_status":"closed","template":"","meta":{"footnotes":""},"class_list":["post-520","page","type-page","status-publish","hentry"],"yoast_head":"<!-- This site is optimized with the Yoast SEO plugin v26.8 - https:\/\/yoast.com\/product\/yoast-seo-wordpress\/ -->\n<title>HENRY - aspirateur - NUMATIC - Distributeur - apfn hygi\u00e8ne<\/title>\n<meta name=\"description\" content=\"Gr\u00e2ce \u00e0 ses performances irr\u00e9prochables et son sourire malicieux, Henry devient un objet incontournable dans le secteur du nettoyage domestique.\" \/>\n<meta name=\"robots\" content=\"index, follow, max-snippet:-1, max-image-preview:large, max-video-preview:-1\" \/>\n<link rel=\"canonical\" href=\"https:\/\/www.biso-aquitaine.fr\/index.php\/henry\/\" \/>\n<meta property=\"og:locale\" content=\"fr_FR\" \/>\n<meta property=\"og:type\" content=\"article\" \/>\n<meta property=\"og:title\" content=\"HENRY - aspirateur - NUMATIC - Distributeur - apfn hygi\u00e8ne\" \/>\n<meta property=\"og:description\" content=\"Gr\u00e2ce \u00e0 ses performances irr\u00e9prochables et son sourire malicieux, Henry devient un objet incontournable dans le secteur du nettoyage domestique.\" \/>\n<meta property=\"og:url\" content=\"https:\/\/www.biso-aquitaine.fr\/index.php\/henry\/\" \/>\n<meta property=\"article:publisher\" content=\"https:\/\/www.facebook.com\/apfn-hygi%c3%a8ne-145838925596381\/?ref=bookmarks\" \/>\n<meta property=\"article:modified_time\" content=\"2023-06-19T13:45:46+00:00\" \/>\n<meta property=\"og:image\" content=\"https:\/\/www.biso-aquitaine.fr\/wp-content\/uploads\/2017\/09\/2c0d4f_50d0bc97b90549bfb97dde19a1c1399dmv2-150x150.jpg\" \/>\n<meta name=\"twitter:card\" content=\"summary_large_image\" \/>\n<meta name=\"twitter:label1\" content=\"Dur\u00e9e de lecture estim\u00e9e\" \/>\n\t<meta name=\"twitter:data1\" content=\"3 minutes\" \/>\n<script type=\"application\/ld+json\" class=\"yoast-schema-graph\">{\"@context\":\"https:\/\/schema.org\",\"@graph\":[{\"@type\":\"WebPage\",\"@id\":\"https:\/\/www.biso-aquitaine.fr\/index.php\/henry\/\",\"url\":\"https:\/\/www.biso-aquitaine.fr\/index.php\/henry\/\",\"name\":\"HENRY - aspirateur - NUMATIC - Distributeur - apfn hygi\u00e8ne\",\"isPartOf\":{\"@id\":\"https:\/\/www.biso-aquitaine.fr\/#website\"},\"primaryImageOfPage\":{\"@id\":\"https:\/\/www.biso-aquitaine.fr\/index.php\/henry\/#primaryimage\"},\"image\":{\"@id\":\"https:\/\/www.biso-aquitaine.fr\/index.php\/henry\/#primaryimage\"},\"thumbnailUrl\":\"https:\/\/www.biso-aquitaine.fr\/wp-content\/uploads\/2017\/09\/2c0d4f_50d0bc97b90549bfb97dde19a1c1399dmv2-150x150.jpg\",\"datePublished\":\"2017-09-20T10:41:37+00:00\",\"dateModified\":\"2023-06-19T13:45:46+00:00\",\"description\":\"Gr\u00e2ce \u00e0 ses performances irr\u00e9prochables et son sourire malicieux, Henry devient un objet incontournable dans le secteur du nettoyage domestique.\",\"inLanguage\":\"fr-FR\",\"potentialAction\":[{\"@type\":\"ReadAction\",\"target\":[\"https:\/\/www.biso-aquitaine.fr\/index.php\/henry\/\"]}]},{\"@type\":\"ImageObject\",\"inLanguage\":\"fr-FR\",\"@id\":\"https:\/\/www.biso-aquitaine.fr\/index.php\/henry\/#primaryimage\",\"url\":\"https:\/\/www.biso-aquitaine.fr\/wp-content\/uploads\/2017\/09\/2c0d4f_50d0bc97b90549bfb97dde19a1c1399dmv2.jpg\",\"contentUrl\":\"https:\/\/www.biso-aquitaine.fr\/wp-content\/uploads\/2017\/09\/2c0d4f_50d0bc97b90549bfb97dde19a1c1399dmv2.jpg\",\"width\":256,\"height\":256,\"caption\":\"numatic-logo-fournisseur-apfnhygiene\"},{\"@type\":\"WebSite\",\"@id\":\"https:\/\/www.biso-aquitaine.fr\/#website\",\"url\":\"https:\/\/www.biso-aquitaine.fr\/\",\"name\":\"\",\"description\":\"\",\"potentialAction\":[{\"@type\":\"SearchAction\",\"target\":{\"@type\":\"EntryPoint\",\"urlTemplate\":\"https:\/\/www.biso-aquitaine.fr\/?s={search_term_string}\"},\"query-input\":{\"@type\":\"PropertyValueSpecification\",\"valueRequired\":true,\"valueName\":\"search_term_string\"}}],\"inLanguage\":\"fr-FR\"}]}<\/script>\n<!-- \/ Yoast SEO plugin. -->","yoast_head_json":{"title":"HENRY - aspirateur - NUMATIC - Distributeur - apfn hygi\u00e8ne","description":"Gr\u00e2ce \u00e0 ses performances irr\u00e9prochables et son sourire malicieux, Henry devient un objet incontournable dans le secteur du nettoyage domestique.","robots":{"index":"index","follow":"follow","max-snippet":"max-snippet:-1","max-image-preview":"max-image-preview:large","max-video-preview":"max-video-preview:-1"},"canonical":"https:\/\/www.biso-aquitaine.fr\/index.php\/henry\/","og_locale":"fr_FR","og_type":"article","og_title":"HENRY - aspirateur - NUMATIC - Distributeur - apfn hygi\u00e8ne","og_description":"Gr\u00e2ce \u00e0 ses performances irr\u00e9prochables et son sourire malicieux, Henry devient un objet incontournable dans le secteur du nettoyage domestique.","og_url":"https:\/\/www.biso-aquitaine.fr\/index.php\/henry\/","article_publisher":"https:\/\/www.facebook.com\/apfn-hygi%c3%a8ne-145838925596381\/?ref=bookmarks","article_modified_time":"2023-06-19T13:45:46+00:00","og_image":[{"url":"https:\/\/www.biso-aquitaine.fr\/wp-content\/uploads\/2017\/09\/2c0d4f_50d0bc97b90549bfb97dde19a1c1399dmv2-150x150.jpg","type":"","width":"","height":""}],"twitter_card":"summary_large_image","twitter_misc":{"Dur\u00e9e de lecture estim\u00e9e":"3 minutes"},"schema":{"@context":"https:\/\/schema.org","@graph":[{"@type":"WebPage","@id":"https:\/\/www.biso-aquitaine.fr\/index.php\/henry\/","url":"https:\/\/www.biso-aquitaine.fr\/index.php\/henry\/","name":"HENRY - aspirateur - NUMATIC - Distributeur - apfn hygi\u00e8ne","isPartOf":{"@id":"https:\/\/www.biso-aquitaine.fr\/#website"},"primaryImageOfPage":{"@id":"https:\/\/www.biso-aquitaine.fr\/index.php\/henry\/#primaryimage"},"image":{"@id":"https:\/\/www.biso-aquitaine.fr\/index.php\/henry\/#primaryimage"},"thumbnailUrl":"https:\/\/www.biso-aquitaine.fr\/wp-content\/uploads\/2017\/09\/2c0d4f_50d0bc97b90549bfb97dde19a1c1399dmv2-150x150.jpg","datePublished":"2017-09-20T10:41:37+00:00","dateModified":"2023-06-19T13:45:46+00:00","description":"Gr\u00e2ce \u00e0 ses performances irr\u00e9prochables et son sourire malicieux, Henry devient un objet incontournable dans le secteur du nettoyage domestique.","inLanguage":"fr-FR","potentialAction":[{"@type":"ReadAction","target":["https:\/\/www.biso-aquitaine.fr\/index.php\/henry\/"]}]},{"@type":"ImageObject","inLanguage":"fr-FR","@id":"https:\/\/www.biso-aquitaine.fr\/index.php\/henry\/#primaryimage","url":"https:\/\/www.biso-aquitaine.fr\/wp-content\/uploads\/2017\/09\/2c0d4f_50d0bc97b90549bfb97dde19a1c1399dmv2.jpg","contentUrl":"https:\/\/www.biso-aquitaine.fr\/wp-content\/uploads\/2017\/09\/2c0d4f_50d0bc97b90549bfb97dde19a1c1399dmv2.jpg","width":256,"height":256,"caption":"numatic-logo-fournisseur-apfnhygiene"},{"@type":"WebSite","@id":"https:\/\/www.biso-aquitaine.fr\/#website","url":"https:\/\/www.biso-aquitaine.fr\/","name":"","description":"","potentialAction":[{"@type":"SearchAction","target":{"@type":"EntryPoint","urlTemplate":"https:\/\/www.biso-aquitaine.fr\/?s={search_term_string}"},"query-input":{"@type":"PropertyValueSpecification","valueRequired":true,"valueName":"search_term_string"}}],"inLanguage":"fr-FR"}]}},"_links":{"self":[{"href":"https:\/\/www.biso-aquitaine.fr\/index.php\/wp-json\/wp\/v2\/pages\/520","targetHints":{"allow":["GET"]}}],"collection":[{"href":"https:\/\/www.biso-aquitaine.fr\/index.php\/wp-json\/wp\/v2\/pages"}],"about":[{"href":"https:\/\/www.biso-aquitaine.fr\/index.php\/wp-json\/wp\/v2\/types\/page"}],"author":[{"embeddable":true,"href":"https:\/\/www.biso-aquitaine.fr\/index.php\/wp-json\/wp\/v2\/users\/2"}],"replies":[{"embeddable":true,"href":"https:\/\/www.biso-aquitaine.fr\/index.php\/wp-json\/wp\/v2\/comments?post=520"}],"version-history":[{"count":16,"href":"https:\/\/www.biso-aquitaine.fr\/index.php\/wp-json\/wp\/v2\/pages\/520\/revisions"}],"predecessor-version":[{"id":3258,"href":"https:\/\/www.biso-aquitaine.fr\/index.php\/wp-json\/wp\/v2\/pages\/520\/revisions\/3258"}],"wp:attachment":[{"href":"https:\/\/www.biso-aquitaine.fr\/index.php\/wp-json\/wp\/v2\/media?parent=520"}],"curies":[{"name":"wp","href":"https:\/\/api.w.org\/{rel}","templated":true}]}}