{"id":71,"date":"2017-09-05T14:40:28","date_gmt":"2017-09-05T12:40:28","guid":{"rendered":"http:\/\/www.biso.fr\/?page_id=71"},"modified":"2023-01-20T15:40:49","modified_gmt":"2023-01-20T14:40:49","slug":"accueil","status":"publish","type":"page","link":"https:\/\/www.biso-aquitaine.fr\/","title":{"rendered":"ACCUEIL"},"content":{"rendered":"\t\t<div data-elementor-type=\"wp-page\" data-elementor-id=\"71\" class=\"elementor elementor-71\">\n\t\t\t\t\t\t<section class=\"elementor-section elementor-top-section elementor-element elementor-element-62eoios elementor-section-boxed elementor-section-height-default elementor-section-height-default\" data-id=\"62eoios\" data-element_type=\"section\">\n\t\t\t\t\t\t<div class=\"elementor-container elementor-column-gap-default\">\n\t\t\t\t\t<div class=\"elementor-column elementor-col-100 elementor-top-column elementor-element elementor-element-51c7c26\" data-id=\"51c7c26\" data-element_type=\"column\">\n\t\t\t<div class=\"elementor-widget-wrap\">\n\t\t\t\t\t\t\t<\/div>\n\t\t<\/div>\n\t\t\t\t\t<\/div>\n\t\t<\/section>\n\t\t\t\t<section class=\"elementor-section elementor-top-section elementor-element elementor-element-45d996f elementor-section-full_width elementor-section-height-default elementor-section-height-default\" data-id=\"45d996f\" data-element_type=\"section\">\n\t\t\t\t\t\t<div class=\"elementor-container elementor-column-gap-default\">\n\t\t\t\t\t<div class=\"elementor-column elementor-col-100 elementor-top-column elementor-element elementor-element-79b9e64\" data-id=\"79b9e64\" data-element_type=\"column\">\n\t\t\t<div class=\"elementor-widget-wrap elementor-element-populated\">\n\t\t\t\t\t\t<div class=\"elementor-element elementor-element-44f950b elementor-widget elementor-widget-image\" data-id=\"44f950b\" data-element_type=\"widget\" data-widget_type=\"image.default\">\n\t\t\t\t<div class=\"elementor-widget-container\">\n\t\t\t\t\t\t\t\t\t\t\t\t\t\t\t<img fetchpriority=\"high\" decoding=\"async\" width=\"1024\" height=\"275\" src=\"https:\/\/www.biso-aquitaine.fr\/wp-content\/uploads\/2021\/05\/en-tete-site-internet-2-1024x275.png\" class=\"attachment-large size-large wp-image-3103\" alt=\"\" srcset=\"https:\/\/www.biso-aquitaine.fr\/wp-content\/uploads\/2021\/05\/en-tete-site-internet-2-1024x275.png 1024w, https:\/\/www.biso-aquitaine.fr\/wp-content\/uploads\/2021\/05\/en-tete-site-internet-2-300x81.png 300w, https:\/\/www.biso-aquitaine.fr\/wp-content\/uploads\/2021\/05\/en-tete-site-internet-2-768x206.png 768w, https:\/\/www.biso-aquitaine.fr\/wp-content\/uploads\/2021\/05\/en-tete-site-internet-2-1536x413.png 1536w, https:\/\/www.biso-aquitaine.fr\/wp-content\/uploads\/2021\/05\/en-tete-site-internet-2.png 1600w\" sizes=\"(max-width: 1024px) 100vw, 1024px\" \/>\t\t\t\t\t\t\t\t\t\t\t\t\t\t\t<\/div>\n\t\t\t\t<\/div>\n\t\t\t\t<div class=\"elementor-element elementor-element-1a62b73 elementor-widget elementor-widget-spacer\" data-id=\"1a62b73\" data-element_type=\"widget\" data-widget_type=\"spacer.default\">\n\t\t\t\t<div class=\"elementor-widget-container\">\n\t\t\t\t\t\t\t<div class=\"elementor-spacer\">\n\t\t\t<div class=\"elementor-spacer-inner\"><\/div>\n\t\t<\/div>\n\t\t\t\t\t\t<\/div>\n\t\t\t\t<\/div>\n\t\t\t\t\t<\/div>\n\t\t<\/div>\n\t\t\t\t\t<\/div>\n\t\t<\/section>\n\t\t\t\t<section class=\"elementor-section elementor-top-section elementor-element elementor-element-a2cbc44 elementor-section-boxed elementor-section-height-default elementor-section-height-default\" data-id=\"a2cbc44\" data-element_type=\"section\">\n\t\t\t\t\t\t<div class=\"elementor-container elementor-column-gap-default\">\n\t\t\t\t\t<div class=\"elementor-column elementor-col-50 elementor-top-column elementor-element elementor-element-028a140\" data-id=\"028a140\" data-element_type=\"column\">\n\t\t\t<div class=\"elementor-widget-wrap elementor-element-populated\">\n\t\t\t\t\t\t<div class=\"elementor-element elementor-element-461cb8c elementor-widget elementor-widget-image\" data-id=\"461cb8c\" data-element_type=\"widget\" data-widget_type=\"image.default\">\n\t\t\t\t<div class=\"elementor-widget-container\">\n\t\t\t\t\t\t\t\t\t\t\t\t\t\t\t<img decoding=\"async\" width=\"300\" height=\"168\" src=\"https:\/\/www.biso-aquitaine.fr\/wp-content\/uploads\/2021\/03\/biso-logo-couleur-300x168.png\" class=\"attachment-medium size-medium wp-image-2927\" alt=\"\" srcset=\"https:\/\/www.biso-aquitaine.fr\/wp-content\/uploads\/2021\/03\/biso-logo-couleur-300x168.png 300w, https:\/\/www.biso-aquitaine.fr\/wp-content\/uploads\/2021\/03\/biso-logo-couleur-1024x574.png 1024w, https:\/\/www.biso-aquitaine.fr\/wp-content\/uploads\/2021\/03\/biso-logo-couleur-768x431.png 768w, https:\/\/www.biso-aquitaine.fr\/wp-content\/uploads\/2021\/03\/biso-logo-couleur-1536x862.png 1536w, https:\/\/www.biso-aquitaine.fr\/wp-content\/uploads\/2021\/03\/biso-logo-couleur.png 1615w\" sizes=\"(max-width: 300px) 100vw, 300px\" \/>\t\t\t\t\t\t\t\t\t\t\t\t\t\t\t<\/div>\n\t\t\t\t<\/div>\n\t\t\t\t\t<\/div>\n\t\t<\/div>\n\t\t\t\t<div class=\"elementor-column elementor-col-50 elementor-top-column elementor-element elementor-element-26460b0\" data-id=\"26460b0\" data-element_type=\"column\">\n\t\t\t<div class=\"elementor-widget-wrap elementor-element-populated\">\n\t\t\t\t\t\t<div class=\"elementor-element elementor-element-2531373 elementor-widget elementor-widget-text-editor\" data-id=\"2531373\" data-element_type=\"widget\" data-widget_type=\"text-editor.default\">\n\t\t\t\t<div class=\"elementor-widget-container\">\n\t\t\t\t\t\t\t\t\t<p><strong>Situ\u00e9 sur le territoire Aquitain, Biso Aquitaine est un distributeur de mat\u00e9riels de propret\u00e9 innovant.<\/strong><\/p>\t\t\t\t\t\t\t\t<\/div>\n\t\t\t\t<\/div>\n\t\t\t\t\t<\/div>\n\t\t<\/div>\n\t\t\t\t\t<\/div>\n\t\t<\/section>\n\t\t\t\t<section class=\"elementor-section elementor-top-section elementor-element elementor-element-342071e elementor-section-boxed elementor-section-height-default elementor-section-height-default\" data-id=\"342071e\" data-element_type=\"section\">\n\t\t\t\t\t\t<div class=\"elementor-container elementor-column-gap-default\">\n\t\t\t\t\t<div class=\"elementor-column elementor-col-33 elementor-top-column elementor-element elementor-element-cb21bc1\" data-id=\"cb21bc1\" data-element_type=\"column\">\n\t\t\t<div class=\"elementor-widget-wrap elementor-element-populated\">\n\t\t\t\t\t\t<div class=\"elementor-element elementor-element-7ac5879 elementor-widget elementor-widget-image\" data-id=\"7ac5879\" data-element_type=\"widget\" data-widget_type=\"image.default\">\n\t\t\t\t<div class=\"elementor-widget-container\">\n\t\t\t\t\t\t\t\t\t\t\t\t\t\t\t\t<a href=\"https:\/\/phyleo-lhygiene-autrement.com\/\" target=\"_blank\">\n\t\t\t\t\t\t\t<img decoding=\"async\" width=\"300\" height=\"261\" src=\"https:\/\/www.biso-aquitaine.fr\/wp-content\/uploads\/2023\/01\/LOGO-300x261.png\" class=\"attachment-medium size-medium wp-image-3154\" alt=\"phyl\u00e9o - biso aquitaine\" srcset=\"https:\/\/www.biso-aquitaine.fr\/wp-content\/uploads\/2023\/01\/LOGO-300x261.png 300w, https:\/\/www.biso-aquitaine.fr\/wp-content\/uploads\/2023\/01\/LOGO-768x669.png 768w, https:\/\/www.biso-aquitaine.fr\/wp-content\/uploads\/2023\/01\/LOGO.png 974w\" sizes=\"(max-width: 300px) 100vw, 300px\" \/>\t\t\t\t\t\t\t\t<\/a>\n\t\t\t\t\t\t\t\t\t\t\t\t\t\t\t<\/div>\n\t\t\t\t<\/div>\n\t\t\t\t\t<\/div>\n\t\t<\/div>\n\t\t\t\t<div class=\"elementor-column elementor-col-66 elementor-top-column elementor-element elementor-element-d3586c5\" data-id=\"d3586c5\" data-element_type=\"column\">\n\t\t\t<div class=\"elementor-widget-wrap elementor-element-populated\">\n\t\t\t\t\t\t<div class=\"elementor-element elementor-element-768f860 elementor-widget elementor-widget-spacer\" data-id=\"768f860\" data-element_type=\"widget\" data-widget_type=\"spacer.default\">\n\t\t\t\t<div class=\"elementor-widget-container\">\n\t\t\t\t\t\t\t<div class=\"elementor-spacer\">\n\t\t\t<div class=\"elementor-spacer-inner\"><\/div>\n\t\t<\/div>\n\t\t\t\t\t\t<\/div>\n\t\t\t\t<\/div>\n\t\t\t\t<div class=\"elementor-element elementor-element-1434b96 elementor-widget elementor-widget-text-editor\" data-id=\"1434b96\" data-element_type=\"widget\" data-widget_type=\"text-editor.default\">\n\t\t\t\t<div class=\"elementor-widget-container\">\n\t\t\t\t\t\t\t\t\t<p>Depuis le 01\/08\/2022, biso aquitaine a rejoint le r\u00e9seau Phyl\u00e9o.\u00a0<\/p><p>Fort de l\u2019exp\u00e9rience de ses fondateurs, et du dynamisme de ses adh\u00e9rents, le groupement Phyl\u00e9o cr\u00e9\u00e9 en 2020, est un groupement constitu\u00e9 de 35 entreprises sp\u00e9cialis\u00e9es dans la distribution de Services et Produits d\u2019hygi\u00e8ne respectueux de l\u2019environnement.<\/p><p>R\u00e9parties sur tout le territoire, ces entreprises partagent la m\u00eame vision et le m\u00eame objectif ; proposer \u00e0 leurs clients des services et produits de qualit\u00e9 tout en partageant une fibre \u00e9co-responsable.<\/p>\t\t\t\t\t\t\t\t<\/div>\n\t\t\t\t<\/div>\n\t\t\t\t\t<\/div>\n\t\t<\/div>\n\t\t\t\t\t<\/div>\n\t\t<\/section>\n\t\t\t\t<section class=\"elementor-section elementor-top-section elementor-element elementor-element-6186617 elementor-section-boxed elementor-section-height-default elementor-section-height-default\" data-id=\"6186617\" data-element_type=\"section\">\n\t\t\t\t\t\t<div class=\"elementor-container elementor-column-gap-default\">\n\t\t\t\t\t<div class=\"elementor-column elementor-col-50 elementor-top-column elementor-element elementor-element-2484a55\" data-id=\"2484a55\" data-element_type=\"column\">\n\t\t\t<div class=\"elementor-widget-wrap elementor-element-populated\">\n\t\t\t\t\t\t<div class=\"elementor-element elementor-element-70610b7 elementor-widget elementor-widget-image\" data-id=\"70610b7\" data-element_type=\"widget\" data-widget_type=\"image.default\">\n\t\t\t\t<div class=\"elementor-widget-container\">\n\t\t\t\t\t\t\t\t\t\t\t\t\t\t\t<img loading=\"lazy\" decoding=\"async\" width=\"1024\" height=\"768\" src=\"https:\/\/www.biso-aquitaine.fr\/wp-content\/uploads\/2021\/05\/DepotBISO-1024x768.jpeg\" class=\"attachment-large size-large wp-image-2957\" alt=\"\" srcset=\"https:\/\/www.biso-aquitaine.fr\/wp-content\/uploads\/2021\/05\/DepotBISO-1024x768.jpeg 1024w, https:\/\/www.biso-aquitaine.fr\/wp-content\/uploads\/2021\/05\/DepotBISO-300x225.jpeg 300w, https:\/\/www.biso-aquitaine.fr\/wp-content\/uploads\/2021\/05\/DepotBISO-768x576.jpeg 768w, https:\/\/www.biso-aquitaine.fr\/wp-content\/uploads\/2021\/05\/DepotBISO-1536x1152.jpeg 1536w, https:\/\/www.biso-aquitaine.fr\/wp-content\/uploads\/2021\/05\/DepotBISO-2048x1536.jpeg 2048w, https:\/\/www.biso-aquitaine.fr\/wp-content\/uploads\/2021\/05\/DepotBISO-scaled-e1620145002159.jpeg 400w\" sizes=\"(max-width: 1024px) 100vw, 1024px\" \/>\t\t\t\t\t\t\t\t\t\t\t\t\t\t\t<\/div>\n\t\t\t\t<\/div>\n\t\t\t\t\t<\/div>\n\t\t<\/div>\n\t\t\t\t<div class=\"elementor-column elementor-col-50 elementor-top-column elementor-element elementor-element-3c79244\" data-id=\"3c79244\" data-element_type=\"column\">\n\t\t\t<div class=\"elementor-widget-wrap elementor-element-populated\">\n\t\t\t\t\t\t<div class=\"elementor-element elementor-element-eacfe0f elementor-widget elementor-widget-image\" data-id=\"eacfe0f\" data-element_type=\"widget\" data-widget_type=\"image.default\">\n\t\t\t\t<div class=\"elementor-widget-container\">\n\t\t\t\t\t\t\t\t\t\t\t\t\t\t\t<img loading=\"lazy\" decoding=\"async\" width=\"1024\" height=\"633\" src=\"https:\/\/www.biso-aquitaine.fr\/wp-content\/uploads\/2021\/05\/photo-1024x633.png\" class=\"attachment-large size-large wp-image-2958\" alt=\"\" srcset=\"https:\/\/www.biso-aquitaine.fr\/wp-content\/uploads\/2021\/05\/photo-1024x633.png 1024w, https:\/\/www.biso-aquitaine.fr\/wp-content\/uploads\/2021\/05\/photo-300x186.png 300w, https:\/\/www.biso-aquitaine.fr\/wp-content\/uploads\/2021\/05\/photo-768x475.png 768w, https:\/\/www.biso-aquitaine.fr\/wp-content\/uploads\/2021\/05\/photo.png 1145w\" sizes=\"(max-width: 1024px) 100vw, 1024px\" \/>\t\t\t\t\t\t\t\t\t\t\t\t\t\t\t<\/div>\n\t\t\t\t<\/div>\n\t\t\t\t\t<\/div>\n\t\t<\/div>\n\t\t\t\t\t<\/div>\n\t\t<\/section>\n\t\t\t\t<\/div>\n\t\t","protected":false},"excerpt":{"rendered":"<div class=\"slide-text-bg2\"><span>Situ\u00e9 sur le territoire Aquitain, Biso Aquitaine est un distributeur de mat\u00e9riels de propret\u00e9 innovant. Depuis le 01\/08\/2022, biso aquitaine a rejoint l<\/span><\/div>\n<div class=\"slide-btn-area-sm\"><a href=\"https:\/\/www.biso-aquitaine.fr\/\" class=\"slide-btn-sm\">Lire la suite<\/a><\/div>\n","protected":false},"author":2,"featured_media":0,"parent":0,"menu_order":0,"comment_status":"closed","ping_status":"closed","template":"","meta":{"footnotes":""},"class_list":["post-71","page","type-page","status-publish","hentry"],"yoast_head":"<!-- This site is optimized with the Yoast SEO plugin v26.8 - https:\/\/yoast.com\/product\/yoast-seo-wordpress\/ -->\n<title>biso aquitaine - vente de mat\u00e9riels innovants pour les professionnels<\/title>\n<meta name=\"description\" content=\"biso aquitaine propose un catalogue d&#039;\u00e9quipements et de mat\u00e9riels innovants pour l&#039;am\u00e9lioration des conditions de travail dans le domaine de l&#039;hygi\u00e8ne.\" \/>\n<meta name=\"robots\" content=\"index, follow, max-snippet:-1, max-image-preview:large, max-video-preview:-1\" \/>\n<link rel=\"canonical\" href=\"https:\/\/www.biso-aquitaine.fr\/\" \/>\n<meta property=\"og:locale\" content=\"fr_FR\" \/>\n<meta property=\"og:type\" content=\"article\" \/>\n<meta property=\"og:title\" content=\"biso aquitaine - vente de mat\u00e9riels innovants pour les professionnels\" \/>\n<meta property=\"og:description\" content=\"biso aquitaine propose un catalogue d&#039;\u00e9quipements et de mat\u00e9riels innovants pour l&#039;am\u00e9lioration des conditions de travail dans le domaine de l&#039;hygi\u00e8ne.\" \/>\n<meta property=\"og:url\" content=\"https:\/\/www.biso-aquitaine.fr\/\" \/>\n<meta property=\"article:publisher\" content=\"https:\/\/www.facebook.com\/apfn-hygi%c3%a8ne-145838925596381\/?ref=bookmarks\" \/>\n<meta property=\"article:modified_time\" content=\"2023-01-20T14:40:49+00:00\" \/>\n<meta property=\"og:image\" content=\"https:\/\/www.biso-aquitaine.fr\/wp-content\/uploads\/2021\/05\/en-tete-site-internet-2-1024x275.png\" \/>\n<meta name=\"twitter:card\" content=\"summary_large_image\" \/>\n<meta name=\"twitter:label1\" content=\"Dur\u00e9e de lecture estim\u00e9e\" \/>\n\t<meta name=\"twitter:data1\" content=\"2 minutes\" \/>\n<script type=\"application\/ld+json\" class=\"yoast-schema-graph\">{\"@context\":\"https:\/\/schema.org\",\"@graph\":[{\"@type\":\"WebPage\",\"@id\":\"https:\/\/www.biso-aquitaine.fr\/\",\"url\":\"https:\/\/www.biso-aquitaine.fr\/\",\"name\":\"biso aquitaine - vente de mat\u00e9riels innovants pour les professionnels\",\"isPartOf\":{\"@id\":\"https:\/\/www.biso-aquitaine.fr\/#website\"},\"primaryImageOfPage\":{\"@id\":\"https:\/\/www.biso-aquitaine.fr\/#primaryimage\"},\"image\":{\"@id\":\"https:\/\/www.biso-aquitaine.fr\/#primaryimage\"},\"thumbnailUrl\":\"https:\/\/www.biso-aquitaine.fr\/wp-content\/uploads\/2021\/05\/en-tete-site-internet-2-1024x275.png\",\"datePublished\":\"2017-09-05T12:40:28+00:00\",\"dateModified\":\"2023-01-20T14:40:49+00:00\",\"description\":\"biso aquitaine propose un catalogue d'\u00e9quipements et de mat\u00e9riels innovants pour l'am\u00e9lioration des conditions de travail dans le domaine de l'hygi\u00e8ne.\",\"inLanguage\":\"fr-FR\",\"potentialAction\":[{\"@type\":\"ReadAction\",\"target\":[\"https:\/\/www.biso-aquitaine.fr\/\"]}]},{\"@type\":\"ImageObject\",\"inLanguage\":\"fr-FR\",\"@id\":\"https:\/\/www.biso-aquitaine.fr\/#primaryimage\",\"url\":\"https:\/\/www.biso-aquitaine.fr\/wp-content\/uploads\/2021\/05\/en-tete-site-internet-2.png\",\"contentUrl\":\"https:\/\/www.biso-aquitaine.fr\/wp-content\/uploads\/2021\/05\/en-tete-site-internet-2.png\",\"width\":1600,\"height\":430},{\"@type\":\"WebSite\",\"@id\":\"https:\/\/www.biso-aquitaine.fr\/#website\",\"url\":\"https:\/\/www.biso-aquitaine.fr\/\",\"name\":\"\",\"description\":\"\",\"potentialAction\":[{\"@type\":\"SearchAction\",\"target\":{\"@type\":\"EntryPoint\",\"urlTemplate\":\"https:\/\/www.biso-aquitaine.fr\/?s={search_term_string}\"},\"query-input\":{\"@type\":\"PropertyValueSpecification\",\"valueRequired\":true,\"valueName\":\"search_term_string\"}}],\"inLanguage\":\"fr-FR\"}]}<\/script>\n<!-- \/ Yoast SEO plugin. -->","yoast_head_json":{"title":"biso aquitaine - vente de mat\u00e9riels innovants pour les professionnels","description":"biso aquitaine propose un catalogue d'\u00e9quipements et de mat\u00e9riels innovants pour l'am\u00e9lioration des conditions de travail dans le domaine de l'hygi\u00e8ne.","robots":{"index":"index","follow":"follow","max-snippet":"max-snippet:-1","max-image-preview":"max-image-preview:large","max-video-preview":"max-video-preview:-1"},"canonical":"https:\/\/www.biso-aquitaine.fr\/","og_locale":"fr_FR","og_type":"article","og_title":"biso aquitaine - vente de mat\u00e9riels innovants pour les professionnels","og_description":"biso aquitaine propose un catalogue d'\u00e9quipements et de mat\u00e9riels innovants pour l'am\u00e9lioration des conditions de travail dans le domaine de l'hygi\u00e8ne.","og_url":"https:\/\/www.biso-aquitaine.fr\/","article_publisher":"https:\/\/www.facebook.com\/apfn-hygi%c3%a8ne-145838925596381\/?ref=bookmarks","article_modified_time":"2023-01-20T14:40:49+00:00","og_image":[{"url":"https:\/\/www.biso-aquitaine.fr\/wp-content\/uploads\/2021\/05\/en-tete-site-internet-2-1024x275.png","type":"","width":"","height":""}],"twitter_card":"summary_large_image","twitter_misc":{"Dur\u00e9e de lecture estim\u00e9e":"2 minutes"},"schema":{"@context":"https:\/\/schema.org","@graph":[{"@type":"WebPage","@id":"https:\/\/www.biso-aquitaine.fr\/","url":"https:\/\/www.biso-aquitaine.fr\/","name":"biso aquitaine - vente de mat\u00e9riels innovants pour les professionnels","isPartOf":{"@id":"https:\/\/www.biso-aquitaine.fr\/#website"},"primaryImageOfPage":{"@id":"https:\/\/www.biso-aquitaine.fr\/#primaryimage"},"image":{"@id":"https:\/\/www.biso-aquitaine.fr\/#primaryimage"},"thumbnailUrl":"https:\/\/www.biso-aquitaine.fr\/wp-content\/uploads\/2021\/05\/en-tete-site-internet-2-1024x275.png","datePublished":"2017-09-05T12:40:28+00:00","dateModified":"2023-01-20T14:40:49+00:00","description":"biso aquitaine propose un catalogue d'\u00e9quipements et de mat\u00e9riels innovants pour l'am\u00e9lioration des conditions de travail dans le domaine de l'hygi\u00e8ne.","inLanguage":"fr-FR","potentialAction":[{"@type":"ReadAction","target":["https:\/\/www.biso-aquitaine.fr\/"]}]},{"@type":"ImageObject","inLanguage":"fr-FR","@id":"https:\/\/www.biso-aquitaine.fr\/#primaryimage","url":"https:\/\/www.biso-aquitaine.fr\/wp-content\/uploads\/2021\/05\/en-tete-site-internet-2.png","contentUrl":"https:\/\/www.biso-aquitaine.fr\/wp-content\/uploads\/2021\/05\/en-tete-site-internet-2.png","width":1600,"height":430},{"@type":"WebSite","@id":"https:\/\/www.biso-aquitaine.fr\/#website","url":"https:\/\/www.biso-aquitaine.fr\/","name":"","description":"","potentialAction":[{"@type":"SearchAction","target":{"@type":"EntryPoint","urlTemplate":"https:\/\/www.biso-aquitaine.fr\/?s={search_term_string}"},"query-input":{"@type":"PropertyValueSpecification","valueRequired":true,"valueName":"search_term_string"}}],"inLanguage":"fr-FR"}]}},"_links":{"self":[{"href":"https:\/\/www.biso-aquitaine.fr\/index.php\/wp-json\/wp\/v2\/pages\/71","targetHints":{"allow":["GET"]}}],"collection":[{"href":"https:\/\/www.biso-aquitaine.fr\/index.php\/wp-json\/wp\/v2\/pages"}],"about":[{"href":"https:\/\/www.biso-aquitaine.fr\/index.php\/wp-json\/wp\/v2\/types\/page"}],"author":[{"embeddable":true,"href":"https:\/\/www.biso-aquitaine.fr\/index.php\/wp-json\/wp\/v2\/users\/2"}],"replies":[{"embeddable":true,"href":"https:\/\/www.biso-aquitaine.fr\/index.php\/wp-json\/wp\/v2\/comments?post=71"}],"version-history":[{"count":95,"href":"https:\/\/www.biso-aquitaine.fr\/index.php\/wp-json\/wp\/v2\/pages\/71\/revisions"}],"predecessor-version":[{"id":3160,"href":"https:\/\/www.biso-aquitaine.fr\/index.php\/wp-json\/wp\/v2\/pages\/71\/revisions\/3160"}],"wp:attachment":[{"href":"https:\/\/www.biso-aquitaine.fr\/index.php\/wp-json\/wp\/v2\/media?parent=71"}],"curies":[{"name":"wp","href":"https:\/\/api.w.org\/{rel}","templated":true}]}}