{"id":918,"date":"2017-10-06T16:02:54","date_gmt":"2017-10-06T14:02:54","guid":{"rendered":"http:\/\/www.biso.fr\/?page_id=918"},"modified":"2018-10-08T11:19:20","modified_gmt":"2018-10-08T09:19:20","slug":"kaifly-2","status":"publish","type":"page","link":"https:\/\/www.biso-aquitaine.fr\/index.php\/kaifly-2\/","title":{"rendered":"KAIFLY"},"content":{"rendered":"\t\t<div data-elementor-type=\"wp-post\" data-elementor-id=\"918\" class=\"elementor elementor-918 elementor-bc-flex-widget\">\n\t\t\t\t\t\t<section class=\"elementor-section elementor-top-section elementor-element elementor-element-nhvbloi elementor-section-boxed elementor-section-height-default elementor-section-height-default\" data-id=\"nhvbloi\" data-element_type=\"section\">\n\t\t\t\t\t\t<div class=\"elementor-container elementor-column-gap-default\">\n\t\t\t\t\t<div class=\"elementor-column elementor-col-100 elementor-top-column elementor-element elementor-element-kogocbz\" data-id=\"kogocbz\" data-element_type=\"column\">\n\t\t\t<div class=\"elementor-widget-wrap elementor-element-populated\">\n\t\t\t\t\t\t<div class=\"elementor-element elementor-element-z45n6tp elementor-widget elementor-widget-image\" data-id=\"z45n6tp\" data-element_type=\"widget\" data-widget_type=\"image.default\">\n\t\t\t\t<div class=\"elementor-widget-container\">\n\t\t\t\t\t\t\t\t\t\t\t\t\t\t\t<img decoding=\"async\" width=\"150\" height=\"150\" src=\"https:\/\/www.biso-aquitaine.fr\/wp-content\/uploads\/2017\/09\/2c0d4f_3acac73073f8486b83c5483e7a49aaabmv2_d_1879_1921_s_2-150x150.jpg\" class=\"attachment-thumbnail size-thumbnail wp-image-157\" alt=\"KAIVAC - distributeur - apfn hygi\u00e8ne\" \/>\t\t\t\t\t\t\t\t\t\t\t\t\t\t\t<\/div>\n\t\t\t\t<\/div>\n\t\t\t\t<div class=\"elementor-element elementor-element-8pfo8ej elementor-widget elementor-widget-heading\" data-id=\"8pfo8ej\" data-element_type=\"widget\" data-widget_type=\"heading.default\">\n\t\t\t\t<div class=\"elementor-widget-container\">\n\t\t\t\t\t<h2 class=\"elementor-heading-title elementor-size-default\">KAIFLY : une solution de nettoyage pour r\u00e9duire les TMS<\/h2>\t\t\t\t<\/div>\n\t\t\t\t<\/div>\n\t\t\t\t<div class=\"elementor-element elementor-element-dd4e0ca elementor-widget elementor-widget-text-editor\" data-id=\"dd4e0ca\" data-element_type=\"widget\" data-widget_type=\"text-editor.default\">\n\t\t\t\t<div class=\"elementor-widget-container\">\n\t\t\t\t\t\t\t\t\t<p><span style=\"letter-spacing: 0.2px;\">Le syst\u00e8me KAIFLY combine les technologies de la microfibre, de la raclette \u00e0 vitre et d&rsquo;injection chimique pour \u00e9liminer rapidement les biopolluants pr\u00e9sents sur les surfaces.\u00a0<\/span><span style=\"letter-spacing: 0.2px;\">Con\u00e7u de fa\u00e7on ergonomique, le KaiFly permet de nettoyer toutes les surfaces planes en r\u00e9duisant le risque de TMS.<\/span><\/p><p style=\"margin-bottom: 20px;\">Lors d&rsquo;essais men\u00e9s par un laboratoire ind\u00e9pendant accr\u00e9dit\u00e9 par NELAP, le syst\u00e8me a \u00e9limin\u00e9 plus de 99.9 % des bact\u00e9ries cibl\u00e9es lorqu&rsquo;il \u00e9tait utilis\u00e9 avec de l&rsquo;eau pure.\u00a0<\/p>\t\t\t\t\t\t\t\t<\/div>\n\t\t\t\t<\/div>\n\t\t\t\t\t<\/div>\n\t\t<\/div>\n\t\t\t\t\t<\/div>\n\t\t<\/section>\n\t\t\t\t<section class=\"elementor-section elementor-top-section elementor-element elementor-element-qanql5s elementor-section-boxed elementor-section-height-default elementor-section-height-default\" data-id=\"qanql5s\" data-element_type=\"section\">\n\t\t\t\t\t\t<div class=\"elementor-container elementor-column-gap-default\">\n\t\t\t\t\t<div class=\"elementor-column elementor-col-50 elementor-top-column elementor-element elementor-element-94ccf88\" data-id=\"94ccf88\" data-element_type=\"column\">\n\t\t\t<div class=\"elementor-widget-wrap elementor-element-populated\">\n\t\t\t\t\t\t<div class=\"elementor-element elementor-element-aan9nl9 elementor-widget elementor-widget-image\" data-id=\"aan9nl9\" data-element_type=\"widget\" data-widget_type=\"image.default\">\n\t\t\t\t<div class=\"elementor-widget-container\">\n\t\t\t\t\t\t\t\t\t\t\t\t\t\t\t<img decoding=\"async\" width=\"190\" height=\"217\" src=\"https:\/\/www.biso-aquitaine.fr\/wp-content\/uploads\/2017\/10\/kaifly.jpg\" class=\"attachment-large size-large wp-image-919\" alt=\"kaifly - kaivac -distributeur -apfn hygi\u00e8ne\" \/>\t\t\t\t\t\t\t\t\t\t\t\t\t\t\t<\/div>\n\t\t\t\t<\/div>\n\t\t\t\t\t<\/div>\n\t\t<\/div>\n\t\t\t\t<div class=\"elementor-column elementor-col-50 elementor-top-column elementor-element elementor-element-mfvhcts\" data-id=\"mfvhcts\" data-element_type=\"column\">\n\t\t\t<div class=\"elementor-widget-wrap elementor-element-populated\">\n\t\t\t\t\t\t<div class=\"elementor-element elementor-element-96zd2h7 elementor-widget elementor-widget-text-editor\" data-id=\"96zd2h7\" data-element_type=\"widget\" data-widget_type=\"text-editor.default\">\n\t\t\t\t<div class=\"elementor-widget-container\">\n\t\t\t\t\t\t\t\t\t<p>La pulv\u00e9risation de produit de nettoyage directement sur la microfibre permet une application plus rapide et plus uniforme sur les surfaces. La raclette finit ensuite le travail en s\u00e9chant la surface nettoy\u00e9e et en \u00e9vitant les contaminations crois\u00e9es. KaiFly \u00e9limine \u00e9galement le mouvement de lavage circulaire g\u00e9n\u00e9ralement utilis\u00e9 avec les m\u00e9thodes traditionnelles. <\/p>\t\t\t\t\t\t\t\t<\/div>\n\t\t\t\t<\/div>\n\t\t\t\t\t<\/div>\n\t\t<\/div>\n\t\t\t\t\t<\/div>\n\t\t<\/section>\n\t\t\t\t<section class=\"elementor-section elementor-top-section elementor-element elementor-element-4c79q7c elementor-section-boxed elementor-section-height-default elementor-section-height-default\" data-id=\"4c79q7c\" data-element_type=\"section\">\n\t\t\t\t\t\t<div class=\"elementor-container elementor-column-gap-default\">\n\t\t\t\t\t<div class=\"elementor-column elementor-col-100 elementor-top-column elementor-element elementor-element-cnfnsn0\" data-id=\"cnfnsn0\" data-element_type=\"column\">\n\t\t\t<div class=\"elementor-widget-wrap elementor-element-populated\">\n\t\t\t\t\t\t<div class=\"elementor-element elementor-element-zqz5733 elementor-widget elementor-widget-video\" data-id=\"zqz5733\" data-element_type=\"widget\" data-settings=\"{&quot;autoplay&quot;:&quot;yes&quot;,&quot;youtube_url&quot;:&quot;https:\\\/\\\/www.youtube.com\\\/watch?v=V1X3TLxg8Mk&quot;,&quot;video_type&quot;:&quot;youtube&quot;,&quot;controls&quot;:&quot;yes&quot;}\" data-widget_type=\"video.default\">\n\t\t\t\t<div class=\"elementor-widget-container\">\n\t\t\t\t\t\t\t<div class=\"elementor-wrapper elementor-open-inline\">\n\t\t\t<div class=\"elementor-video\"><\/div>\t\t<\/div>\n\t\t\t\t\t\t<\/div>\n\t\t\t\t<\/div>\n\t\t\t\t\t<\/div>\n\t\t<\/div>\n\t\t\t\t\t<\/div>\n\t\t<\/section>\n\t\t\t\t<section class=\"elementor-section elementor-top-section elementor-element elementor-element-0bedt1e elementor-section-boxed elementor-section-height-default elementor-section-height-default\" data-id=\"0bedt1e\" data-element_type=\"section\">\n\t\t\t\t\t\t<div class=\"elementor-container elementor-column-gap-default\">\n\t\t\t\t\t<div class=\"elementor-column elementor-col-100 elementor-top-column elementor-element elementor-element-sh78c8c\" data-id=\"sh78c8c\" data-element_type=\"column\">\n\t\t\t<div class=\"elementor-widget-wrap elementor-element-populated\">\n\t\t\t\t\t\t<div class=\"elementor-element elementor-element-f3wqysc elementor-widget elementor-widget-heading\" data-id=\"f3wqysc\" data-element_type=\"widget\" data-widget_type=\"heading.default\">\n\t\t\t\t<div class=\"elementor-widget-container\">\n\t\t\t\t\t<h2 class=\"elementor-heading-title elementor-size-default\">Les points forts<\/h2>\t\t\t\t<\/div>\n\t\t\t\t<\/div>\n\t\t\t\t<div class=\"elementor-element elementor-element-pz3bgto elementor-widget elementor-widget-text-editor\" data-id=\"pz3bgto\" data-element_type=\"widget\" data-widget_type=\"text-editor.default\">\n\t\t\t\t<div class=\"elementor-widget-container\">\n\t\t\t\t\t\t\t\t\t<ul><li>R\u00e9duit le risque de maladie en \u00e9liminant 80 fois plus de bact\u00e9ries que les m\u00e9thodes classiques.<\/li><li>Maintient la m\u00eame efficacit\u00e9 de nettoyage.<\/li><li>Con\u00e7u de fa\u00e7on ergonomique pour soulager la pression sur le dos et les \u00e9paules des op\u00e9rateurs.<\/li><li>Augmente la productivit\u00e9 des op\u00e9rateurs.<\/li><\/ul>\t\t\t\t\t\t\t\t<\/div>\n\t\t\t\t<\/div>\n\t\t\t\t\t<\/div>\n\t\t<\/div>\n\t\t\t\t\t<\/div>\n\t\t<\/section>\n\t\t\t\t<\/div>\n\t\t","protected":false},"excerpt":{"rendered":"<div class=\"slide-text-bg2\"><span>KAIFLY : une solution de nettoyage pour r\u00e9duire les TMS Le syst\u00e8me KAIFLY combine les technologies de la microfibre, de la raclette \u00e0 vitre et d&rsquo;i<\/span><\/div>\n<div class=\"slide-btn-area-sm\"><a href=\"https:\/\/www.biso-aquitaine.fr\/index.php\/kaifly-2\/\" class=\"slide-btn-sm\">Lire la suite<\/a><\/div>\n","protected":false},"author":2,"featured_media":0,"parent":0,"menu_order":0,"comment_status":"closed","ping_status":"closed","template":"","meta":{"footnotes":""},"class_list":["post-918","page","type-page","status-publish","hentry"],"yoast_head":"<!-- This site is optimized with the Yoast SEO plugin v26.8 - https:\/\/yoast.com\/product\/yoast-seo-wordpress\/ -->\n<title>KAIFLY - solution de nettoyage - distributeur -apfn hygi\u00e8ne<\/title>\n<meta name=\"description\" content=\"Con\u00e7u de fa\u00e7on ergonomique, le KAIFly permets de nettoyer toutes les surfaces planes en r\u00e9duisant le risque de TMS et la contamination crois\u00e9e.\" \/>\n<meta name=\"robots\" content=\"index, follow, max-snippet:-1, max-image-preview:large, max-video-preview:-1\" \/>\n<link rel=\"canonical\" href=\"https:\/\/www.biso-aquitaine.fr\/index.php\/kaifly-2\/\" \/>\n<meta property=\"og:locale\" content=\"fr_FR\" \/>\n<meta property=\"og:type\" content=\"article\" \/>\n<meta property=\"og:title\" content=\"KAIFLY - solution de nettoyage - distributeur -apfn hygi\u00e8ne\" \/>\n<meta property=\"og:description\" content=\"Con\u00e7u de fa\u00e7on ergonomique, le KAIFly permets de nettoyer toutes les surfaces planes en r\u00e9duisant le risque de TMS et la contamination crois\u00e9e.\" \/>\n<meta property=\"og:url\" content=\"https:\/\/www.biso-aquitaine.fr\/index.php\/kaifly-2\/\" \/>\n<meta property=\"article:publisher\" content=\"https:\/\/www.facebook.com\/apfn-hygi%c3%a8ne-145838925596381\/?ref=bookmarks\" \/>\n<meta property=\"article:modified_time\" content=\"2018-10-08T09:19:20+00:00\" \/>\n<meta property=\"og:image\" content=\"http:\/\/www.biso.fr\/wp-content\/uploads\/2017\/09\/2c0d4f_3acac73073f8486b83c5483e7a49aaabmv2_d_1879_1921_s_2-150x150.jpg\" \/>\n<meta name=\"twitter:card\" content=\"summary_large_image\" \/>\n<meta name=\"twitter:label1\" content=\"Dur\u00e9e de lecture estim\u00e9e\" \/>\n\t<meta name=\"twitter:data1\" content=\"1 minute\" \/>\n<script type=\"application\/ld+json\" class=\"yoast-schema-graph\">{\"@context\":\"https:\/\/schema.org\",\"@graph\":[{\"@type\":\"WebPage\",\"@id\":\"https:\/\/www.biso-aquitaine.fr\/index.php\/kaifly-2\/\",\"url\":\"https:\/\/www.biso-aquitaine.fr\/index.php\/kaifly-2\/\",\"name\":\"KAIFLY - solution de nettoyage - distributeur -apfn hygi\u00e8ne\",\"isPartOf\":{\"@id\":\"https:\/\/www.biso-aquitaine.fr\/#website\"},\"primaryImageOfPage\":{\"@id\":\"https:\/\/www.biso-aquitaine.fr\/index.php\/kaifly-2\/#primaryimage\"},\"image\":{\"@id\":\"https:\/\/www.biso-aquitaine.fr\/index.php\/kaifly-2\/#primaryimage\"},\"thumbnailUrl\":\"http:\/\/www.biso.fr\/wp-content\/uploads\/2017\/09\/2c0d4f_3acac73073f8486b83c5483e7a49aaabmv2_d_1879_1921_s_2-150x150.jpg\",\"datePublished\":\"2017-10-06T14:02:54+00:00\",\"dateModified\":\"2018-10-08T09:19:20+00:00\",\"description\":\"Con\u00e7u de fa\u00e7on ergonomique, le KAIFly permets de nettoyer toutes les surfaces planes en r\u00e9duisant le risque de TMS et la contamination crois\u00e9e.\",\"inLanguage\":\"fr-FR\",\"potentialAction\":[{\"@type\":\"ReadAction\",\"target\":[\"https:\/\/www.biso-aquitaine.fr\/index.php\/kaifly-2\/\"]}]},{\"@type\":\"ImageObject\",\"inLanguage\":\"fr-FR\",\"@id\":\"https:\/\/www.biso-aquitaine.fr\/index.php\/kaifly-2\/#primaryimage\",\"url\":\"http:\/\/www.biso.fr\/wp-content\/uploads\/2017\/09\/2c0d4f_3acac73073f8486b83c5483e7a49aaabmv2_d_1879_1921_s_2-150x150.jpg\",\"contentUrl\":\"http:\/\/www.biso.fr\/wp-content\/uploads\/2017\/09\/2c0d4f_3acac73073f8486b83c5483e7a49aaabmv2_d_1879_1921_s_2-150x150.jpg\"},{\"@type\":\"WebSite\",\"@id\":\"https:\/\/www.biso-aquitaine.fr\/#website\",\"url\":\"https:\/\/www.biso-aquitaine.fr\/\",\"name\":\"\",\"description\":\"\",\"potentialAction\":[{\"@type\":\"SearchAction\",\"target\":{\"@type\":\"EntryPoint\",\"urlTemplate\":\"https:\/\/www.biso-aquitaine.fr\/?s={search_term_string}\"},\"query-input\":{\"@type\":\"PropertyValueSpecification\",\"valueRequired\":true,\"valueName\":\"search_term_string\"}}],\"inLanguage\":\"fr-FR\"}]}<\/script>\n<!-- \/ Yoast SEO plugin. -->","yoast_head_json":{"title":"KAIFLY - solution de nettoyage - distributeur -apfn hygi\u00e8ne","description":"Con\u00e7u de fa\u00e7on ergonomique, le KAIFly permets de nettoyer toutes les surfaces planes en r\u00e9duisant le risque de TMS et la contamination crois\u00e9e.","robots":{"index":"index","follow":"follow","max-snippet":"max-snippet:-1","max-image-preview":"max-image-preview:large","max-video-preview":"max-video-preview:-1"},"canonical":"https:\/\/www.biso-aquitaine.fr\/index.php\/kaifly-2\/","og_locale":"fr_FR","og_type":"article","og_title":"KAIFLY - solution de nettoyage - distributeur -apfn hygi\u00e8ne","og_description":"Con\u00e7u de fa\u00e7on ergonomique, le KAIFly permets de nettoyer toutes les surfaces planes en r\u00e9duisant le risque de TMS et la contamination crois\u00e9e.","og_url":"https:\/\/www.biso-aquitaine.fr\/index.php\/kaifly-2\/","article_publisher":"https:\/\/www.facebook.com\/apfn-hygi%c3%a8ne-145838925596381\/?ref=bookmarks","article_modified_time":"2018-10-08T09:19:20+00:00","og_image":[{"url":"http:\/\/www.biso.fr\/wp-content\/uploads\/2017\/09\/2c0d4f_3acac73073f8486b83c5483e7a49aaabmv2_d_1879_1921_s_2-150x150.jpg","type":"","width":"","height":""}],"twitter_card":"summary_large_image","twitter_misc":{"Dur\u00e9e de lecture estim\u00e9e":"1 minute"},"schema":{"@context":"https:\/\/schema.org","@graph":[{"@type":"WebPage","@id":"https:\/\/www.biso-aquitaine.fr\/index.php\/kaifly-2\/","url":"https:\/\/www.biso-aquitaine.fr\/index.php\/kaifly-2\/","name":"KAIFLY - solution de nettoyage - distributeur -apfn hygi\u00e8ne","isPartOf":{"@id":"https:\/\/www.biso-aquitaine.fr\/#website"},"primaryImageOfPage":{"@id":"https:\/\/www.biso-aquitaine.fr\/index.php\/kaifly-2\/#primaryimage"},"image":{"@id":"https:\/\/www.biso-aquitaine.fr\/index.php\/kaifly-2\/#primaryimage"},"thumbnailUrl":"http:\/\/www.biso.fr\/wp-content\/uploads\/2017\/09\/2c0d4f_3acac73073f8486b83c5483e7a49aaabmv2_d_1879_1921_s_2-150x150.jpg","datePublished":"2017-10-06T14:02:54+00:00","dateModified":"2018-10-08T09:19:20+00:00","description":"Con\u00e7u de fa\u00e7on ergonomique, le KAIFly permets de nettoyer toutes les surfaces planes en r\u00e9duisant le risque de TMS et la contamination crois\u00e9e.","inLanguage":"fr-FR","potentialAction":[{"@type":"ReadAction","target":["https:\/\/www.biso-aquitaine.fr\/index.php\/kaifly-2\/"]}]},{"@type":"ImageObject","inLanguage":"fr-FR","@id":"https:\/\/www.biso-aquitaine.fr\/index.php\/kaifly-2\/#primaryimage","url":"http:\/\/www.biso.fr\/wp-content\/uploads\/2017\/09\/2c0d4f_3acac73073f8486b83c5483e7a49aaabmv2_d_1879_1921_s_2-150x150.jpg","contentUrl":"http:\/\/www.biso.fr\/wp-content\/uploads\/2017\/09\/2c0d4f_3acac73073f8486b83c5483e7a49aaabmv2_d_1879_1921_s_2-150x150.jpg"},{"@type":"WebSite","@id":"https:\/\/www.biso-aquitaine.fr\/#website","url":"https:\/\/www.biso-aquitaine.fr\/","name":"","description":"","potentialAction":[{"@type":"SearchAction","target":{"@type":"EntryPoint","urlTemplate":"https:\/\/www.biso-aquitaine.fr\/?s={search_term_string}"},"query-input":{"@type":"PropertyValueSpecification","valueRequired":true,"valueName":"search_term_string"}}],"inLanguage":"fr-FR"}]}},"_links":{"self":[{"href":"https:\/\/www.biso-aquitaine.fr\/index.php\/wp-json\/wp\/v2\/pages\/918","targetHints":{"allow":["GET"]}}],"collection":[{"href":"https:\/\/www.biso-aquitaine.fr\/index.php\/wp-json\/wp\/v2\/pages"}],"about":[{"href":"https:\/\/www.biso-aquitaine.fr\/index.php\/wp-json\/wp\/v2\/types\/page"}],"author":[{"embeddable":true,"href":"https:\/\/www.biso-aquitaine.fr\/index.php\/wp-json\/wp\/v2\/users\/2"}],"replies":[{"embeddable":true,"href":"https:\/\/www.biso-aquitaine.fr\/index.php\/wp-json\/wp\/v2\/comments?post=918"}],"version-history":[{"count":6,"href":"https:\/\/www.biso-aquitaine.fr\/index.php\/wp-json\/wp\/v2\/pages\/918\/revisions"}],"predecessor-version":[{"id":1534,"href":"https:\/\/www.biso-aquitaine.fr\/index.php\/wp-json\/wp\/v2\/pages\/918\/revisions\/1534"}],"wp:attachment":[{"href":"https:\/\/www.biso-aquitaine.fr\/index.php\/wp-json\/wp\/v2\/media?parent=918"}],"curies":[{"name":"wp","href":"https:\/\/api.w.org\/{rel}","templated":true}]}}