{"id":995,"date":"2017-10-10T17:03:16","date_gmt":"2017-10-10T15:03:16","guid":{"rendered":"http:\/\/www.biso.fr\/?page_id=995"},"modified":"2023-06-19T16:21:22","modified_gmt":"2023-06-19T14:21:22","slug":"system-ren","status":"publish","type":"page","link":"https:\/\/www.biso-aquitaine.fr\/index.php\/system-ren\/","title":{"rendered":"SYSTEM REN"},"content":{"rendered":"\t\t<div data-elementor-type=\"wp-post\" data-elementor-id=\"995\" class=\"elementor elementor-995\">\n\t\t\t\t\t\t<section class=\"elementor-section elementor-top-section elementor-element elementor-element-fzroslh elementor-section-boxed elementor-section-height-default elementor-section-height-default\" data-id=\"fzroslh\" data-element_type=\"section\">\n\t\t\t\t\t\t<div class=\"elementor-container elementor-column-gap-default\">\n\t\t\t\t\t<div class=\"elementor-column elementor-col-100 elementor-top-column elementor-element elementor-element-muwexpc\" data-id=\"muwexpc\" data-element_type=\"column\">\n\t\t\t<div class=\"elementor-widget-wrap elementor-element-populated\">\n\t\t\t\t\t\t<div class=\"elementor-element elementor-element-toft6k3 elementor-widget elementor-widget-heading\" data-id=\"toft6k3\" data-element_type=\"widget\" data-widget_type=\"heading.default\">\n\t\t\t\t<div class=\"elementor-widget-container\">\n\t\t\t\t\t<h2 class=\"elementor-heading-title elementor-size-default\">Le syst\u00e8me REN : une solution innovante pour maintenir les escalators propres <\/h2>\t\t\t\t<\/div>\n\t\t\t\t<\/div>\n\t\t\t\t<div class=\"elementor-element elementor-element-dwp9df2 elementor-widget elementor-widget-video\" data-id=\"dwp9df2\" data-element_type=\"widget\" data-settings=\"{&quot;autoplay&quot;:&quot;yes&quot;,&quot;youtube_url&quot;:&quot;https:\\\/\\\/www.youtube.com\\\/watch?v=PeTJpVWY1hc&amp;feature=youtu.be&quot;,&quot;video_type&quot;:&quot;youtube&quot;,&quot;controls&quot;:&quot;yes&quot;}\" data-widget_type=\"video.default\">\n\t\t\t\t<div class=\"elementor-widget-container\">\n\t\t\t\t\t\t\t<div class=\"elementor-wrapper elementor-open-inline\">\n\t\t\t<div class=\"elementor-video\"><\/div>\t\t<\/div>\n\t\t\t\t\t\t<\/div>\n\t\t\t\t<\/div>\n\t\t\t\t<div class=\"elementor-element elementor-element-drty83c elementor-widget elementor-widget-text-editor\" data-id=\"drty83c\" data-element_type=\"widget\" data-widget_type=\"text-editor.default\">\n\t\t\t\t<div class=\"elementor-widget-container\">\n\t\t\t\t\t\t\t\t\t<p>Ren est une innovation r\u00e9cente apparue aux Etats-Unis et en cours de d\u00e9ploiement dans de nombreux pays. L\u2019introduction en France a d\u00e9j\u00e0 permis une mise en place dans les a\u00e9roports parisiens, des gares, des mus\u00e9es et centres commerciaux.<\/p><p>Le syst\u00e8me Ren a \u00e9t\u00e9 sp\u00e9cialement con\u00e7u pour maintenir les escalators propres sur la dur\u00e9e. Il consiste en un nettoyage p\u00e9riodique \u00e0 la fois tr\u00e8s simple et efficace. Il \u00e9vite le recours \u00e0 des machines complexes tout en apportant de meilleurs r\u00e9sultats<\/p>\t\t\t\t\t\t\t\t<\/div>\n\t\t\t\t<\/div>\n\t\t\t\t\t<\/div>\n\t\t<\/div>\n\t\t\t\t\t<\/div>\n\t\t<\/section>\n\t\t\t\t<section class=\"elementor-section elementor-top-section elementor-element elementor-element-hrbb9cb elementor-section-boxed elementor-section-height-default elementor-section-height-default\" data-id=\"hrbb9cb\" data-element_type=\"section\">\n\t\t\t\t\t\t<div class=\"elementor-container elementor-column-gap-default\">\n\t\t\t\t\t<div class=\"elementor-column elementor-col-50 elementor-top-column elementor-element elementor-element-4ddyvam\" data-id=\"4ddyvam\" data-element_type=\"column\">\n\t\t\t<div class=\"elementor-widget-wrap elementor-element-populated\">\n\t\t\t\t\t\t<div class=\"elementor-element elementor-element-ws5686y elementor-widget elementor-widget-image\" data-id=\"ws5686y\" data-element_type=\"widget\" data-widget_type=\"image.default\">\n\t\t\t\t<div class=\"elementor-widget-container\">\n\t\t\t\t\t\t\t\t\t\t\t\t\t\t\t<img fetchpriority=\"high\" decoding=\"async\" width=\"329\" height=\"295\" src=\"https:\/\/www.biso-aquitaine.fr\/wp-content\/uploads\/2017\/10\/af910e75313223ece7dfdb2cb212a638.jpg\" class=\"attachment-large size-large wp-image-998\" alt=\"nettoyage des escalators - REN - distributeur -apfn hygi\u00e8ne\" srcset=\"https:\/\/www.biso-aquitaine.fr\/wp-content\/uploads\/2017\/10\/af910e75313223ece7dfdb2cb212a638.jpg 329w, https:\/\/www.biso-aquitaine.fr\/wp-content\/uploads\/2017\/10\/af910e75313223ece7dfdb2cb212a638-300x269.jpg 300w\" sizes=\"(max-width: 329px) 100vw, 329px\" \/>\t\t\t\t\t\t\t\t\t\t\t\t\t\t\t<\/div>\n\t\t\t\t<\/div>\n\t\t\t\t\t<\/div>\n\t\t<\/div>\n\t\t\t\t<div class=\"elementor-column elementor-col-50 elementor-top-column elementor-element elementor-element-cczd76o\" data-id=\"cczd76o\" data-element_type=\"column\">\n\t\t\t<div class=\"elementor-widget-wrap elementor-element-populated\">\n\t\t\t\t\t\t<div class=\"elementor-element elementor-element-hwdicv4 elementor-widget elementor-widget-image\" data-id=\"hwdicv4\" data-element_type=\"widget\" data-widget_type=\"image.default\">\n\t\t\t\t<div class=\"elementor-widget-container\">\n\t\t\t\t\t\t\t\t\t\t\t\t\t\t\t<img decoding=\"async\" width=\"291\" height=\"287\" src=\"https:\/\/www.biso-aquitaine.fr\/wp-content\/uploads\/2017\/10\/2d26aa544ad00b282e58feeef9e6aff0.png\" class=\"attachment-large size-large wp-image-996\" alt=\"nettoyage des escalators - REN - distributeur -apfn hygi\u00e8ne\" \/>\t\t\t\t\t\t\t\t\t\t\t\t\t\t\t<\/div>\n\t\t\t\t<\/div>\n\t\t\t\t\t<\/div>\n\t\t<\/div>\n\t\t\t\t\t<\/div>\n\t\t<\/section>\n\t\t\t\t<section class=\"elementor-section elementor-top-section elementor-element elementor-element-96ijqpi elementor-section-boxed elementor-section-height-default elementor-section-height-default\" data-id=\"96ijqpi\" data-element_type=\"section\">\n\t\t\t\t\t\t<div class=\"elementor-container elementor-column-gap-default\">\n\t\t\t\t\t<div class=\"elementor-column elementor-col-100 elementor-top-column elementor-element elementor-element-lyuzhi5\" data-id=\"lyuzhi5\" data-element_type=\"column\">\n\t\t\t<div class=\"elementor-widget-wrap elementor-element-populated\">\n\t\t\t\t\t\t<div class=\"elementor-element elementor-element-dok9q92 elementor-widget elementor-widget-spacer\" data-id=\"dok9q92\" data-element_type=\"widget\" data-widget_type=\"spacer.default\">\n\t\t\t\t<div class=\"elementor-widget-container\">\n\t\t\t\t\t\t\t<div class=\"elementor-spacer\">\n\t\t\t<div class=\"elementor-spacer-inner\"><\/div>\n\t\t<\/div>\n\t\t\t\t\t\t<\/div>\n\t\t\t\t<\/div>\n\t\t\t\t<div class=\"elementor-element elementor-element-twsh89b elementor-widget elementor-widget-heading\" data-id=\"twsh89b\" data-element_type=\"widget\" data-widget_type=\"heading.default\">\n\t\t\t\t<div class=\"elementor-widget-container\">\n\t\t\t\t\t<h2 class=\"elementor-heading-title elementor-size-default\">Les avantages du mat\u00e9riel<\/h2>\t\t\t\t<\/div>\n\t\t\t\t<\/div>\n\t\t\t\t\t<\/div>\n\t\t<\/div>\n\t\t\t\t\t<\/div>\n\t\t<\/section>\n\t\t\t\t<section class=\"elementor-section elementor-top-section elementor-element elementor-element-5vp7iis elementor-section-boxed elementor-section-height-default elementor-section-height-default\" data-id=\"5vp7iis\" data-element_type=\"section\">\n\t\t\t\t\t\t<div class=\"elementor-container elementor-column-gap-default\">\n\t\t\t\t\t<div class=\"elementor-column elementor-col-100 elementor-top-column elementor-element elementor-element-hqpkoid\" data-id=\"hqpkoid\" data-element_type=\"column\">\n\t\t\t<div class=\"elementor-widget-wrap elementor-element-populated\">\n\t\t\t\t\t\t<div class=\"elementor-element elementor-element-1jf26o6 elementor-widget elementor-widget-text-editor\" data-id=\"1jf26o6\" data-element_type=\"widget\" data-widget_type=\"text-editor.default\">\n\t\t\t\t<div class=\"elementor-widget-container\">\n\t\t\t\t\t\t\t\t\t<ul><li>5 \u00e0 10 mn par nettoyage. Pas d\u2019arr\u00eat de l\u2019escalator. Systeme facile \u00e0 transporter et \u00e0 ranger.<\/li><li>Pas de risques \u2013 biens et personnes \u2013 li\u00e9s \u00e0 l\u2019utilisation d\u2019une machine. Le produit nettoyant une fois appliqu\u00e9 est non glissant.<\/li><li>Une utilisation p\u00e9riodique permet d\u2019obtenir un maintien de la propret\u00e9 constant<\/li><li>La largeur est parfaitement adapt\u00e9e \u00e0 l\u2019escalator ce qui permet un nettoyage uniforme incluant les c\u00f4t\u00e9s, contrairement \u00e0 la plupart des machines<\/li><li>Faible investissement mat\u00e9riel et produit. Co\u00fbt par nettoyage inf\u00e9rieur \u00e0 8\u20ac (hors MO) ou 15 \u20ac (MO incluse)<\/li><li>Pas de branchements. Pas d\u2019arr\u00eat de l\u2019escalator. Un seul op\u00e9rateur. Formation des op\u00e9rateurs simple et rapide. Tache qui peut \u00eatre effectu\u00e9e par les op\u00e9rateurs habituels de nettoyage.<\/li><\/ul>\t\t\t\t\t\t\t\t<\/div>\n\t\t\t\t<\/div>\n\t\t\t\t\t<\/div>\n\t\t<\/div>\n\t\t\t\t\t<\/div>\n\t\t<\/section>\n\t\t\t\t<section class=\"elementor-section elementor-top-section elementor-element elementor-element-hqi8lf6 elementor-section-boxed elementor-section-height-default elementor-section-height-default\" data-id=\"hqi8lf6\" data-element_type=\"section\">\n\t\t\t\t\t\t<div class=\"elementor-container elementor-column-gap-default\">\n\t\t\t\t\t<div class=\"elementor-column elementor-col-100 elementor-top-column elementor-element elementor-element-fyek2yl\" data-id=\"fyek2yl\" data-element_type=\"column\">\n\t\t\t<div class=\"elementor-widget-wrap elementor-element-populated\">\n\t\t\t\t\t\t<div class=\"elementor-element elementor-element-r8h55xn elementor-widget elementor-widget-text-editor\" data-id=\"r8h55xn\" data-element_type=\"widget\" data-widget_type=\"text-editor.default\">\n\t\t\t\t<div class=\"elementor-widget-container\">\n\t\t\t\t\t\t\t\t\t<p><a href=\"https:\/\/www.biso-aquitaine.fr\/wp-content\/uploads\/2017\/10\/Systeme-Ren-v4.pdf\">Fiche produit &#8211; Syst\u00e8me REN<\/a><\/p><p><a href=\"https:\/\/www.biso-aquitaine.fr\/wp-content\/uploads\/2017\/10\/Instructions.pdf\">Manuel d&rsquo;utilisation &#8211; Syst\u00e8me Ren<\/a><\/p>\t\t\t\t\t\t\t\t<\/div>\n\t\t\t\t<\/div>\n\t\t\t\t\t<\/div>\n\t\t<\/div>\n\t\t\t\t\t<\/div>\n\t\t<\/section>\n\t\t\t\t<\/div>\n\t\t","protected":false},"excerpt":{"rendered":"<div class=\"slide-text-bg2\"><span>Le syst\u00e8me REN : une solution innovante pour maintenir les escalators propres https:\/\/www.youtube.com\/watch?v=PeTJpVWY1hc&#038;feature=youtu.be Ren est un<\/span><\/div>\n<div class=\"slide-btn-area-sm\"><a href=\"https:\/\/www.biso-aquitaine.fr\/index.php\/system-ren\/\" class=\"slide-btn-sm\">Lire la suite<\/a><\/div>\n","protected":false},"author":2,"featured_media":0,"parent":0,"menu_order":0,"comment_status":"closed","ping_status":"closed","template":"","meta":{"footnotes":""},"class_list":["post-995","page","type-page","status-publish","hentry"],"yoast_head":"<!-- This site is optimized with the Yoast SEO plugin v26.8 - https:\/\/yoast.com\/product\/yoast-seo-wordpress\/ -->\n<title>Syst\u00e8me REN- nettoyage des escalators - apfn hygi\u00e8ne<\/title>\n<meta name=\"description\" content=\"Le syst\u00e8me Ren est con\u00e7u pour maintenir les escalators propres. Il \u00e9vite le recours \u00e0 des machines complexes tout en apportant de meilleurs r\u00e9sultats.\" \/>\n<meta name=\"robots\" content=\"index, follow, max-snippet:-1, max-image-preview:large, max-video-preview:-1\" \/>\n<link rel=\"canonical\" href=\"https:\/\/www.biso-aquitaine.fr\/index.php\/system-ren\/\" \/>\n<meta property=\"og:locale\" content=\"fr_FR\" \/>\n<meta property=\"og:type\" content=\"article\" \/>\n<meta property=\"og:title\" content=\"Syst\u00e8me REN- nettoyage des escalators - apfn hygi\u00e8ne\" \/>\n<meta property=\"og:description\" content=\"Le syst\u00e8me Ren est con\u00e7u pour maintenir les escalators propres. Il \u00e9vite le recours \u00e0 des machines complexes tout en apportant de meilleurs r\u00e9sultats.\" \/>\n<meta property=\"og:url\" content=\"https:\/\/www.biso-aquitaine.fr\/index.php\/system-ren\/\" \/>\n<meta property=\"article:publisher\" content=\"https:\/\/www.facebook.com\/apfn-hygi%c3%a8ne-145838925596381\/?ref=bookmarks\" \/>\n<meta property=\"article:modified_time\" content=\"2023-06-19T14:21:22+00:00\" \/>\n<meta property=\"og:image\" content=\"https:\/\/www.biso-aquitaine.fr\/wp-content\/uploads\/2017\/10\/af910e75313223ece7dfdb2cb212a638.jpg\" \/>\n<meta name=\"twitter:card\" content=\"summary_large_image\" \/>\n<meta name=\"twitter:label1\" content=\"Dur\u00e9e de lecture estim\u00e9e\" \/>\n\t<meta name=\"twitter:data1\" content=\"2 minutes\" \/>\n<script type=\"application\/ld+json\" class=\"yoast-schema-graph\">{\"@context\":\"https:\/\/schema.org\",\"@graph\":[{\"@type\":\"WebPage\",\"@id\":\"https:\/\/www.biso-aquitaine.fr\/index.php\/system-ren\/\",\"url\":\"https:\/\/www.biso-aquitaine.fr\/index.php\/system-ren\/\",\"name\":\"Syst\u00e8me REN- nettoyage des escalators - apfn hygi\u00e8ne\",\"isPartOf\":{\"@id\":\"https:\/\/www.biso-aquitaine.fr\/#website\"},\"primaryImageOfPage\":{\"@id\":\"https:\/\/www.biso-aquitaine.fr\/index.php\/system-ren\/#primaryimage\"},\"image\":{\"@id\":\"https:\/\/www.biso-aquitaine.fr\/index.php\/system-ren\/#primaryimage\"},\"thumbnailUrl\":\"https:\/\/www.biso-aquitaine.fr\/wp-content\/uploads\/2017\/10\/af910e75313223ece7dfdb2cb212a638.jpg\",\"datePublished\":\"2017-10-10T15:03:16+00:00\",\"dateModified\":\"2023-06-19T14:21:22+00:00\",\"description\":\"Le syst\u00e8me Ren est con\u00e7u pour maintenir les escalators propres. Il \u00e9vite le recours \u00e0 des machines complexes tout en apportant de meilleurs r\u00e9sultats.\",\"inLanguage\":\"fr-FR\",\"potentialAction\":[{\"@type\":\"ReadAction\",\"target\":[\"https:\/\/www.biso-aquitaine.fr\/index.php\/system-ren\/\"]}]},{\"@type\":\"ImageObject\",\"inLanguage\":\"fr-FR\",\"@id\":\"https:\/\/www.biso-aquitaine.fr\/index.php\/system-ren\/#primaryimage\",\"url\":\"https:\/\/www.biso-aquitaine.fr\/wp-content\/uploads\/2017\/10\/af910e75313223ece7dfdb2cb212a638.jpg\",\"contentUrl\":\"https:\/\/www.biso-aquitaine.fr\/wp-content\/uploads\/2017\/10\/af910e75313223ece7dfdb2cb212a638.jpg\",\"width\":329,\"height\":295,\"caption\":\"nettoyage des escalators - REN - distributeur -apfn hygi\u00e8ne\"},{\"@type\":\"WebSite\",\"@id\":\"https:\/\/www.biso-aquitaine.fr\/#website\",\"url\":\"https:\/\/www.biso-aquitaine.fr\/\",\"name\":\"\",\"description\":\"\",\"potentialAction\":[{\"@type\":\"SearchAction\",\"target\":{\"@type\":\"EntryPoint\",\"urlTemplate\":\"https:\/\/www.biso-aquitaine.fr\/?s={search_term_string}\"},\"query-input\":{\"@type\":\"PropertyValueSpecification\",\"valueRequired\":true,\"valueName\":\"search_term_string\"}}],\"inLanguage\":\"fr-FR\"}]}<\/script>\n<!-- \/ Yoast SEO plugin. -->","yoast_head_json":{"title":"Syst\u00e8me REN- nettoyage des escalators - apfn hygi\u00e8ne","description":"Le syst\u00e8me Ren est con\u00e7u pour maintenir les escalators propres. Il \u00e9vite le recours \u00e0 des machines complexes tout en apportant de meilleurs r\u00e9sultats.","robots":{"index":"index","follow":"follow","max-snippet":"max-snippet:-1","max-image-preview":"max-image-preview:large","max-video-preview":"max-video-preview:-1"},"canonical":"https:\/\/www.biso-aquitaine.fr\/index.php\/system-ren\/","og_locale":"fr_FR","og_type":"article","og_title":"Syst\u00e8me REN- nettoyage des escalators - apfn hygi\u00e8ne","og_description":"Le syst\u00e8me Ren est con\u00e7u pour maintenir les escalators propres. Il \u00e9vite le recours \u00e0 des machines complexes tout en apportant de meilleurs r\u00e9sultats.","og_url":"https:\/\/www.biso-aquitaine.fr\/index.php\/system-ren\/","article_publisher":"https:\/\/www.facebook.com\/apfn-hygi%c3%a8ne-145838925596381\/?ref=bookmarks","article_modified_time":"2023-06-19T14:21:22+00:00","og_image":[{"url":"https:\/\/www.biso-aquitaine.fr\/wp-content\/uploads\/2017\/10\/af910e75313223ece7dfdb2cb212a638.jpg","type":"","width":"","height":""}],"twitter_card":"summary_large_image","twitter_misc":{"Dur\u00e9e de lecture estim\u00e9e":"2 minutes"},"schema":{"@context":"https:\/\/schema.org","@graph":[{"@type":"WebPage","@id":"https:\/\/www.biso-aquitaine.fr\/index.php\/system-ren\/","url":"https:\/\/www.biso-aquitaine.fr\/index.php\/system-ren\/","name":"Syst\u00e8me REN- nettoyage des escalators - apfn hygi\u00e8ne","isPartOf":{"@id":"https:\/\/www.biso-aquitaine.fr\/#website"},"primaryImageOfPage":{"@id":"https:\/\/www.biso-aquitaine.fr\/index.php\/system-ren\/#primaryimage"},"image":{"@id":"https:\/\/www.biso-aquitaine.fr\/index.php\/system-ren\/#primaryimage"},"thumbnailUrl":"https:\/\/www.biso-aquitaine.fr\/wp-content\/uploads\/2017\/10\/af910e75313223ece7dfdb2cb212a638.jpg","datePublished":"2017-10-10T15:03:16+00:00","dateModified":"2023-06-19T14:21:22+00:00","description":"Le syst\u00e8me Ren est con\u00e7u pour maintenir les escalators propres. Il \u00e9vite le recours \u00e0 des machines complexes tout en apportant de meilleurs r\u00e9sultats.","inLanguage":"fr-FR","potentialAction":[{"@type":"ReadAction","target":["https:\/\/www.biso-aquitaine.fr\/index.php\/system-ren\/"]}]},{"@type":"ImageObject","inLanguage":"fr-FR","@id":"https:\/\/www.biso-aquitaine.fr\/index.php\/system-ren\/#primaryimage","url":"https:\/\/www.biso-aquitaine.fr\/wp-content\/uploads\/2017\/10\/af910e75313223ece7dfdb2cb212a638.jpg","contentUrl":"https:\/\/www.biso-aquitaine.fr\/wp-content\/uploads\/2017\/10\/af910e75313223ece7dfdb2cb212a638.jpg","width":329,"height":295,"caption":"nettoyage des escalators - REN - distributeur -apfn hygi\u00e8ne"},{"@type":"WebSite","@id":"https:\/\/www.biso-aquitaine.fr\/#website","url":"https:\/\/www.biso-aquitaine.fr\/","name":"","description":"","potentialAction":[{"@type":"SearchAction","target":{"@type":"EntryPoint","urlTemplate":"https:\/\/www.biso-aquitaine.fr\/?s={search_term_string}"},"query-input":{"@type":"PropertyValueSpecification","valueRequired":true,"valueName":"search_term_string"}}],"inLanguage":"fr-FR"}]}},"_links":{"self":[{"href":"https:\/\/www.biso-aquitaine.fr\/index.php\/wp-json\/wp\/v2\/pages\/995","targetHints":{"allow":["GET"]}}],"collection":[{"href":"https:\/\/www.biso-aquitaine.fr\/index.php\/wp-json\/wp\/v2\/pages"}],"about":[{"href":"https:\/\/www.biso-aquitaine.fr\/index.php\/wp-json\/wp\/v2\/types\/page"}],"author":[{"embeddable":true,"href":"https:\/\/www.biso-aquitaine.fr\/index.php\/wp-json\/wp\/v2\/users\/2"}],"replies":[{"embeddable":true,"href":"https:\/\/www.biso-aquitaine.fr\/index.php\/wp-json\/wp\/v2\/comments?post=995"}],"version-history":[{"count":10,"href":"https:\/\/www.biso-aquitaine.fr\/index.php\/wp-json\/wp\/v2\/pages\/995\/revisions"}],"predecessor-version":[{"id":3306,"href":"https:\/\/www.biso-aquitaine.fr\/index.php\/wp-json\/wp\/v2\/pages\/995\/revisions\/3306"}],"wp:attachment":[{"href":"https:\/\/www.biso-aquitaine.fr\/index.php\/wp-json\/wp\/v2\/media?parent=995"}],"curies":[{"name":"wp","href":"https:\/\/api.w.org\/{rel}","templated":true}]}}